{"id":34083,"date":"2025-11-06T12:15:56","date_gmt":"2025-11-06T12:15:56","guid":{"rendered":"https:\/\/herbavitality.com\/pogosta-vprasanja\/"},"modified":"2025-11-12T20:05:47","modified_gmt":"2025-11-12T20:05:47","slug":"pogosta-vprasanja","status":"publish","type":"page","link":"https:\/\/herbavitality.com\/sl\/pogosta-vprasanja\/","title":{"rendered":"Pogosta Vpra\u0161anja"},"content":{"rendered":"\t\t<div data-elementor-type=\"wp-page\" data-elementor-id=\"34083\" class=\"elementor elementor-34083 elementor-29294\" data-elementor-post-type=\"page\">\n\t\t\t\t<div class=\"wd-negative-gap elementor-element elementor-element-1e5f035 e-flex e-con-boxed e-con e-parent\" data-id=\"1e5f035\" data-element_type=\"container\" data-e-type=\"container\">\n\t\t\t\t\t<div class=\"e-con-inner\">\n\t\t\t\t<div class=\"elementor-element elementor-element-2d75396 elementor-widget elementor-widget-html\" data-id=\"2d75396\" data-element_type=\"widget\" data-e-type=\"widget\" data-widget_type=\"html.default\">\n\t\t\t\t\t<div class=\"FAQ\">\r\n  <h2>Pogosto zastavljena vpra\u0161anja<\/h2>\r\n  <p class=\"faq-intro\">\r\n Potrebujete pomo\u010d? Oglejte si na\u0161a pogosto zastavljena vpra\u0161anja ali nas kontaktirajte na <a href=\"mailto:sales@herbavitality.com\">sales@herbavitality.com<\/a>. \r\n  <\/p>\r\n\r\n  <div class=\"faq-item\">\r\n    <button class=\"faq-question\">Kako oddam naro\u010dilo in izvedem pla\u010dilo?<\/button>\r\n    <div class=\"faq-answer\">\r\n      <p>Naro\u010dilo lahko oddate neposredno v na\u0161i spletni trgovini v razdelku trgovina. Pla\u010dilo se izvede ob dostavi z gotovino ob dostavi ali s kartico in PayPalom na na\u0161i spletni strani. <\/p>\r\n    <\/div>\r\n  <\/div>\r\n\r\n  <div class=\"faq-item\">\r\n    <button class=\"faq-question\">Kak\u0161na je cena in \u010das dostave?<\/button>\r\n    <div class=\"faq-answer\">\r\n      <p>Dostava je brezpla\u010dna za naro\u010dila nad 40 EUR in 4,99 EUR. Po naro\u010dilu vam bodo izdelki dostavljeni v 1\u20133 delovnih dneh. <\/p>\r\n    <\/div>\r\n  <\/div>\r\n\r\n  <div class=\"faq-item\">\r\n    <button class=\"faq-question\">Ali lahko vrnem izdelke?<\/button>\r\n    <div class=\"faq-answer\">\r\n      <p>Izdelke lahko vrnete v 14 dneh od datuma prejema, pod pogojem, da niso bili uporabljeni. Odviti promocijski paketi ali le del njih niso predmet vra\u010dila. Zahtevo za vra\u010dilo lahko oddate tako, da po\u0161ljete e-po\u0161to na <a href=\"mailto:sales@herbavitality.com\">sales@herbavitality.com<\/a>.  <\/p>\r\n    <\/div>\r\n  <\/div>\r\n\r\n  <div class=\"faq-item\">\r\n    <button class=\"faq-question\">Ali obstajajo stranski u\u010dinki?<\/button>\r\n    <div class=\"faq-answer\">\r\n      <p>Ker so na\u0161i izdelki rastlinskega izvora in naravno pridobljeni, obi\u010dajno nimajo stranskih u\u010dinkov. Vendar pa se morajo osebe z alergijami, nose\u010dnice, doje\u010de matere ali tisti, ki so pod zdravni\u0161kim nadzorom, posvetovati s svojim zdravnikom. <\/p>\r\n    <\/div>\r\n  <\/div>\r\n\r\n  <div class=\"faq-item\">\r\n    <button class=\"faq-question\">Kako dolgo naj uporabljam izdelek, da vidim rezultate?<\/button>\r\n    <div class=\"faq-answer\">\r\n      <p>Rezultati se razlikujejo od posameznika do posameznika. Klju\u010dna je dosledna uporaba v skladu s priporo\u010denim odmerkom. Priporo\u010dljivo je, da izdelek uporabljate 1\u20133 mesece, da v celoti ocenite njegovo u\u010dinkovitost.  <\/p>\r\n    <\/div>\r\n  <\/div>\r\n\r\n  <div class=\"faq-item\">\r\n    <button class=\"faq-question\">Kaj lo\u010di HerbaVitality od drugih blagovnih znamk?<\/button>\r\n    <div class=\"faq-answer\">\r\n      <p>HerbaVitality se osredoto\u010da na posebej razvite formule z vi\u0161jo koncentracijo klju\u010dnih aktivnih sestavin. Na\u0161i izdelki so popolnoma naravni, veganski in ustvarjeni s strani strokovnjakov z ve\u010d kot 20-letnimi izku\u0161njami. <\/p>\r\n    <\/div>\r\n  <\/div>\r\n\r\n  <div class=\"faq-item\">\r\n    <button class=\"faq-question\">Kako vem, kateri izdelek HerbaVitality je pravi zame?<\/button>\r\n    <div class=\"faq-answer\">\r\n      <p>Na\u0161e spletno mesto ponuja podrobne informacije o prednostih in sestavinah vsakega izdelka. \u010ce potrebujete osebno pomo\u010d, se obrnite na na\u0161o ekipo. <\/p>\r\n    <\/div>\r\n  <\/div>\r\n\r\n  <div class=\"faq-item\">\r\n    <button class=\"faq-question\">Ali lahko jemljem prehranska dopolnila HerbaVitality z drugimi zdravili?<\/button>\r\n    <div class=\"faq-answer\">\r\n      <p>\u010ceprav so na\u0161i izdelki naravni, se je vedno najbolje posvetovati s strokovnjakom, da se prepri\u010date, da ni interakcij z va\u0161imi trenutnimi zdravili.<\/p>\r\n    <\/div>\r\n  <\/div>\r\n\r\n  <div class=\"faq-item\">\r\n    <button class=\"faq-question\">Kako uporabljam prehranska dopolnila HerbaVitality?<\/button>\r\n    <div class=\"faq-answer\">\r\n      <p>Vsak izdelek je dobavljen s posebnimi navodili za uporabo. Te informacije najdete tudi na na\u0161i spletni strani pod opisom izdelka. <\/p>\r\n    <\/div>\r\n  <\/div>\r\n\r\n  <div class=\"faq-item\">\r\n    <button class=\"faq-question\">Zakaj nas boste imeli radi?<\/button>\r\n    <div class=\"faq-answer\">\r\n      <p>Zeli\u0161\u010da, vitamine in minerale naredimo preproste.<\/p>\r\n    <\/div>\r\n  <\/div>\r\n<\/div>\t\t\t\t<\/div>\n\t\t\t\t\t<\/div>\n\t\t\t\t<\/div>\n\t\t\t\t<\/div>\n\t\t","protected":false},"excerpt":{"rendered":"<p>Pogosto zastavljena vpra\u0161anja Potrebujete pomo\u010d? Oglejte si na\u0161a pogosto zastavljena vpra\u0161anja ali nas kontaktirajte na sales@herbavitality.com. Kako oddam naro\u010dilo in<\/p>\n","protected":false},"author":1,"featured_media":0,"parent":0,"menu_order":0,"comment_status":"closed","ping_status":"closed","template":"","meta":{"footnotes":""},"class_list":["post-34083","page","type-page","status-publish","hentry"],"_links":{"self":[{"href":"https:\/\/herbavitality.com\/sl\/wp-json\/wp\/v2\/pages\/34083","targetHints":{"allow":["GET"]}}],"collection":[{"href":"https:\/\/herbavitality.com\/sl\/wp-json\/wp\/v2\/pages"}],"about":[{"href":"https:\/\/herbavitality.com\/sl\/wp-json\/wp\/v2\/types\/page"}],"author":[{"embeddable":true,"href":"https:\/\/herbavitality.com\/sl\/wp-json\/wp\/v2\/users\/1"}],"replies":[{"embeddable":true,"href":"https:\/\/herbavitality.com\/sl\/wp-json\/wp\/v2\/comments?post=34083"}],"version-history":[{"count":1,"href":"https:\/\/herbavitality.com\/sl\/wp-json\/wp\/v2\/pages\/34083\/revisions"}],"predecessor-version":[{"id":34084,"href":"https:\/\/herbavitality.com\/sl\/wp-json\/wp\/v2\/pages\/34083\/revisions\/34084"}],"wp:attachment":[{"href":"https:\/\/herbavitality.com\/sl\/wp-json\/wp\/v2\/media?parent=34083"}],"curies":[{"name":"wp","href":"https:\/\/api.w.org\/{rel}","templated":true}]}}