{"id":34046,"date":"2025-11-02T15:00:59","date_gmt":"2025-11-02T15:00:59","guid":{"rendered":"https:\/\/herbavitality.com\/soglasje-za-uporabo-piskotkov\/"},"modified":"2025-11-12T19:37:00","modified_gmt":"2025-11-12T19:37:00","slug":"soglasje-za-uporabo-piskotkov","status":"publish","type":"page","link":"https:\/\/herbavitality.com\/sl\/soglasje-za-uporabo-piskotkov\/","title":{"rendered":"Soglasje za uporabo pi\u0161kotkov"},"content":{"rendered":"\n<p>Dobrodo\u0161li na Herbavitality.com. Kot ve\u010dina spletnih mest tudi mi uporabljamo pi\u0161kotke za izbolj\u0161anje va\u0161e brskalne izku\u0161nje in zagotavljanje prilagojene vsebine. Z nadaljnjo uporabo na\u0161ega spletnega mesta sogla\u0161ate z uporabo pi\u0161kotkov v skladu s to politiko pi\u0161kotkov.  <\/p>\n\n<p><strong>Kaj so pi\u0161kotki?<\/strong><\/p>\n\n<p>Pi\u0161kotki so majhne besedilne datoteke, ki se shranijo v va\u0161o napravo, ko obi\u0161\u010dete spletno mesto. Pogosto se uporabljajo za u\u010dinkovitej\u0161e delovanje spletnih mest in za zagotavljanje informacij lastnikom spletnih mest. <\/p>\n\n<p><strong>Kako uporabljamo pi\u0161kotke?<\/strong><\/p>\n\n<p>Pi\u0161kotke uporabljamo za razli\u010dne namene, vklju\u010dno z:<\/p>\n\n<ul class=\"wp-block-list\">\n<li><strong>Bistveni pi\u0161kotki:<\/strong> Ti pi\u0161kotki so potrebni za pravilno delovanje spletnega mesta. Omogo\u010dajo osnovne funkcije, kot so varnost, upravljanje omre\u017eja in dostopnost. <\/li>\n\n\n\n<li><strong>Analiti\u010dni pi\u0161kotki:<\/strong> Ti pi\u0161kotki nam pomagajo razumeti, kako obiskovalci uporabljajo na\u0161o spletno stran, tako da anonimno zbirajo in sporo\u010dajo informacije. To nam pomaga izbolj\u0161ati na\u0161o spletno stran in jo prilagoditi va\u0161im potrebam. <\/li>\n\n\n\n<li><strong>Tr\u017eenjski pi\u0161kotki:<\/strong> Ti pi\u0161kotki se uporabljajo za sledenje obiskovalcem na spletnih mestih. Namen je prikazovati oglase, ki so ustrezni in privla\u010dni za posameznega uporabnika. <\/li>\n<\/ul>\n\n<p><strong>Va\u0161e izbire glede pi\u0161kotkov<\/strong><\/p>\n\n<p>Pi\u0161kotke lahko po \u017eelji nadzorujete in\/ali bri\u0161ete. Izbri\u0161ete lahko vse pi\u0161kotke, ki so \u017ee shranjeni v va\u0161i napravi, in ve\u010dino brskalnikov lahko nastavite tako, da prepre\u010dijo njihovo namestitev. \u010ce pa to storite, boste morda morali nekatere nastavitve ro\u010dno prilagoditi vsaki\u010d, ko obi\u0161\u010dete spletno mesto, nekatere storitve in funkcije pa morda ne bodo delovale.  <\/p>\n\n<p><strong>Spremembe te politike pi\u0161kotkov<\/strong><\/p>\n\n<p>Na\u0161o politiko pi\u0161kotkov lahko ob\u010dasno posodobimo. O vseh spremembah vas bomo obvestili z objavo nove politike pi\u0161kotkov na tej strani. <\/p>\n\n<p><strong>Contact Us<\/strong><\/p>\n\n<p>\u010ce imate kakr\u0161na koli vpra\u0161anja o na\u0161i uporabi pi\u0161kotkov, nas kontaktirajte na sales@herbavitality.com.<\/p>\n\n<p>Z uporabo na\u0161ega spletnega mesta sogla\u0161ate z uporabo pi\u0161kotkov, kot je opisano v tej Politiki pi\u0161kotkov.<\/p>\n","protected":false},"excerpt":{"rendered":"<p>Dobrodo\u0161li na Herbavitality.com. Kot ve\u010dina spletnih mest tudi mi uporabljamo pi\u0161kotke za izbolj\u0161anje va\u0161e brskalne izku\u0161nje in zagotavljanje prilagojene vsebine.<\/p>\n","protected":false},"author":1,"featured_media":0,"parent":0,"menu_order":0,"comment_status":"closed","ping_status":"closed","template":"","meta":{"footnotes":""},"class_list":["post-34046","page","type-page","status-publish","hentry"],"_links":{"self":[{"href":"https:\/\/herbavitality.com\/sl\/wp-json\/wp\/v2\/pages\/34046","targetHints":{"allow":["GET"]}}],"collection":[{"href":"https:\/\/herbavitality.com\/sl\/wp-json\/wp\/v2\/pages"}],"about":[{"href":"https:\/\/herbavitality.com\/sl\/wp-json\/wp\/v2\/types\/page"}],"author":[{"embeddable":true,"href":"https:\/\/herbavitality.com\/sl\/wp-json\/wp\/v2\/users\/1"}],"replies":[{"embeddable":true,"href":"https:\/\/herbavitality.com\/sl\/wp-json\/wp\/v2\/comments?post=34046"}],"version-history":[{"count":1,"href":"https:\/\/herbavitality.com\/sl\/wp-json\/wp\/v2\/pages\/34046\/revisions"}],"predecessor-version":[{"id":34047,"href":"https:\/\/herbavitality.com\/sl\/wp-json\/wp\/v2\/pages\/34046\/revisions\/34047"}],"wp:attachment":[{"href":"https:\/\/herbavitality.com\/sl\/wp-json\/wp\/v2\/media?parent=34046"}],"curies":[{"name":"wp","href":"https:\/\/api.w.org\/{rel}","templated":true}]}}