{"id":33940,"date":"2025-11-02T15:00:13","date_gmt":"2025-11-02T15:00:13","guid":{"rendered":"https:\/\/herbavitality.com\/politika-vracil-in-vracil\/"},"modified":"2025-11-12T19:09:29","modified_gmt":"2025-11-12T19:09:29","slug":"politika-vracil-in-vracil","status":"publish","type":"page","link":"https:\/\/herbavitality.com\/sl\/politika-vracil-in-vracil\/","title":{"rendered":"Politika vra\u010dil in vra\u010dil"},"content":{"rendered":"\n<p>Zahtevki za vra\u010dilo ali preklic naro\u010dila se po\u0161ljejo po elektronski po\u0161ti na naslov: sales@herbavitality.com. V zahtevku stranka navede razlog za zahtevek. Pridr\u017eujemo si pravico, da kup\u010devega zahtevka ne sprejmemo, \u010de se ugotovi, da so razlogi za njegovo\/njeno prito\u017ebo neutemeljeni.   Vrnjeni izdelek mora biti v enakem stanju, kot ste ga prejeli (kot nov), brez odprtega tesnila ali po\u0161kodb embala\u017ee tik pred prodajo, kot je celotna originalna embala\u017ea. Za sprejem vra\u010dila morate predlo\u017eiti \u0161tevilko naro\u010dila osebe, ki je izdelek prvotno kupila in katere podatki so prikazani v kodi naro\u010dila.<\/p>\n\n<h4 class=\"wp-block-heading\">Kupec ima pravico vrniti kupljeni izdelek in zahtevati zamenjavo z drugim izdelkom ali vra\u010dilo kupnine v dveh primerih:<\/h4>\n\n<p>1. V primerih dokazane krivde na\u0161ega podjetja (prejem napa\u010dnega izdelka ali izdelka z napakami v kakovosti) mora stranka izdelek vrniti v roku (14) dni od dneva prejema, brez stro\u0161kov prevoza.<\/p>\n\n<p>2. \u010ce odlo\u010ditev stranke za vra\u010dilo izdelka ni bila posledica nobenega od zgoraj navedenih objektivnih razlogov, si podjetje pridr\u017euje pravico, da reklamacije ne ugodi. \u010ce je reklamacija utemeljena, lahko stranka izdelek vrne v roku (14) dni od datuma prejema. V tem primeru vse stro\u0161ke prevoza, kot tudi morebitno razliko v ceni izdelkov, krije stranka.  <\/p>\n\n<p>V vseh primerih morajo biti izdelki v stanju, v kakr\u0161nem jih je prejela stranka, popolni, nepo\u0161kodovani in v originalni embala\u017ei. \u010ce izdelkov ne vrnete v (14) dneh, na\u0161a trgovina ni dol\u017ena sprejeti nobenega vra\u010dila denarja. <\/p>\n\n<p>Ob upo\u0161tevanju pogojev poslovanja in sprejetju vra\u010dila izdelka je stranka upravi\u010dena do prejema drugega izdelka enake vrednosti ali do vra\u010dila kupnine. Vra\u010dilo kupcu bo izvedeno v devetdesetih (90) dneh od datuma prejema izdelka. <\/p>\n\n<p>V primeru ve\u010dkratnih vra\u010dil ali vra\u010dil v primeru, da na\u0161e podjetje po lastni presoji presodi, da stranka zlorablja pravico do vra\u010dila ali ravna v slabi veri, ima pravico zavrniti vra\u010dilo izdelka, tudi \u010de so ti pogoji izpolnjeni.<\/p>\n\n<p>Ti pogoji ne vplivajo na nobene pravice potro\u0161nikov, ki jih dolo\u010da zakon.<\/p>\n\n<p><\/p>\n","protected":false},"excerpt":{"rendered":"<p>Zahtevki za vra\u010dilo ali preklic naro\u010dila se po\u0161ljejo po elektronski po\u0161ti na naslov: sales@herbavitality.com. V zahtevku stranka navede razlog za<\/p>\n","protected":false},"author":1,"featured_media":0,"parent":0,"menu_order":0,"comment_status":"closed","ping_status":"closed","template":"","meta":{"footnotes":""},"class_list":["post-33940","page","type-page","status-publish","hentry"],"_links":{"self":[{"href":"https:\/\/herbavitality.com\/sl\/wp-json\/wp\/v2\/pages\/33940","targetHints":{"allow":["GET"]}}],"collection":[{"href":"https:\/\/herbavitality.com\/sl\/wp-json\/wp\/v2\/pages"}],"about":[{"href":"https:\/\/herbavitality.com\/sl\/wp-json\/wp\/v2\/types\/page"}],"author":[{"embeddable":true,"href":"https:\/\/herbavitality.com\/sl\/wp-json\/wp\/v2\/users\/1"}],"replies":[{"embeddable":true,"href":"https:\/\/herbavitality.com\/sl\/wp-json\/wp\/v2\/comments?post=33940"}],"version-history":[{"count":1,"href":"https:\/\/herbavitality.com\/sl\/wp-json\/wp\/v2\/pages\/33940\/revisions"}],"predecessor-version":[{"id":33941,"href":"https:\/\/herbavitality.com\/sl\/wp-json\/wp\/v2\/pages\/33940\/revisions\/33941"}],"wp:attachment":[{"href":"https:\/\/herbavitality.com\/sl\/wp-json\/wp\/v2\/media?parent=33940"}],"curies":[{"name":"wp","href":"https:\/\/api.w.org\/{rel}","templated":true}]}}