{"id":33932,"date":"2025-10-31T16:22:12","date_gmt":"2025-10-31T16:22:12","guid":{"rendered":"https:\/\/herbavitality.com\/pogoji-in-dolocila\/"},"modified":"2025-11-12T19:05:57","modified_gmt":"2025-11-12T19:05:57","slug":"pogoji-in-dolocila","status":"publish","type":"page","link":"https:\/\/herbavitality.com\/sl\/pogoji-in-dolocila\/","title":{"rendered":"Pogoji in dolo\u010dila"},"content":{"rendered":"\n<h2 class=\"wp-block-heading\"><strong>PRED UPORABO TEGA SPLETNEGA MESTA NATAN\u010cNO PREBERITE POGOJE<\/strong><\/h2>\n\n<p>Pred uporabo spletnega mesta ali storitev, ki so na voljo na spletnem mestu, natan\u010dno preberite te pogoje uporabe. Z obiskom ali uporabo spletnega mesta oziroma z nakupom na spletnem mestu potrjujete, da se strinjate s pogoji tega spletnega mesta. <\/p>\n\n<p>Z obiskom spletnega mesta ali ogledom katere koli vsebine na spletnem mestu in\/ali z nakupom na spletnem mestu izjavljate in jam\u010dite, da ste te pogoje prebrali, razumeli, da imate pravno sposobnost in se s tem strinjate, da ste z njimi pravno zavezani. \u010ce se s temi pogoji ne strinjate, prosimo, da spletnega mesta ne uporabljate. <\/p>\n\n<p>Ti pogoji veljajo za vse izdelke, ki se prodajajo izklju\u010dno prek spletnega mesta. Vsa odstopanja od teh pogojev morajo biti potrjena. Vsi drugi pogoji poslovanja so izklju\u010deni. Vsak uporabnik, ki vstopi v trgovino in uporablja storitve, se strinja in se strinja, da bo spo\u0161toval tukaj navedene pogoje, brez izjem. \u010ce se nekdo ne strinja s temi pogoji, se mora vzdr\u017eati uporabe storitev te trgovine in kakr\u0161ne koli transakcije z njo. Oddaja naro\u010dila pomeni sprejetje teh pogojev poslovanja in vseh njihovih dolo\u010dil.     <\/p>\n\n<h4 class=\"wp-block-heading\"><strong>NARO\u010cILA<\/strong><\/h4>\n\n<p>Naro\u010dila je treba prejeti prek spleta z izpolnitvijo ustreznega naro\u010dilnega obrazca, ki ga najdete v spletni trgovini. Va\u0161e naro\u010dilo prejmemo v trenutku, ko prek naro\u010dilnega obrazca posredujete podatke za dostavo in \u017eeleno koli\u010dino. Podrobnosti naro\u010dila so na voljo na zaslonu uporabnika po zaklju\u010dku naro\u010dila.  <\/p>\n\n<h4 class=\"wp-block-heading\"><strong>CENE IN PROMOCIJE<\/strong><\/h4>\n\n<p>Vse cene na spletnem mestu so kon\u010dne. V primeru teko\u010de promocije bodo na\u0161e stranke imele mo\u017enost pridobiti popust na ceno izdelka v promociji. Cene izdelkov se lahko spremenijo brez predhodnega obvestila. Kupcem bo zara\u010dunana cena izdelka, ki je bila veljavna v \u010dasu nakupa.   <\/p>\n\n<h4 class=\"wp-block-heading\"><strong>NALOGE \/ POGOJI DOSTAVE<\/strong><\/h4>\n\n<p>Izdelek lahko po\u0161ljemo kamor koli znotraj dr\u017eave. Izdelki bodo poslani s kurirjem na naslov, ki ste ga navedli na naro\u010dilnici. Na\u010din pla\u010dila je naveden v spletni trgovini. Na obmo\u010djih, kjer po\u0161iljanje naro\u010dila s kurirjem ni mogo\u010de, dostavo zagotavlja nacionalna po\u0161tna slu\u017eba. Dostava bo potekala vsak dan, razen ob vikendih in praznikih.    <\/p>\n\n<h4 class=\"wp-block-heading\"><strong>REFUNDS<\/strong><\/h4>\n\n<p>Zahtevki za vra\u010dilo ali preklic naro\u010dila se po\u0161ljejo po elektronski po\u0161ti. V zahtevku stranka navede razlog za zahtevek. Pridr\u017eujemo si pravico, da kup\u010devega zahtevka ne sprejmemo, \u010de se ugotovi, da so razlogi za njegovo\/njeno prito\u017ebo neutemeljeni.  <\/p>\n\n<p>Vrnjeni izdelek mora biti v enakem stanju, kot ste ga prejeli (kot nov), brez odprtega tesnila ali po\u0161kodb embala\u017ee tik pred prodajo, kot je celotna originalna embala\u017ea.<\/p>\n\n<p>Za sprejem vra\u010dila morate predlo\u017eiti \u0161tevilko naro\u010dila osebe, ki je izdelek prvotno kupila in katere podatki so prikazani v kodi naro\u010dila.<\/p>\n\n<p>Kupec ima pravico vrniti kupljeni izdelek in zahtevati zamenjavo z drugim izdelkom ali vra\u010dilo kupnine v dveh primerih:<\/p>\n\n<p>1. V primerih dokazane krivde na\u0161ega podjetja (prejem napa\u010dnega izdelka ali izdelka z napakami v kakovosti) mora stranka izdelek vrniti v tridesetih (30) dneh od dneva prejema, brez stro\u0161kov prevoza.<\/p>\n\n<p>2. \u010ce odlo\u010ditev stranke za vra\u010dilo izdelka ni bila posledica nobenega od zgoraj navedenih objektivnih razlogov, si podjetje pridr\u017euje pravico, da reklamacije ne ugodi. \u010ce je reklamacija utemeljena, lahko stranka izdelek vrne v tridesetih (30) dneh od datuma prejema. V tem primeru vse stro\u0161ke prevoza, kot tudi morebitno razliko v ceni izdelkov, krije stranka.  <\/p>\n\n<p>V vseh primerih morajo biti izdelki v stanju, v kakr\u0161nem jih je prejela stranka, popolni, nepo\u0161kodovani in v originalni embala\u017ei. \u010ce jih ne vrnete v tridesetih (30) dneh, na\u0161a trgovina ni dol\u017ena sprejeti nobenega vra\u010dila denarja. <\/p>\n\n<p>Ob upo\u0161tevanju pogojev poslovanja in sprejetju vra\u010dila izdelka je stranka upravi\u010dena do prejema drugega izdelka enake vrednosti ali do vra\u010dila kupnine. Vra\u010dilo kupcu bo izvedeno v devetdesetih (90) dneh od datuma prejema izdelka. <\/p>\n\n<p>V primeru ve\u010dkratnih vra\u010dil ali vra\u010dil v primeru, da na\u0161e podjetje po lastni presoji presodi, da stranka zlorablja pravico do vra\u010dila ali ravna v slabi veri, ima pravico zavrniti vra\u010dilo izdelka, tudi \u010de so ti pogoji izpolnjeni.<\/p>\n\n<p>Ti pogoji ne vplivajo na nobene pravice potro\u0161nikov, ki jih dolo\u010da zakon.<\/p>\n\n<h4 class=\"wp-block-heading\"><strong>VA\u0160E OBVEZNOSTI KOT STRANKE<\/strong><\/h4>\n\n<p>Odgovorni ste za izbiro izdelka in njegovo primernost za va\u0161e namene. Stranka ne sme \u0161kodovati ali posku\u0161ati \u0161kodovati integriteti, varnosti in\/ali razpolo\u017eljivosti storitev na\u0161ega podjetja. <\/p>\n\n<p>\u25cf Navedite veljavno ime, priimek, po\u0161tni naslov, telefonsko \u0161tevilko in e-po\u0161tni naslov.<\/p>\n\n<p>\u25cf Pla\u010date ceno naro\u010denega blaga.<\/p>\n\n<p>\u25cf Bodite na voljo ali imejte na voljo predstavnika ob dostavi.<\/p>\n\n<p>\u25cf Ne izdelujte naro\u010dil.<\/p>\n\n<p>\u25cf Ne izmi\u0161ljajte si ocen izdelkov ali dajajte drugih la\u017enih informacij.<\/p>\n\n<h4 class=\"wp-block-heading\"><strong>TERMS AND CONDITIONS<\/strong><\/h4>\n\n<p>Podjetje si pridr\u017euje pravico do spremembe ali posodobitve teh pogojev poslovanja, vendar ta pravica ne vpliva na obstoje\u010de pogoje poslovanja, ki jih je stranka sprejela po oddaji naro\u010dila. Sprememba ali podalj\u0161anje velja od trenutka objave besedila spremembe. Prosimo, da ob\u010dasno preverjate morebitne spremembe pogojev poslovanja v razdelku o pogojih poslovanja na tej spletni strani.  <\/p>\n\n<h4 class=\"wp-block-heading\"><strong>VELJAVNA PRAVA \u2013 PRISTOJNOST<\/strong><\/h4>\n\n<p>Ta sporazum se ureja z mednarodnim in nacionalnim pravom, zlasti z zakoni, ki urejajo vpra\u0161anja v zvezi z e-trgovino, prodajo na daljavo in varstvom potro\u0161nikov, ter je predmet izklju\u010dne pristojnosti sodi\u0161\u010d v kraju sede\u017ea na\u0161ega podjetja.<\/p>\n\n<h4 class=\"wp-block-heading\"><strong>IZDELKI<\/strong><\/h4>\n\n<p>Izdelki, ki so objavljeni na straneh trgovine, so visoke kakovosti in izpolnjujejo vse zahtevane specifikacije. Prav tako so bili temeljito analizirani glede kakovosti in uporabe. Za kakr\u0161no koli drugo uporabo ali namen, razen tistega, za katerega je predlagan in izdelan v na\u0161i spletni trgovini, je izklju\u010dno odgovornost stranke.  <\/p>\n\n<h4 class=\"wp-block-heading\"><strong>POLITIKA ZASEBNOSTI<\/strong><\/h4>\n\n<p>Osebni podatki strank na\u0161ega spletnega mesta ostajajo strogo zaupni in se uporabljajo le za izvajanje zgoraj navedenih dejanj in v informativne namene. Z oddajo va\u0161ih osebnih podatkov potrjujete, da ste starej\u0161i od 18 let in sogla\u0161ate z uporabo teh podatkov s strani na\u0161ega podjetja. Va\u0161ih osebnih podatkov ne bomo posredovali tretjim osebam, razen \u010de to od nas zahtevajo organi pregona na zakonit na\u010din.  <\/p>\n","protected":false},"excerpt":{"rendered":"<p>PRED UPORABO TEGA SPLETNEGA MESTA NATAN\u010cNO PREBERITE POGOJE Pred uporabo spletnega mesta ali storitev, ki so na voljo na spletnem<\/p>\n","protected":false},"author":1,"featured_media":0,"parent":0,"menu_order":0,"comment_status":"closed","ping_status":"open","template":"","meta":{"footnotes":""},"class_list":["post-33932","page","type-page","status-publish","hentry"],"_links":{"self":[{"href":"https:\/\/herbavitality.com\/sl\/wp-json\/wp\/v2\/pages\/33932","targetHints":{"allow":["GET"]}}],"collection":[{"href":"https:\/\/herbavitality.com\/sl\/wp-json\/wp\/v2\/pages"}],"about":[{"href":"https:\/\/herbavitality.com\/sl\/wp-json\/wp\/v2\/types\/page"}],"author":[{"embeddable":true,"href":"https:\/\/herbavitality.com\/sl\/wp-json\/wp\/v2\/users\/1"}],"replies":[{"embeddable":true,"href":"https:\/\/herbavitality.com\/sl\/wp-json\/wp\/v2\/comments?post=33932"}],"version-history":[{"count":1,"href":"https:\/\/herbavitality.com\/sl\/wp-json\/wp\/v2\/pages\/33932\/revisions"}],"predecessor-version":[{"id":33933,"href":"https:\/\/herbavitality.com\/sl\/wp-json\/wp\/v2\/pages\/33932\/revisions\/33933"}],"wp:attachment":[{"href":"https:\/\/herbavitality.com\/sl\/wp-json\/wp\/v2\/media?parent=33932"}],"curies":[{"name":"wp","href":"https:\/\/api.w.org\/{rel}","templated":true}]}}