{"id":34071,"date":"2025-11-06T12:15:56","date_gmt":"2025-11-06T12:15:56","guid":{"rendered":"https:\/\/herbavitality.com\/faq\/"},"modified":"2025-11-12T19:58:50","modified_gmt":"2025-11-12T19:58:50","slug":"faq","status":"publish","type":"page","link":"https:\/\/herbavitality.com\/sk\/faq\/","title":{"rendered":"FAQ"},"content":{"rendered":"\t\t<div data-elementor-type=\"wp-page\" data-elementor-id=\"34071\" class=\"elementor elementor-34071 elementor-29294\" data-elementor-post-type=\"page\">\n\t\t\t\t<div class=\"wd-negative-gap elementor-element elementor-element-1e5f035 e-flex e-con-boxed e-con e-parent\" data-id=\"1e5f035\" data-element_type=\"container\" data-e-type=\"container\">\n\t\t\t\t\t<div class=\"e-con-inner\">\n\t\t\t\t<div class=\"elementor-element elementor-element-2d75396 elementor-widget elementor-widget-html\" data-id=\"2d75396\" data-element_type=\"widget\" data-e-type=\"widget\" data-widget_type=\"html.default\">\n\t\t\t\t\t<div class=\"FAQ\">\r\n  <h2>\u010casto kladen\u00e9 ot\u00e1zky<\/h2>\r\n  <p class=\"faq-intro\">\r\n Potrebujete pomoc? Pozrite si na\u0161e \u010casto kladen\u00e9 ot\u00e1zky alebo n\u00e1s kontaktujte na adrese <a href=\"mailto:sales@herbavitality.com\">sales@herbavitality.com<\/a>. \r\n  <\/p>\r\n\r\n  <div class=\"faq-item\">\r\n    <button class=\"faq-question\">Ako m\u00f4\u017eem zada\u0165 objedn\u00e1vku a vykona\u0165 platbu?<\/button>\r\n    <div class=\"faq-answer\">\r\n      <p>Objedn\u00e1vku si m\u00f4\u017eete zada\u0165 priamo cez n\u00e1\u0161 internetov\u00fd obchod v sekcii obchod. Platba sa uskuto\u010dn\u00ed pri doru\u010den\u00ed, a to bu\u010f v hotovosti na dobierku, alebo kartou a cez PayPal na na\u0161ej webovej str\u00e1nke. <\/p>\r\n    <\/div>\r\n  <\/div>\r\n\r\n  <div class=\"faq-item\">\r\n    <button class=\"faq-question\">Ak\u00e1 je cena a dodacia lehota?<\/button>\r\n    <div class=\"faq-answer\">\r\n      <p>Doru\u010denie je zadarmo pre objedn\u00e1vky nad 40 EUR. Pre objedn\u00e1vky pod 40 EUR je poplatok za doru\u010denie 4,99 EUR. Po objednan\u00ed v\u00e1m bud\u00fa produkty doru\u010den\u00e9 do 1\u20133 pracovn\u00fdch dn\u00ed. <\/p>\r\n    <\/div>\r\n  <\/div>\r\n\r\n  <div class=\"faq-item\">\r\n    <button class=\"faq-question\">M\u00f4\u017eem produkty vr\u00e1ti\u0165?<\/button>\r\n    <div class=\"faq-answer\">\r\n      <p>Produkty m\u00f4\u017eete vr\u00e1ti\u0165 do 14 dn\u00ed od d\u00e1tumu prijatia, s jedinou podmienkou, \u017ee neboli pou\u017eit\u00e9. Rozbalen\u00e9 propaga\u010dn\u00e9 bal\u00ed\u010dky alebo len ich \u010das\u0165 nie je mo\u017en\u00e9 vr\u00e1ti\u0165. \u017diados\u0165 o vr\u00e1tenie m\u00f4\u017eete poda\u0165 e-mailom na <a href=\"mailto:sales@herbavitality.com\">sales@herbavitality.com<\/a>.  <\/p>\r\n    <\/div>\r\n  <\/div>\r\n\r\n  <div class=\"faq-item\">\r\n    <button class=\"faq-question\">Existuj\u00fa nejak\u00e9 ved\u013eaj\u0161ie \u00fa\u010dinky?<\/button>\r\n    <div class=\"faq-answer\">\r\n      <p>Ke\u010f\u017ee s\u00fa na\u0161e produkty rastlinn\u00e9ho p\u00f4vodu a z pr\u00edrodn\u00fdch zdrojov, zvy\u010dajne nemaj\u00fa \u017eiadne ved\u013eaj\u0161ie \u00fa\u010dinky. Av\u0161ak osoby s alergiami, tehotn\u00e9, doj\u010diace alebo podstupuj\u00face lek\u00e1rsku lie\u010dbu by sa mali poradi\u0165 so svoj\u00edm poskytovate\u013eom zdravotnej starostlivosti. <\/p>\r\n    <\/div>\r\n  <\/div>\r\n\r\n  <div class=\"faq-item\">\r\n    <button class=\"faq-question\">Ako dlho by ste mali produkt pou\u017e\u00edva\u0165, aby ste videli v\u00fdsledky?<\/button>\r\n    <div class=\"faq-answer\">\r\n      <p>V\u00fdsledky sa l\u00ed\u0161ia individu\u00e1lne. D\u00f4sledn\u00e9 pou\u017e\u00edvanie pod\u013ea odpor\u00fa\u010dan\u00e9ho d\u00e1vkovania je k\u013e\u00fa\u010dov\u00e9. Odpor\u00fa\u010da sa pou\u017e\u00edva\u0165 produkt po dobu 1\u20133 mesiacov, aby sa plne pos\u00fadila jeho \u00fa\u010dinnos\u0165.  <\/p>\r\n    <\/div>\r\n  <\/div>\r\n\r\n  <div class=\"faq-item\">\r\n    <button class=\"faq-question\">\u010c\u00edm sa HerbaVitality l\u00ed\u0161i od in\u00fdch zna\u010diek?<\/button>\r\n    <div class=\"faq-answer\">\r\n      <p>HerbaVitality sa zameriava na \u0161peci\u00e1lne vyvinut\u00e9 recept\u00fary s vy\u0161\u0161ou koncentr\u00e1ciou k\u013e\u00fa\u010dov\u00fdch akt\u00edvnych zlo\u017eiek. Na\u0161e produkty s\u00fa v\u0161etky pr\u00edrodn\u00e9, veg\u00e1nske a vytvoren\u00e9 odborn\u00edkmi s viac ako 20-ro\u010dn\u00fdmi sk\u00fasenos\u0165ami. <\/p>\r\n    <\/div>\r\n  <\/div>\r\n\r\n  <div class=\"faq-item\">\r\n    <button class=\"faq-question\">Ako zist\u00edm, ktor\u00fd produkt HerbaVitality je pre m\u0148a ten prav\u00fd?<\/button>\r\n    <div class=\"faq-answer\">\r\n      <p>Na\u0161a webov\u00e1 str\u00e1nka poskytuje podrobn\u00e9 inform\u00e1cie o v\u00fdhod\u00e1ch a zlo\u017een\u00ed ka\u017ed\u00e9ho produktu. Ak potrebujete osobn\u00fa pomoc, nev\u00e1hajte kontaktova\u0165 n\u00e1\u0161 t\u00edm. <\/p>\r\n    <\/div>\r\n  <\/div>\r\n\r\n  <div class=\"faq-item\">\r\n    <button class=\"faq-question\">M\u00f4\u017eem u\u017e\u00edva\u0165 doplnky stravy HerbaVitality s in\u00fdmi liekmi?<\/button>\r\n    <div class=\"faq-answer\">\r\n      <p>Aj ke\u010f s\u00fa na\u0161e produkty pr\u00edrodn\u00e9, v\u017edy je najlep\u0161ie poradi\u0165 sa s odborn\u00edkom, aby ste sa uistili, \u017ee ned\u00f4jde k interakci\u00e1m s va\u0161imi s\u00fa\u010dasn\u00fdmi liekmi.<\/p>\r\n    <\/div>\r\n  <\/div>\r\n\r\n  <div class=\"faq-item\">\r\n    <button class=\"faq-question\">Ako m\u00e1m u\u017e\u00edva\u0165 doplnky stravy HerbaVitality?<\/button>\r\n    <div class=\"faq-answer\">\r\n      <p>Ka\u017ed\u00fd produkt sa dod\u00e1va s konkr\u00e9tnym n\u00e1vodom na pou\u017eitie. Tieto inform\u00e1cie n\u00e1jdete aj na na\u0161ej webovej str\u00e1nke v popise produktu. <\/p>\r\n    <\/div>\r\n  <\/div>\r\n\r\n  <div class=\"faq-item\">\r\n    <button class=\"faq-question\">Pre\u010do n\u00e1s budete milova\u0165?<\/button>\r\n    <div class=\"faq-answer\">\r\n      <p>Bylinky, vitam\u00edny a miner\u00e1ly pripravujeme jednoducho.<\/p>\r\n    <\/div>\r\n  <\/div>\r\n<\/div>\t\t\t\t<\/div>\n\t\t\t\t\t<\/div>\n\t\t\t\t<\/div>\n\t\t\t\t<\/div>\n\t\t","protected":false},"excerpt":{"rendered":"<p>\u010casto kladen\u00e9 ot\u00e1zky Potrebujete pomoc? Pozrite si na\u0161e \u010casto kladen\u00e9 ot\u00e1zky alebo n\u00e1s kontaktujte na adrese sales@herbavitality.com. Ako m\u00f4\u017eem zada\u0165<\/p>\n","protected":false},"author":1,"featured_media":0,"parent":0,"menu_order":0,"comment_status":"closed","ping_status":"closed","template":"","meta":{"footnotes":""},"class_list":["post-34071","page","type-page","status-publish","hentry"],"_links":{"self":[{"href":"https:\/\/herbavitality.com\/sk\/wp-json\/wp\/v2\/pages\/34071","targetHints":{"allow":["GET"]}}],"collection":[{"href":"https:\/\/herbavitality.com\/sk\/wp-json\/wp\/v2\/pages"}],"about":[{"href":"https:\/\/herbavitality.com\/sk\/wp-json\/wp\/v2\/types\/page"}],"author":[{"embeddable":true,"href":"https:\/\/herbavitality.com\/sk\/wp-json\/wp\/v2\/users\/1"}],"replies":[{"embeddable":true,"href":"https:\/\/herbavitality.com\/sk\/wp-json\/wp\/v2\/comments?post=34071"}],"version-history":[{"count":1,"href":"https:\/\/herbavitality.com\/sk\/wp-json\/wp\/v2\/pages\/34071\/revisions"}],"predecessor-version":[{"id":34072,"href":"https:\/\/herbavitality.com\/sk\/wp-json\/wp\/v2\/pages\/34071\/revisions\/34072"}],"wp:attachment":[{"href":"https:\/\/herbavitality.com\/sk\/wp-json\/wp\/v2\/media?parent=34071"}],"curies":[{"name":"wp","href":"https:\/\/api.w.org\/{rel}","templated":true}]}}