{"id":34044,"date":"2025-11-02T15:00:59","date_gmt":"2025-11-02T15:00:59","guid":{"rendered":"https:\/\/herbavitality.com\/suhlas-so-subormi-cookie\/"},"modified":"2025-11-12T19:34:32","modified_gmt":"2025-11-12T19:34:32","slug":"suhlas-so-subormi-cookie","status":"publish","type":"page","link":"https:\/\/herbavitality.com\/sk\/suhlas-so-subormi-cookie\/","title":{"rendered":"S\u00fahlas so s\u00fabormi cookie"},"content":{"rendered":"\n<p>Vitajte na str\u00e1nke Herbavitality.com. Rovnako ako v\u00e4\u010d\u0161ina webov\u00fdch str\u00e1nok, aj my pou\u017e\u00edvame s\u00fabory cookie na zlep\u0161enie v\u00e1\u0161ho prehliadania a poskytovanie personalizovan\u00e9ho obsahu. Pokra\u010dovan\u00edm v pou\u017e\u00edvan\u00ed na\u0161ej webovej str\u00e1nky s\u00fahlas\u00edte s pou\u017e\u00edvan\u00edm s\u00faborov cookie v s\u00falade s t\u00fdmito Z\u00e1sadami pou\u017e\u00edvania s\u00faborov cookie.  <\/p>\n\n<p><strong>\u010co s\u00fa cookies?<\/strong><\/p>\n\n<p>S\u00fabory cookie s\u00fa mal\u00e9 textov\u00e9 s\u00fabory, ktor\u00e9 sa ukladaj\u00fa do v\u00e1\u0161ho zariadenia pri n\u00e1v\u0161teve webovej str\u00e1nky. Pou\u017e\u00edvaj\u00fa sa na zefekt\u00edvnenie fungovania webov\u00fdch str\u00e1nok, ako aj na poskytovanie inform\u00e1ci\u00ed ich vlastn\u00edkom. <\/p>\n\n<p><strong>Ako pou\u017e\u00edvame s\u00fabory cookie?<\/strong><\/p>\n\n<p>S\u00fabory cookie pou\u017e\u00edvame na r\u00f4zne \u00fa\u010dely vr\u00e1tane:<\/p>\n\n<ul class=\"wp-block-list\">\n<li><strong>Z\u00e1kladn\u00e9 s\u00fabory cookie:<\/strong> Tieto s\u00fabory cookie s\u00fa nevyhnutn\u00e9 pre spr\u00e1vne fungovanie webovej str\u00e1nky. Umo\u017e\u0148uj\u00fa z\u00e1kladn\u00e9 funkcie, ako je zabezpe\u010denie, spr\u00e1va siete a pr\u00edstupnos\u0165. <\/li>\n\n\n\n<li><strong>Analytick\u00e9 s\u00fabory cookie:<\/strong> Tieto s\u00fabory cookie n\u00e1m pom\u00e1haj\u00fa pochopi\u0165, ako n\u00e1v\u0161tevn\u00edci interaguj\u00fa s na\u0161ou webovou str\u00e1nkou, a to anonymn\u00fdm zhroma\u017e\u010fovan\u00edm a nahlasovan\u00edm inform\u00e1ci\u00ed. To n\u00e1m pom\u00e1ha vylep\u0161ova\u0165 na\u0161u webov\u00fa str\u00e1nku a prisp\u00f4sobova\u0165 ju va\u0161im potreb\u00e1m. <\/li>\n\n\n\n<li><strong>Marketingov\u00e9 s\u00fabory cookie:<\/strong> Tieto s\u00fabory cookie sa pou\u017e\u00edvaj\u00fa na sledovanie n\u00e1v\u0161tevn\u00edkov webov\u00fdch str\u00e1nok. Ich cie\u013eom je zobrazova\u0165 reklamy, ktor\u00e9 s\u00fa relevantn\u00e9 a p\u00fatav\u00e9 pre jednotliv\u00e9ho pou\u017e\u00edvate\u013ea. <\/li>\n<\/ul>\n\n<p><strong>Va\u0161e vo\u013eby t\u00fdkaj\u00face sa cookies<\/strong><\/p>\n\n<p>S\u00fabory cookie m\u00f4\u017eete pod\u013ea potreby ovl\u00e1da\u0165 a\/alebo maza\u0165. M\u00f4\u017eete odstr\u00e1ni\u0165 v\u0161etky s\u00fabory cookie, ktor\u00e9 s\u00fa u\u017e ulo\u017een\u00e9 vo va\u0161om zariaden\u00ed, a v\u00e4\u010d\u0161inu prehliada\u010dov m\u00f4\u017eete nastavi\u0165 tak, aby ich umiestneniu zabr\u00e1nili. Ak to v\u0161ak urob\u00edte, mo\u017eno budete musie\u0165 niektor\u00e9 preferencie manu\u00e1lne upravi\u0165 pri ka\u017edej n\u00e1v\u0161teve str\u00e1nky a niektor\u00e9 slu\u017eby a funkcie nemusia fungova\u0165.  <\/p>\n\n<p><strong>Zmeny v t\u00fdchto Z\u00e1sad\u00e1ch pou\u017e\u00edvania s\u00faborov cookie<\/strong><\/p>\n\n<p>Na\u0161e Z\u00e1sady pou\u017e\u00edvania s\u00faborov cookie m\u00f4\u017eeme priebe\u017ene aktualizova\u0165. O v\u0161etk\u00fdch zmen\u00e1ch v\u00e1s budeme informova\u0165 zverejnen\u00edm nov\u00fdch Z\u00e1sad pou\u017e\u00edvania s\u00faborov cookie na tejto str\u00e1nke. <\/p>\n\n<p><strong>Contact Us<\/strong><\/p>\n\n<p>Ak m\u00e1te ak\u00e9ko\u013evek ot\u00e1zky t\u00fdkaj\u00face sa n\u00e1\u0161ho pou\u017e\u00edvania s\u00faborov cookie, kontaktujte n\u00e1s na adrese sales@herbavitality.com<\/p>\n\n<p>Pou\u017e\u00edvan\u00edm na\u0161ej webovej str\u00e1nky s\u00fahlas\u00edte s pou\u017e\u00edvan\u00edm s\u00faborov cookie, ako je uveden\u00e9 v t\u00fdchto Z\u00e1sad\u00e1ch pou\u017e\u00edvania s\u00faborov cookie.<\/p>\n","protected":false},"excerpt":{"rendered":"<p>Vitajte na str\u00e1nke Herbavitality.com. Rovnako ako v\u00e4\u010d\u0161ina webov\u00fdch str\u00e1nok, aj my pou\u017e\u00edvame s\u00fabory cookie na zlep\u0161enie v\u00e1\u0161ho prehliadania a poskytovanie<\/p>\n","protected":false},"author":1,"featured_media":0,"parent":0,"menu_order":0,"comment_status":"closed","ping_status":"closed","template":"","meta":{"footnotes":""},"class_list":["post-34044","page","type-page","status-publish","hentry"],"_links":{"self":[{"href":"https:\/\/herbavitality.com\/sk\/wp-json\/wp\/v2\/pages\/34044","targetHints":{"allow":["GET"]}}],"collection":[{"href":"https:\/\/herbavitality.com\/sk\/wp-json\/wp\/v2\/pages"}],"about":[{"href":"https:\/\/herbavitality.com\/sk\/wp-json\/wp\/v2\/types\/page"}],"author":[{"embeddable":true,"href":"https:\/\/herbavitality.com\/sk\/wp-json\/wp\/v2\/users\/1"}],"replies":[{"embeddable":true,"href":"https:\/\/herbavitality.com\/sk\/wp-json\/wp\/v2\/comments?post=34044"}],"version-history":[{"count":1,"href":"https:\/\/herbavitality.com\/sk\/wp-json\/wp\/v2\/pages\/34044\/revisions"}],"predecessor-version":[{"id":34045,"href":"https:\/\/herbavitality.com\/sk\/wp-json\/wp\/v2\/pages\/34044\/revisions\/34045"}],"wp:attachment":[{"href":"https:\/\/herbavitality.com\/sk\/wp-json\/wp\/v2\/media?parent=34044"}],"curies":[{"name":"wp","href":"https:\/\/api.w.org\/{rel}","templated":true}]}}