{"id":33930,"date":"2025-10-31T16:22:12","date_gmt":"2025-10-31T16:22:12","guid":{"rendered":"https:\/\/herbavitality.com\/zmluvne-podmienky\/"},"modified":"2025-11-12T19:01:07","modified_gmt":"2025-11-12T19:01:07","slug":"zmluvne-podmienky","status":"publish","type":"page","link":"https:\/\/herbavitality.com\/sk\/zmluvne-podmienky\/","title":{"rendered":"Zmluvn\u00e9 podmienky"},"content":{"rendered":"\n<h2 class=\"wp-block-heading\"><strong>PRED POU\u017dIT\u00cdM TEJTO STR\u00c1NKY SI POZORNE PRE\u010c\u00cdTAJTE PODMIENKY<\/strong><\/h2>\n\n<p>Pred pou\u017eit\u00edm str\u00e1nky alebo slu\u017eieb dostupn\u00fdch na str\u00e1nke si pozorne pre\u010d\u00edtajte tieto podmienky pou\u017e\u00edvania. N\u00e1v\u0161tevou alebo pou\u017e\u00edvan\u00edm str\u00e1nky, alebo uskuto\u010dnen\u00edm n\u00e1kupu na str\u00e1nke potvrdzujete svoj s\u00fahlas s podmienkami tejto str\u00e1nky. <\/p>\n\n<p>N\u00e1v\u0161tevou str\u00e1nky alebo zobrazen\u00edm ak\u00e9hoko\u013evek obsahu na str\u00e1nke a\/alebo uskuto\u010dnen\u00edm n\u00e1kupu na str\u00e1nke vyhlasujete a zaru\u010dujete, \u017ee ste si tieto podmienky pre\u010d\u00edtali, rozumiete im, m\u00e1te na to pr\u00e1vne sp\u00f4sobilos\u0165 a t\u00fdmto s\u00fahlas\u00edte s t\u00fdm, \u017ee budete pr\u00e1vne viazan\u00ed. Ak s t\u00fdmito podmienkami nes\u00fahlas\u00edte, str\u00e1nku nepou\u017e\u00edvajte. <\/p>\n\n<p>Tieto podmienky sa vz\u0165ahuj\u00fa na v\u0161etky produkty pred\u00e1van\u00e9 v\u00fdhradne prostredn\u00edctvom webovej str\u00e1nky. Ak\u00e9ko\u013evek odch\u00fdlky od t\u00fdchto podmienok bud\u00fa potvrden\u00e9. Ak\u00e9ko\u013evek in\u00e9 zmluvn\u00e9 podmienky s\u00fa vyl\u00fa\u010den\u00e9. Ka\u017ed\u00fd pou\u017e\u00edvate\u013e, ktor\u00fd vst\u00fapi do obchodu a vyu\u017e\u00edva slu\u017eby, s\u00fahlas\u00ed a s\u00fahlas\u00ed s dodr\u017eiavan\u00edm tu uveden\u00fdch podmienok bez ak\u00fdchko\u013evek v\u00fdnimiek. Ak niekto nes\u00fahlas\u00ed s t\u00fdmito podmienkami, mus\u00ed sa zdr\u017ea\u0165 pou\u017e\u00edvania slu\u017eieb tohto obchodu a akejko\u013evek transakcie s n\u00edm. Odoslan\u00edm objedn\u00e1vky s\u00fahlas\u00edte s t\u00fdmito zmluvn\u00fdmi podmienkami a v\u0161etk\u00fdmi ich podmienkami.     <\/p>\n\n<h4 class=\"wp-block-heading\"><strong>OBJEDN\u00c1VKY<\/strong><\/h4>\n\n<p>Objedn\u00e1vky musia by\u0165 prijat\u00e9 cez internet vyplnen\u00edm pr\u00edslu\u0161n\u00e9ho objedn\u00e1vkov\u00e9ho formul\u00e1ra, ktor\u00fd n\u00e1jdete v internetovom obchode. Va\u0161u objedn\u00e1vku prijmeme v momente, ke\u010f prostredn\u00edctvom objedn\u00e1vkov\u00e9ho formul\u00e1ra odo\u0161lete svoje dodacie \u00fadaje a po\u017eadovan\u00e9 mno\u017estvo. Podrobnosti o objedn\u00e1vke s\u00fa k dispoz\u00edcii na obrazovke pou\u017e\u00edvate\u013ea po dokon\u010den\u00ed objedn\u00e1vky.  <\/p>\n\n<h4 class=\"wp-block-heading\"><strong>CENY A AKCIE<\/strong><\/h4>\n\n<p>V\u0161etky ceny na str\u00e1nke s\u00fa kone\u010dn\u00e9. V pr\u00edpade prebiehaj\u00facej akcie bud\u00fa ma\u0165 na\u0161i z\u00e1kazn\u00edci mo\u017enos\u0165 z\u00edska\u0165 z\u013eavu z ceny produktu v akcii. Ceny produktov sa m\u00f4\u017eu zmeni\u0165 bez predch\u00e1dzaj\u00faceho upozornenia. Kupuj\u00facim bude \u00fa\u010dtovan\u00e1 cena produktu aktu\u00e1lna v \u010dase n\u00e1kupu.   <\/p>\n\n<h4 class=\"wp-block-heading\"><strong>PODMIENKY PREPRAVY \/ MISIE<\/strong><\/h4>\n\n<p>Produkt je mo\u017en\u00e9 doru\u010di\u0165 kdeko\u013evek v r\u00e1mci krajiny. Produkty bud\u00fa odoslan\u00e9 kuri\u00e9rom na adresu, ktor\u00fa ste uviedli v objedn\u00e1vkovom formul\u00e1ri. Sp\u00f4sob platby je uveden\u00fd v internetovom obchode. V oblastiach, kde nie je mo\u017en\u00e9 odosla\u0165 va\u0161u objedn\u00e1vku kuri\u00e9rom, doru\u010denie zabezpe\u010duje N\u00e1rodn\u00e1 po\u0161tov\u00e1 slu\u017eba. Doprava sa uskuto\u010dn\u00ed denne okrem v\u00edkendov a sviatkov.    <\/p>\n\n<h4 class=\"wp-block-heading\"><strong>REFUNDS<\/strong><\/h4>\n\n<p>Reklam\u00e1cie na vr\u00e1tenie tovaru alebo zru\u0161enie objedn\u00e1vky sa zasielaj\u00fa e-mailom. V reklam\u00e1cii z\u00e1kazn\u00edk uvedie d\u00f4vod reklam\u00e1cie. Vyhradzujeme si pr\u00e1vo neakceptova\u0165 reklam\u00e1ciu kupuj\u00faceho, ak sa d\u00f4vody jeho reklam\u00e1cie pova\u017euj\u00fa za neopodstatnen\u00e9.  <\/p>\n\n<p>Vr\u00e1ten\u00fd produkt mus\u00ed by\u0165 v rovnakom stave, v akom ste ho dostali (ako nov\u00fd), bez otvoren\u00e9ho zape\u010datenia alebo po\u0161kodenia obalu tesne pred predajom, teda v plnom origin\u00e1lnom balen\u00ed.<\/p>\n\n<p>Pre prijatie vr\u00e1tenia tovaru mus\u00edte predlo\u017ei\u0165 \u010d\u00edslo objedn\u00e1vky osoby, ktor\u00e1 p\u00f4vodne produkt zak\u00fapila a ktorej \u00fadaje s\u00fa uveden\u00e9 v k\u00f3de objedn\u00e1vky.<\/p>\n\n<p>Z\u00e1kazn\u00edk m\u00e1 pr\u00e1vo vr\u00e1ti\u0165 zak\u00fapen\u00fd produkt a po\u017eiada\u0165 o jeho v\u00fdmenu za in\u00fd produkt alebo o vr\u00e1tenie pe\u0148az\u00ed v dvoch pr\u00edpadoch:<\/p>\n\n<p>1. V pr\u00edpade preuk\u00e1zate\u013enej chyby na\u0161ej spolo\u010dnosti (doru\u010denie nespr\u00e1vneho produktu alebo produktu s vadami kvality) je z\u00e1kazn\u00edk povinn\u00fd produkt vr\u00e1ti\u0165 do tridsiatich (30) dn\u00ed odo d\u0148a jeho prevzatia bezplatne.<\/p>\n\n<p>2. Ak rozhodnutie z\u00e1kazn\u00edka vr\u00e1ti\u0165 produkt nevyplynulo z \u017eiadneho z vy\u0161\u0161ie uveden\u00fdch objekt\u00edvnych d\u00f4vodov, spolo\u010dnos\u0165 si vyhradzuje pr\u00e1vo reklam\u00e1cii neuzna\u0165. Ak je reklam\u00e1cia uznan\u00e1, z\u00e1kazn\u00edk m\u00f4\u017ee produkt vr\u00e1ti\u0165 do tridsiatich (30) dn\u00ed od d\u00e1tumu prevzatia. V takom pr\u00edpade v\u0161etky n\u00e1klady na prepravu, ako aj ak\u00fdko\u013evek rozdiel v cene produktov, hrad\u00ed z\u00e1kazn\u00edk.  <\/p>\n\n<p>Vo v\u0161etk\u00fdch pr\u00edpadoch musia by\u0165 produkty v stave, v akom ich z\u00e1kazn\u00edk prevzal, kompletn\u00e9, bez ak\u00e9hoko\u013evek po\u0161kodenia a v origin\u00e1lnom balen\u00ed. Ak nebud\u00fa vr\u00e1ten\u00e9 do tridsiatich (30) dn\u00ed, n\u00e1\u0161 obchod nie je povinn\u00fd akceptova\u0165 \u017eiadnu refund\u00e1ciu. <\/p>\n\n<p>Po splnen\u00ed zmluvn\u00fdch podmienok a prijat\u00ed vr\u00e1tenia produktu m\u00e1 z\u00e1kazn\u00edk n\u00e1rok na z\u00edskanie in\u00e9ho produktu rovnakej hodnoty alebo na vr\u00e1tenie pe\u0148az\u00ed. Vr\u00e1tenie pe\u0148az\u00ed z\u00e1kazn\u00edkovi bude vykonan\u00e9 do dev\u00e4\u0165desiatich (90) dn\u00ed od d\u00e1tumu prijatia produktu. <\/p>\n\n<p>V pr\u00edpade opakovan\u00fdch vr\u00e1ten\u00ed tovaru alebo vr\u00e1ten\u00ed pe\u0148az\u00ed v pr\u00edpade, \u017ee na\u0161a spolo\u010dnos\u0165 pod\u013ea vlastn\u00e9ho uv\u00e1\u017eenia us\u00fadi, \u017ee z\u00e1kazn\u00edk zneu\u017e\u00edva pr\u00e1vo na vr\u00e1tenie tovaru alebo kon\u00e1 v zlej viere, je opr\u00e1vnen\u00e1 odmietnu\u0165 vr\u00e1tenie produktu, a to aj v pr\u00edpade, \u017ee s\u00fa tieto podmienky splnen\u00e9.<\/p>\n\n<p>Tieto podmienky nemaj\u00fa vplyv na \u017eiadne pr\u00e1va spotrebite\u013eov stanoven\u00e9 z\u00e1konom.<\/p>\n\n<h4 class=\"wp-block-heading\"><strong>VA\u0160E POVINNOSTI AKO KLIENTA<\/strong><\/h4>\n\n<p>Zodpoved\u00e1te za v\u00fdber produktu a jeho vhodnos\u0165 pre va\u0161e \u00fa\u010dely. Z\u00e1kazn\u00edk nesmie po\u0161kodi\u0165 ani sa pok\u00fa\u0161a\u0165 po\u0161kodi\u0165 integritu, bezpe\u010dnos\u0165 a\/alebo dostupnos\u0165 slu\u017eieb na\u0161ej spolo\u010dnosti. <\/p>\n\n<p>\u25cf Uve\u010fte platn\u00e9 meno, priezvisko, po\u0161tov\u00fa adresu, telef\u00f3nne \u010d\u00edslo a e-mail.<\/p>\n\n<p>\u25cf Plat\u00edte cenu objednan\u00e9ho tovaru.<\/p>\n\n<p>\u25cf Bu\u010fte k dispoz\u00edcii alebo majte k dispoz\u00edcii z\u00e1stupcu v \u010dase doru\u010denia.<\/p>\n\n<p>\u25cf Nevyr\u00e1bajte objedn\u00e1vky.<\/p>\n\n<p>\u25cf Nevym\u00fd\u0161\u013eajte si recenzie produktov ani neposkytujte \u017eiadne in\u00e9 nepravdiv\u00e9 inform\u00e1cie.<\/p>\n\n<h4 class=\"wp-block-heading\"><strong>TERMS AND CONDITIONS<\/strong><\/h4>\n\n<p>Spolo\u010dnos\u0165 si vyhradzuje pr\u00e1vo zmeni\u0165 alebo aktualizova\u0165 tieto zmluvn\u00e9 podmienky, ale toto pr\u00e1vo neovplyv\u0148uje existuj\u00face zmluvn\u00e9 podmienky, ktor\u00e9 z\u00e1kazn\u00edk akceptoval po odoslan\u00ed objedn\u00e1vky. Zmena alebo obnovenie nadobudne \u00fa\u010dinnos\u0165 okamihom ozn\u00e1menia o akejko\u013evek zmene. Pravidelne kontrolujte zmeny v sekcii zmluvn\u00fdch podmienok na tejto webovej str\u00e1nke.  <\/p>\n\n<h4 class=\"wp-block-heading\"><strong>PLATN\u00c9 PR\u00c1VO \u2013 JURISDIKCIA<\/strong><\/h4>\n\n<p>T\u00e1to zmluva sa bude riadi\u0165 medzin\u00e1rodn\u00fdm a vn\u00fatro\u0161t\u00e1tnym pr\u00e1vom, najm\u00e4 z\u00e1konmi, ktor\u00e9 upravuj\u00fa ot\u00e1zky t\u00fdkaj\u00face sa elektronick\u00e9ho obchodu, predaja na dia\u013eku a ochrany spotrebite\u013ea, a podlieha v\u00fdlu\u010dnej jurisdikcii s\u00fadov v mieste s\u00eddla na\u0161ej spolo\u010dnosti.<\/p>\n\n<h4 class=\"wp-block-heading\"><strong>PRODUKTY<\/strong><\/h4>\n\n<p>Produkty uveden\u00e9 na str\u00e1nkach obchodu s\u00fa vysokej kvality a sp\u013a\u0148aj\u00fa v\u0161etky po\u017eadovan\u00e9 \u0161pecifik\u00e1cie. Tie\u017e boli d\u00f4kladne analyzovan\u00e9 z h\u013eadiska kvality a pou\u017eitia. Za ak\u00e9ko\u013evek in\u00e9 pou\u017eitie alebo aplik\u00e1ciu, ne\u017e na ktor\u00fa s\u00fa navrhnut\u00e9 a vyroben\u00e9 z n\u00e1\u0161ho online obchodu, nesie zodpovednos\u0165 v\u00fdlu\u010dne z\u00e1kazn\u00edk.  <\/p>\n\n<h4 class=\"wp-block-heading\"><strong>Z\u00c1SADY OCHRANY OSOBN\u00ddCH \u00daDAJOV<\/strong><\/h4>\n\n<p>Osobn\u00e9 \u00fadaje z\u00e1kazn\u00edkov na\u0161ej webovej str\u00e1nky zost\u00e1vaj\u00fa pr\u00edsne d\u00f4vern\u00e9 a pou\u017e\u00edvaj\u00fa sa iba na vykonanie vy\u0161\u0161ie uveden\u00fdch \u00fakonov a na informa\u010dn\u00e9 \u00fa\u010dely. Poskytnut\u00edm svojich osobn\u00fdch \u00fadajov potvrdzujete, \u017ee m\u00e1te viac ako 18 rokov a s\u00fahlas\u00edte s pou\u017e\u00edvan\u00edm t\u00fdchto \u00fadajov na\u0161ou spolo\u010dnos\u0165ou. Va\u0161e osobn\u00e9 \u00fadaje nebud\u00fa poskytnut\u00e9 tret\u00edm stran\u00e1m, pokia\u013e to nebude vy\u017eadovan\u00e9 z\u00e1konn\u00fdmi prostriedkami org\u00e1nov \u010dinn\u00fdch v trestnom konan\u00ed.  <\/p>\n","protected":false},"excerpt":{"rendered":"<p>PRED POU\u017dIT\u00cdM TEJTO STR\u00c1NKY SI POZORNE PRE\u010c\u00cdTAJTE PODMIENKY Pred pou\u017eit\u00edm str\u00e1nky alebo slu\u017eieb dostupn\u00fdch na str\u00e1nke si pozorne pre\u010d\u00edtajte tieto<\/p>\n","protected":false},"author":1,"featured_media":0,"parent":0,"menu_order":0,"comment_status":"closed","ping_status":"open","template":"","meta":{"footnotes":""},"class_list":["post-33930","page","type-page","status-publish","hentry"],"_links":{"self":[{"href":"https:\/\/herbavitality.com\/sk\/wp-json\/wp\/v2\/pages\/33930","targetHints":{"allow":["GET"]}}],"collection":[{"href":"https:\/\/herbavitality.com\/sk\/wp-json\/wp\/v2\/pages"}],"about":[{"href":"https:\/\/herbavitality.com\/sk\/wp-json\/wp\/v2\/types\/page"}],"author":[{"embeddable":true,"href":"https:\/\/herbavitality.com\/sk\/wp-json\/wp\/v2\/users\/1"}],"replies":[{"embeddable":true,"href":"https:\/\/herbavitality.com\/sk\/wp-json\/wp\/v2\/comments?post=33930"}],"version-history":[{"count":1,"href":"https:\/\/herbavitality.com\/sk\/wp-json\/wp\/v2\/pages\/33930\/revisions"}],"predecessor-version":[{"id":33931,"href":"https:\/\/herbavitality.com\/sk\/wp-json\/wp\/v2\/pages\/33930\/revisions\/33931"}],"wp:attachment":[{"href":"https:\/\/herbavitality.com\/sk\/wp-json\/wp\/v2\/media?parent=33930"}],"curies":[{"name":"wp","href":"https:\/\/api.w.org\/{rel}","templated":true}]}}