{"id":34069,"date":"2025-11-06T12:15:56","date_gmt":"2025-11-06T12:15:56","guid":{"rendered":"https:\/\/herbavitality.com\/faq\/"},"modified":"2025-11-12T19:57:16","modified_gmt":"2025-11-12T19:57:16","slug":"faq","status":"publish","type":"page","link":"https:\/\/herbavitality.com\/ro\/faq\/","title":{"rendered":"FAQ"},"content":{"rendered":"\t\t<div data-elementor-type=\"wp-page\" data-elementor-id=\"34069\" class=\"elementor elementor-34069 elementor-29294\" data-elementor-post-type=\"page\">\n\t\t\t\t<div class=\"wd-negative-gap elementor-element elementor-element-1e5f035 e-flex e-con-boxed e-con e-parent\" data-id=\"1e5f035\" data-element_type=\"container\" data-e-type=\"container\">\n\t\t\t\t\t<div class=\"e-con-inner\">\n\t\t\t\t<div class=\"elementor-element elementor-element-2d75396 elementor-widget elementor-widget-html\" data-id=\"2d75396\" data-element_type=\"widget\" data-e-type=\"widget\" data-widget_type=\"html.default\">\n\t\t\t\t\t<div class=\"FAQ\">\r\n  <h2>\u00centreb\u0103ri frecvente<\/h2>\r\n  <p class=\"faq-intro\">\r\n Ave\u021bi nevoie de asisten\u021b\u0103? Consulta\u021bi sec\u021biunea \u00centreb\u0103ri frecvente sau contacta\u021bi-ne la adresa <a href=\"mailto:sales@herbavitality.com\">sales@herbavitality.com<\/a>. \r\n  <\/p>\r\n\r\n  <div class=\"faq-item\">\r\n    <button class=\"faq-question\">Cum plasez o comand\u0103 \u0219i cum efectuez plata?<\/button>\r\n    <div class=\"faq-answer\">\r\n      <p>Pute\u021bi plasa comanda direct prin intermediul magazinului nostru online, din sec\u021biunea magazin. Plata se face la livrare \u0219i se face ramburs la livrare sau cu cardul \u0219i PayPal pe site-ul nostru. <\/p>\r\n    <\/div>\r\n  <\/div>\r\n\r\n  <div class=\"faq-item\">\r\n    <button class=\"faq-question\">Care este pre\u021bul \u0219i timpul de livrare?<\/button>\r\n    <div class=\"faq-answer\">\r\n      <p>Livrarea este gratuit\u0103 pentru comenzile de peste 40 de EURO \u0219i 4,99 EURO. Dup\u0103 comand\u0103, produsele v\u0103 vor fi livrate \u00een termen de 1\u20133 zile lucr\u0103toare. <\/p>\r\n    <\/div>\r\n  <\/div>\r\n\r\n  <div class=\"faq-item\">\r\n    <button class=\"faq-question\">Pot returna produsele?<\/button>\r\n    <div class=\"faq-answer\">\r\n      <p>Pute\u021bi returna produsele \u00een termen de 14 zile de la data primirii, cu singura condi\u021bie ca acestea s\u0103 nu fi fost utilizate. Pachetele promo\u021bionale desigilate sau doar o parte din acestea nu pot fi returnate. Pute\u021bi face o cerere de returnare trimi\u021b\u00e2nd un e-mail la <a href=\"mailto:sales@herbavitality.com\">sales@herbavitality.com<\/a>.  <\/p>\r\n    <\/div>\r\n  <\/div>\r\n\r\n  <div class=\"faq-item\">\r\n    <button class=\"faq-question\">Exist\u0103 efecte secundare?<\/button>\r\n    <div class=\"faq-answer\">\r\n      <p>Fiind pe baz\u0103 de plante \u0219i provenind din surse naturale, produsele noastre nu au, de obicei, efecte secundare. Cu toate acestea, persoanele cu alergii, femeile \u00eens\u0103rcinate, care al\u0103pteaz\u0103 sau care urmeaz\u0103 un tratament medical ar trebui s\u0103 se consulte cu furnizorul lor de servicii medicale. <\/p>\r\n    <\/div>\r\n  <\/div>\r\n\r\n  <div class=\"faq-item\">\r\n    <button class=\"faq-question\">C\u00e2t timp ar trebui s\u0103 folosesc produsul pentru a vedea rezultate?<\/button>\r\n    <div class=\"faq-answer\">\r\n      <p>Rezultatele variaz\u0103 individual. Utilizarea consecvent\u0103 conform dozei recomandate este crucial\u0103. Este recomandabil s\u0103 utiliza\u021bi produsul timp de 1\u20133 luni pentru a evalua pe deplin eficacitatea acestuia.  <\/p>\r\n    <\/div>\r\n  <\/div>\r\n\r\n  <div class=\"faq-item\">\r\n    <button class=\"faq-question\">Ce diferen\u021biaz\u0103 HerbaVitality de alte m\u0103rci?<\/button>\r\n    <div class=\"faq-answer\">\r\n      <p>HerbaVitality se concentreaz\u0103 pe formule special dezvoltate, cu o concentra\u021bie mai mare de ingrediente active cheie. Produsele noastre sunt toate naturale, vegane \u0219i create de exper\u021bi cu peste 20 de ani de experien\u021b\u0103. <\/p>\r\n    <\/div>\r\n  <\/div>\r\n\r\n  <div class=\"faq-item\">\r\n    <button class=\"faq-question\">Cum \u0219tiu ce produs HerbaVitality este potrivit pentru mine?<\/button>\r\n    <div class=\"faq-answer\">\r\n      <p>Site-ul nostru web ofer\u0103 informa\u021bii detaliate despre beneficiile \u0219i ingredientele fiec\u0103rui produs. Dac\u0103 ave\u021bi nevoie de ajutor personalizat, nu ezita\u021bi s\u0103 contacta\u021bi echipa noastr\u0103. <\/p>\r\n    <\/div>\r\n  <\/div>\r\n\r\n  <div class=\"faq-item\">\r\n    <button class=\"faq-question\">Pot lua suplimente HerbaVitality \u00eempreun\u0103 cu alte medicamente?<\/button>\r\n    <div class=\"faq-answer\">\r\n      <p>De\u0219i produsele noastre sunt naturale, este \u00eentotdeauna recomandat s\u0103 consulta\u021bi un specialist pentru a v\u0103 asigura c\u0103 nu exist\u0103 interac\u021biuni cu medicamentele dumneavoastr\u0103 actuale.<\/p>\r\n    <\/div>\r\n  <\/div>\r\n\r\n  <div class=\"faq-item\">\r\n    <button class=\"faq-question\">Cum utilizez suplimentele HerbaVitality?<\/button>\r\n    <div class=\"faq-answer\">\r\n      <p>Fiecare produs sose\u0219te cu instruc\u021biuni specifice de utilizare. Pute\u021bi g\u0103si aceste informa\u021bii \u0219i pe site-ul nostru web, la descrierea produsului. <\/p>\r\n    <\/div>\r\n  <\/div>\r\n\r\n  <div class=\"faq-item\">\r\n    <button class=\"faq-question\">De ce ne vei iubi?<\/button>\r\n    <div class=\"faq-answer\">\r\n      <p>Simplific\u0103m plantele, vitaminele \u0219i mineralele.<\/p>\r\n    <\/div>\r\n  <\/div>\r\n<\/div>\t\t\t\t<\/div>\n\t\t\t\t\t<\/div>\n\t\t\t\t<\/div>\n\t\t\t\t<\/div>\n\t\t","protected":false},"excerpt":{"rendered":"<p>\u00centreb\u0103ri frecvente Ave\u021bi nevoie de asisten\u021b\u0103? Consulta\u021bi sec\u021biunea \u00centreb\u0103ri frecvente sau contacta\u021bi-ne la adresa sales@herbavitality.com. Cum plasez o comand\u0103 \u0219i<\/p>\n","protected":false},"author":1,"featured_media":0,"parent":0,"menu_order":0,"comment_status":"closed","ping_status":"closed","template":"","meta":{"footnotes":""},"class_list":["post-34069","page","type-page","status-publish","hentry"],"_links":{"self":[{"href":"https:\/\/herbavitality.com\/ro\/wp-json\/wp\/v2\/pages\/34069","targetHints":{"allow":["GET"]}}],"collection":[{"href":"https:\/\/herbavitality.com\/ro\/wp-json\/wp\/v2\/pages"}],"about":[{"href":"https:\/\/herbavitality.com\/ro\/wp-json\/wp\/v2\/types\/page"}],"author":[{"embeddable":true,"href":"https:\/\/herbavitality.com\/ro\/wp-json\/wp\/v2\/users\/1"}],"replies":[{"embeddable":true,"href":"https:\/\/herbavitality.com\/ro\/wp-json\/wp\/v2\/comments?post=34069"}],"version-history":[{"count":1,"href":"https:\/\/herbavitality.com\/ro\/wp-json\/wp\/v2\/pages\/34069\/revisions"}],"predecessor-version":[{"id":34070,"href":"https:\/\/herbavitality.com\/ro\/wp-json\/wp\/v2\/pages\/34069\/revisions\/34070"}],"wp:attachment":[{"href":"https:\/\/herbavitality.com\/ro\/wp-json\/wp\/v2\/media?parent=34069"}],"curies":[{"name":"wp","href":"https:\/\/api.w.org\/{rel}","templated":true}]}}