{"id":34042,"date":"2025-11-02T15:00:59","date_gmt":"2025-11-02T15:00:59","guid":{"rendered":"https:\/\/herbavitality.com\/consimtamant-pentru-cookie-uri\/"},"modified":"2025-11-12T19:31:42","modified_gmt":"2025-11-12T19:31:42","slug":"consimtamant-pentru-cookie-uri","status":"publish","type":"page","link":"https:\/\/herbavitality.com\/ro\/consimtamant-pentru-cookie-uri\/","title":{"rendered":"Consim\u021b\u0103m\u00e2nt pentru cookie-uri"},"content":{"rendered":"\n<p>Bun venit pe Herbavitality.com. Ca majoritatea site-urilor web, folosim cookie-uri pentru a v\u0103 \u00eembun\u0103t\u0103\u021bi experien\u021ba de navigare \u0219i pentru a v\u0103 oferi con\u021binut personalizat. Prin continuarea utiliz\u0103rii site-ului nostru web, sunte\u021bi de acord cu utilizarea cookie-urilor \u00een conformitate cu aceast\u0103 Politic\u0103 privind cookie-urile.  <\/p>\n\n<p><strong>Ce sunt cookie-urile?<\/strong><\/p>\n\n<p>Cookie-urile sunt fi\u0219iere text de mici dimensiuni care sunt stocate pe dispozitivul dvs. atunci c\u00e2nd vizita\u021bi un site web. Acestea sunt utilizate pe scar\u0103 larg\u0103 pentru a face site-urile web s\u0103 func\u021bioneze mai eficient, precum \u0219i pentru a oferi informa\u021bii proprietarilor site-urilor web. <\/p>\n\n<p><strong>Cum folosim cookie-urile?<\/strong><\/p>\n\n<p>Folosim cookie-uri \u00een diverse scopuri, inclusiv:<\/p>\n\n<ul class=\"wp-block-list\">\n<li><strong>Cookie-uri esen\u021biale:<\/strong> Aceste cookie-uri sunt necesare pentru ca site-ul web s\u0103 func\u021bioneze corect. Acestea permit func\u021bionalit\u0103\u021bi de baz\u0103, cum ar fi securitatea, gestionarea re\u021belei \u0219i accesibilitatea. <\/li>\n\n\n\n<li><strong>Cookie-uri analitice:<\/strong> Aceste cookie-uri ne ajut\u0103 s\u0103 \u00een\u021belegem cum interac\u021bioneaz\u0103 vizitatorii cu site-ul nostru web prin colectarea \u0219i raportarea informa\u021biilor \u00een mod anonim. Acest lucru ne ajut\u0103 s\u0103 \u00eembun\u0103t\u0103\u021bim site-ul nostru web \u0219i s\u0103 \u00eel adapt\u0103m nevoilor dumneavoastr\u0103. <\/li>\n\n\n\n<li><strong>Cookie-uri de marketing:<\/strong> Aceste cookie-uri sunt utilizate pentru a urm\u0103ri vizitatorii pe site-uri web. Inten\u021bia este de a afi\u0219a reclame relevante \u0219i atractive pentru utilizatorul individual. <\/li>\n<\/ul>\n\n<p><strong>Alegerile dvs. cu privire la cookie-uri<\/strong><\/p>\n\n<p>Pute\u021bi controla \u0219i\/sau \u0219terge cookie-urile dup\u0103 cum dori\u021bi. Pute\u021bi \u0219terge toate cookie-urile care sunt deja pe dispozitivul dvs. \u0219i pute\u021bi seta majoritatea browserelor s\u0103 \u00eempiedice plasarea acestora. Cu toate acestea, dac\u0103 face\u021bi acest lucru, este posibil s\u0103 fie nevoie s\u0103 ajusta\u021bi manual unele preferin\u021be de fiecare dat\u0103 c\u00e2nd vizita\u021bi un site, iar unele servicii \u0219i func\u021bionalit\u0103\u021bi s-ar putea s\u0103 nu func\u021bioneze.  <\/p>\n\n<p><strong>Modific\u0103ri ale acestei Politici privind cookie-urile<\/strong><\/p>\n\n<p>Este posibil s\u0103 actualiz\u0103m periodic Politica noastr\u0103 privind cookie-urile. V\u0103 vom notifica despre orice modific\u0103ri prin publicarea noii Politici privind cookie-urile pe aceast\u0103 pagin\u0103. <\/p>\n\n<p><strong>Contacta\u0163i-ne<\/strong><\/p>\n\n<p>Dac\u0103 ave\u021bi \u00eentreb\u0103ri despre utilizarea cookie-urilor, v\u0103 rug\u0103m s\u0103 ne contacta\u021bi la sales@herbavitality.com<\/p>\n\n<p>Prin utilizarea site-ului nostru web, sunte\u021bi de acord cu utilizarea cookie-urilor a\u0219a cum este descris \u00een aceast\u0103 Politic\u0103 privind cookie-urile.By using our website, you consent to the use of cookies as outlined in this Cookie Policy.<\/p>\n","protected":false},"excerpt":{"rendered":"<p>Bun venit pe Herbavitality.com. Ca majoritatea site-urilor web, folosim cookie-uri pentru a v\u0103 \u00eembun\u0103t\u0103\u021bi experien\u021ba de navigare \u0219i pentru a<\/p>\n","protected":false},"author":1,"featured_media":0,"parent":0,"menu_order":0,"comment_status":"closed","ping_status":"closed","template":"","meta":{"footnotes":""},"class_list":["post-34042","page","type-page","status-publish","hentry"],"_links":{"self":[{"href":"https:\/\/herbavitality.com\/ro\/wp-json\/wp\/v2\/pages\/34042","targetHints":{"allow":["GET"]}}],"collection":[{"href":"https:\/\/herbavitality.com\/ro\/wp-json\/wp\/v2\/pages"}],"about":[{"href":"https:\/\/herbavitality.com\/ro\/wp-json\/wp\/v2\/types\/page"}],"author":[{"embeddable":true,"href":"https:\/\/herbavitality.com\/ro\/wp-json\/wp\/v2\/users\/1"}],"replies":[{"embeddable":true,"href":"https:\/\/herbavitality.com\/ro\/wp-json\/wp\/v2\/comments?post=34042"}],"version-history":[{"count":1,"href":"https:\/\/herbavitality.com\/ro\/wp-json\/wp\/v2\/pages\/34042\/revisions"}],"predecessor-version":[{"id":34043,"href":"https:\/\/herbavitality.com\/ro\/wp-json\/wp\/v2\/pages\/34042\/revisions\/34043"}],"wp:attachment":[{"href":"https:\/\/herbavitality.com\/ro\/wp-json\/wp\/v2\/media?parent=34042"}],"curies":[{"name":"wp","href":"https:\/\/api.w.org\/{rel}","templated":true}]}}