{"id":33928,"date":"2025-10-31T16:22:12","date_gmt":"2025-10-31T16:22:12","guid":{"rendered":"https:\/\/herbavitality.com\/termeni-si-conditii\/"},"modified":"2025-11-12T18:55:53","modified_gmt":"2025-11-12T18:55:53","slug":"termeni-si-conditii","status":"publish","type":"page","link":"https:\/\/herbavitality.com\/ro\/termeni-si-conditii\/","title":{"rendered":"Termeni \u0219i condi\u021bii"},"content":{"rendered":"\n<h2 class=\"wp-block-heading\"><strong>V\u0102 RUG\u0102M S\u0102 CITI\u021aI CU ATEN\u021aIE TERMENII \u00ceNAINTE DE A UTILIZA ACEST SITE<\/strong><\/h2>\n\n<p>V\u0103 rug\u0103m s\u0103 citi\u021bi cu aten\u021bie ace\u0219ti termeni de utilizare \u00eenainte de a utiliza site-ul sau serviciile disponibile pe site. Prin vizitarea sau utilizarea site-ului sau prin efectuarea unei achizi\u021bii de pe site, confirma\u021bi acceptarea termenilor acestui site. <\/p>\n\n<p>Prin vizitarea site-ului sau vizualizarea oric\u0103rui con\u021binut de pe site \u0219i\/sau prin efectuarea unei achizi\u021bii pe site, declara\u021bi \u0219i garanta\u021bi c\u0103 a\u021bi citit, a\u021bi \u00een\u021beles, ave\u021bi capacitatea legal\u0103 de a ac\u021biona \u0219i sunte\u021bi de acord s\u0103 fi\u021bi obligat din punct de vedere legal de ace\u0219ti termeni. Dac\u0103 nu sunte\u021bi de acord cu ace\u0219ti termeni, v\u0103 rug\u0103m s\u0103 nu utiliza\u021bi site-ul. <\/p>\n\n<p>Ace\u0219ti termeni acoper\u0103 toate produsele v\u00e2ndute exclusiv prin intermediul site-ului web. Orice abatere de la ace\u0219ti termeni va fi confirmat\u0103. Orice al\u021bi Termeni \u0219i Condi\u021bii sunt exclu\u0219i. Orice utilizator care intr\u0103 \u0219i utilizeaz\u0103 serviciile magazinului \u00ee\u0219i d\u0103 consim\u021b\u0103m\u00e2ntul \u0219i este de acord s\u0103 respecte termenii stabili\u021bi aici, f\u0103r\u0103 excep\u021bii. Dac\u0103 cineva nu este de acord cu ace\u0219ti termeni, trebuie s\u0103 se ab\u021bin\u0103 de la utilizarea serviciilor acestui magazin \u0219i de la orice tranzac\u021bie cu acesta. Trimiterea comenzii implic\u0103 acceptarea acestor termeni \u0219i condi\u021bii \u0219i a tuturor termenilor aferenti.     <\/p>\n\n<h4 class=\"wp-block-heading\"><strong>COMENZI<\/strong><\/h4>\n\n<p>Comenzile trebuie primite prin internet prin completarea Formularului de comand\u0103 relevant, care poate fi g\u0103sit \u00een magazinul online. Comanda dumneavoastr\u0103 este primit\u0103 de noi \u00een momentul \u00een care introduce\u021bi datele de livrare \u0219i cantitatea dorit\u0103 prin intermediul Formularului de comand\u0103. Detaliile comenzii sunt disponibile pe ecranul utilizatorului dup\u0103 finalizarea comenzii.  <\/p>\n\n<h4 class=\"wp-block-heading\"><strong>PRE\u021aURI \u0218I PROMO\u021aII<\/strong><\/h4>\n\n<p>Toate pre\u021burile de pe site sunt finale. \u00cen cazul unei promo\u021bii \u00een desf\u0103\u0219urare, clien\u021bii no\u0219tri vor avea \u0219ansa de a beneficia de o reducere la pre\u021bul produsului aflat \u00een promo\u021bie. Pre\u021burile produselor se pot modifica f\u0103r\u0103 notificare prealabil\u0103. Cump\u0103r\u0103torilor li se va percepe pre\u021bul produsului valabil la momentul achizi\u021biei.   <\/p>\n\n<h4 class=\"wp-block-heading\"><strong>MISIUNI \/ TERMENI DE LIVRARE<\/strong><\/h4>\n\n<p>Produsul poate fi livrat oriunde \u00een \u021bar\u0103. Produsele vor fi trimise prin curier la adresa pe care a\u021bi indicat-o \u00een Formularul de comand\u0103. Metoda de plat\u0103 este cea indicat\u0103 \u00een magazinul online. \u00cen zonele \u00een care nu este posibil\u0103 trimiterea comenzii prin curier, livrarea este asigurat\u0103 de Serviciul Po\u0219tal Na\u021bional. Livrarea se va face zilnic, cu excep\u021bia weekendurilor \u0219i a s\u0103rb\u0103torilor legale.    <\/p>\n\n<h4 class=\"wp-block-heading\"><strong>REFUNDS<\/strong><\/h4>\n\n<p>Reclama\u021biile pentru retururi sau anul\u0103ri se trimit prin e-mail. \u00cen reclama\u021bie, clientul indic\u0103 motivul reclama\u021biei. Ne rezerv\u0103m dreptul de a nu accepta reclama\u021bia cump\u0103r\u0103torului, dac\u0103 motivele reclama\u021biei sale se dovedesc a fi nerezonabile.  <\/p>\n\n<p>Produsul returnat trebuie s\u0103 fie \u00een aceea\u0219i stare \u00een care l-a\u021bi primit (ca nou), f\u0103r\u0103 a fi desigilat sau ambalajul deteriorat, chiar \u00eenainte de v\u00e2nzare, ca ambalajul original complet.<\/p>\n\n<p>Pentru a accepta returul, trebuie s\u0103 indica\u021bi num\u0103rul comenzii persoanei care a achizi\u021bionat ini\u021bial produsul \u0219i ale c\u0103rei date sunt afi\u0219ate \u00een codul comenzii.<\/p>\n\n<p>Clientul are dreptul s\u0103 returneze produsul achizi\u021bionat \u0219i s\u0103 solicite \u00eenlocuirea acestuia cu un alt produs sau rambursarea banilor, \u00een dou\u0103 cazuri:<\/p>\n\n<p>1. \u00cen cazurile de vin\u0103 dovedit\u0103 a companiei noastre (primirea unui produs gre\u0219it sau a unui produs cu defecte de calitate), clientul trebuie s\u0103 returneze produsul \u00een termen de treizeci (30) de zile de la data primirii acestuia, f\u0103r\u0103 costuri de transport.<\/p>\n\n<p>2. Dac\u0103 decizia clientului de a returna produsul nu a rezultat din niciunul dintre motivele obiective men\u021bionate anterior, compania \u00ee\u0219i rezerv\u0103 dreptul de a nu onora reclama\u021bia. Dac\u0103 reclama\u021bia este admis\u0103, clientul poate returna produsul \u00een termen de treizeci (30) de zile de la data primirii. \u00cen acest caz, toate costurile de transport, precum \u0219i orice diferen\u021b\u0103 de pre\u021b al produselor, vor fi suportate de c\u0103tre client.  <\/p>\n\n<p>\u00cen toate cazurile, produsele trebuie s\u0103 fie \u00een starea \u00een care au fost primite de client, complete, f\u0103r\u0103 nicio deteriorare \u0219i \u00een ambalajul original. Dac\u0103 nu sunt returnate \u00een termen de treizeci (30) de zile, magazinul nostru nu este obligat s\u0103 accepte nicio rambursare. <\/p>\n\n<p>Dup\u0103 respectarea Termenilor \u0219i condi\u021biilor \u0219i acceptarea return\u0103rii produsului, clientul are dreptul s\u0103 primeasc\u0103 fie un alt produs de valoare egal\u0103, fie o rambursare. Rambursarea c\u0103tre client va fi efectuat\u0103 \u00een termen de nou\u0103zeci (90) de zile de la data primirii produsului. <\/p>\n\n<p>\u00cen cazul unor ramburs\u0103ri repetate sau \u00een cazul \u00een care societatea noastr\u0103, la discre\u021bia sa exclusiv\u0103, consider\u0103 c\u0103 clientul abuzeaz\u0103 de dreptul de returnare sau ac\u021bioneaz\u0103 cu rea-credin\u021b\u0103, are dreptul s\u0103 refuze returnarea produsului, chiar dac\u0103 aceste condi\u021bii sunt \u00eendeplinite.<\/p>\n\n<p>Ace\u0219ti termeni nu vor afecta drepturile consumatorilor prev\u0103zute de lege.<\/p>\n\n<h4 class=\"wp-block-heading\"><strong>OBLIGA\u021aIILE DUMNEAVOASTR\u0102 CA CLIENT<\/strong><\/h4>\n\n<p>E\u0219ti responsabil pentru selectarea produsului t\u0103u \u0219i pentru adecvarea acestuia la scopurile tale. Clientul nu trebuie s\u0103 d\u0103uneze sau s\u0103 \u00eencerce s\u0103 d\u0103uneze integrit\u0103\u021bii, siguran\u021bei \u0219i\/sau disponibilit\u0103\u021bii serviciilor companiei noastre. <\/p>\n\n<p>\u25cf Furniza\u021bi un nume, un nume de familie, o adres\u0103 po\u0219tal\u0103, un num\u0103r de telefon \u0219i o adres\u0103 de e-mail valide.<\/p>\n\n<p>\u25cf Pl\u0103ti\u021bi pre\u021bul bunurilor comandate.<\/p>\n\n<p>\u25cf Fi\u021bi disponibili sau ave\u021bi un reprezentant disponibil \u00een momentul livr\u0103rii.<\/p>\n\n<p>\u25cf Nu fabrica\u021bi comenzi.<\/p>\n\n<p>\u25cf Nu crea\u021bi recenzii de produse \u0219i nu oferi\u021bi alte informa\u021bii false.<\/p>\n\n<h4 class=\"wp-block-heading\"><strong>TERMS AND CONDITIONS<\/strong><\/h4>\n\n<p>Compania \u00ee\u0219i rezerv\u0103 dreptul de a modifica sau actualiza ace\u0219ti termeni \u0219i condi\u021bii, \u00eens\u0103 acest drept nu afecteaz\u0103 termenii \u0219i condi\u021biile existente, acceptate de client dup\u0103 efectuarea comenzii. Modificarea sau re\u00eennoirea va intra \u00een vigoare din momentul \u00een care a fost informat textul despre orice modificare. V\u0103 rug\u0103m s\u0103 verifica\u021bi periodic modific\u0103rile aduse sec\u021biunii de termeni \u0219i condi\u021bii de pe acest site web.  <\/p>\n\n<h4 class=\"wp-block-heading\"><strong>LEGISLA\u021aIE APLICABIL\u0102 \u2013 JURISDIC\u021aIE<\/strong><\/h4>\n\n<p>Prezentul Acord va fi guvernat de legisla\u021bia interna\u021bional\u0103 \u0219i na\u021bional\u0103, \u00een special de legile care reglementeaz\u0103 aspectele legate de comer\u021bul electronic, v\u00e2nz\u0103rile la distan\u021b\u0103 \u0219i protec\u021bia consumatorilor \u0219i se supune jurisdic\u021biei exclusive a instan\u021belor de la locul \u00een care se afl\u0103 sediul companiei noastre.<\/p>\n\n<h4 class=\"wp-block-heading\"><strong>PRODUSE<\/strong><\/h4>\n\n<p>Produsele g\u0103zduite pe paginile magazinului sunt de \u00eenalt\u0103 calitate \u0219i \u00eendeplinesc toate specifica\u021biile necesare. De asemenea, sunt analizate complet din punct de vedere al calit\u0103\u021bii \u0219i utiliz\u0103rii. Pentru orice alt\u0103 utilizare sau aplica\u021bie, alta dec\u00e2t cea pentru care sunt propuse \u0219i construite din magazinul nostru online, este responsabilitatea exclusiv\u0103 a clientului.  <\/p>\n\n<h4 class=\"wp-block-heading\"><strong>POLITICA DE CONFIDEN\u021aIALITATE<\/strong><\/h4>\n\n<p>Datele personale ale clien\u021bilor site-ului nostru web r\u0103m\u00e2n strict confiden\u021biale \u0219i sunt utilizate doar pentru a \u00eendeplini ac\u021biunile de mai sus \u0219i \u00een scop informativ. Transmiterea de c\u0103tre dumneavoastr\u0103 a datelor dumneavoastr\u0103 personale \u00eenseamn\u0103 c\u0103 ave\u021bi peste 18 ani \u0219i sunte\u021bi de acord cu utilizarea datelor de c\u0103tre compania noastr\u0103. Datele dumneavoastr\u0103 personale nu vor fi transmise c\u0103tre ter\u021bi, cu excep\u021bia cazului \u00een care acest lucru este impus prin mijloace legale de c\u0103tre autorit\u0103\u021bile de aplicare a legii.  <\/p>\n","protected":false},"excerpt":{"rendered":"<p>V\u0102 RUG\u0102M S\u0102 CITI\u021aI CU ATEN\u021aIE TERMENII \u00ceNAINTE DE A UTILIZA ACEST SITE V\u0103 rug\u0103m s\u0103 citi\u021bi cu aten\u021bie ace\u0219ti<\/p>\n","protected":false},"author":1,"featured_media":0,"parent":0,"menu_order":0,"comment_status":"closed","ping_status":"open","template":"","meta":{"footnotes":""},"class_list":["post-33928","page","type-page","status-publish","hentry"],"_links":{"self":[{"href":"https:\/\/herbavitality.com\/ro\/wp-json\/wp\/v2\/pages\/33928","targetHints":{"allow":["GET"]}}],"collection":[{"href":"https:\/\/herbavitality.com\/ro\/wp-json\/wp\/v2\/pages"}],"about":[{"href":"https:\/\/herbavitality.com\/ro\/wp-json\/wp\/v2\/types\/page"}],"author":[{"embeddable":true,"href":"https:\/\/herbavitality.com\/ro\/wp-json\/wp\/v2\/users\/1"}],"replies":[{"embeddable":true,"href":"https:\/\/herbavitality.com\/ro\/wp-json\/wp\/v2\/comments?post=33928"}],"version-history":[{"count":1,"href":"https:\/\/herbavitality.com\/ro\/wp-json\/wp\/v2\/pages\/33928\/revisions"}],"predecessor-version":[{"id":33929,"href":"https:\/\/herbavitality.com\/ro\/wp-json\/wp\/v2\/pages\/33928\/revisions\/33929"}],"wp:attachment":[{"href":"https:\/\/herbavitality.com\/ro\/wp-json\/wp\/v2\/media?parent=33928"}],"curies":[{"name":"wp","href":"https:\/\/api.w.org\/{rel}","templated":true}]}}