{"id":34067,"date":"2025-11-06T12:15:56","date_gmt":"2025-11-06T12:15:56","guid":{"rendered":"https:\/\/herbavitality.com\/gyik\/"},"modified":"2025-11-12T19:55:01","modified_gmt":"2025-11-12T19:55:01","slug":"gyik","status":"publish","type":"page","link":"https:\/\/herbavitality.com\/hu\/gyik\/","title":{"rendered":"GYIK"},"content":{"rendered":"\t\t<div data-elementor-type=\"wp-page\" data-elementor-id=\"34067\" class=\"elementor elementor-34067 elementor-29294\" data-elementor-post-type=\"page\">\n\t\t\t\t<div class=\"wd-negative-gap elementor-element elementor-element-1e5f035 e-flex e-con-boxed e-con e-parent\" data-id=\"1e5f035\" data-element_type=\"container\" data-e-type=\"container\">\n\t\t\t\t\t<div class=\"e-con-inner\">\n\t\t\t\t<div class=\"elementor-element elementor-element-2d75396 elementor-widget elementor-widget-html\" data-id=\"2d75396\" data-element_type=\"widget\" data-e-type=\"widget\" data-widget_type=\"html.default\">\n\t\t\t\t\t<div class=\"FAQ\">\r\n  <h2>Gyakran ism\u00e9telt k\u00e9rd\u00e9sek<\/h2>\r\n  <p class=\"faq-intro\">\r\n Seg\u00edts\u00e9gre van sz\u00fcks\u00e9ge? Tekintse meg a Gyakran Ism\u00e9telt K\u00e9rd\u00e9seket, vagy vegye fel vel\u00fcnk a kapcsolatot a <a href=\"mailto:sales@herbavitality.com\">sales@herbavitality.com<\/a> c\u00edmen. \r\n  <\/p>\r\n\r\n  <div class=\"faq-item\">\r\n    <button class=\"faq-question\">Hogyan adhatok le rendel\u00e9st \u00e9s fizethetek?<\/button>\r\n    <div class=\"faq-answer\">\r\n      <p>Rendel\u00e9s\u00e9t k\u00f6zvetlen\u00fcl online \u00e1ruh\u00e1zunkon kereszt\u00fcl leadhatja az \u00fczlet r\u00e9szlegen kereszt\u00fcl. A fizet\u00e9s a k\u00e9zbes\u00edt\u00e9skor t\u00f6rt\u00e9nik, k\u00e9szp\u00e9nzzel az \u00e1tv\u00e9telkor, vagy bankk\u00e1rty\u00e1val \u00e9s PayPal-lal a weboldalunkon. <\/p>\r\n    <\/div>\r\n  <\/div>\r\n\r\n  <div class=\"faq-item\">\r\n    <button class=\"faq-question\">Mi az \u00e1r \u00e9s a sz\u00e1ll\u00edt\u00e1si id\u0151?<\/button>\r\n    <div class=\"faq-answer\">\r\n      <p>A sz\u00e1ll\u00edt\u00e1s ingyenes a 40 EUR feletti megrendel\u00e9sek eset\u00e9n, \u00e9s 4,99 EUR az alattiakn\u00e1l. Megrendel\u00e9s ut\u00e1n a term\u00e9keket 1\u20133 munkanapon bel\u00fcl k\u00e9zbes\u00edtj\u00fck \u00d6nnek. <\/p>\r\n    <\/div>\r\n  <\/div>\r\n\r\n  <div class=\"faq-item\">\r\n    <button class=\"faq-question\">Visszak\u00fcldhetem a term\u00e9keket?<\/button>\r\n    <div class=\"faq-answer\">\r\n      <p>A term\u00e9keket a k\u00e9zhezv\u00e9telt\u0151l sz\u00e1m\u00edtott 14 napon bel\u00fcl visszak\u00fcldheti, azzal a felt\u00e9tellel, hogy nem haszn\u00e1lt\u00e1k \u0151ket. Kicsomagolt prom\u00f3ci\u00f3s csomagok vagy azoknak csak egy r\u00e9sze nem k\u00fcldhet\u0151 vissza. Visszak\u00fcld\u00e9si k\u00e9relm\u00e9t a <a href=\"mailto:sales@herbavitality.com\">sales@herbavitality.com<\/a> e-mail c\u00edmre k\u00fcldve teheti meg.  <\/p>\r\n    <\/div>\r\n  <\/div>\r\n\r\n  <div class=\"faq-item\">\r\n    <button class=\"faq-question\">Vannak mell\u00e9khat\u00e1sai?<\/button>\r\n    <div class=\"faq-answer\">\r\n      <p>N\u00f6v\u00e9nyi alap\u00fa \u00e9s term\u00e9szetes forr\u00e1sb\u00f3l sz\u00e1rmaz\u00f3 term\u00e9keinknek jellemz\u0151en nincsenek mell\u00e9khat\u00e1sai. Azonban az allergi\u00e1soknak, terhes vagy szoptat\u00f3 n\u0151knek, illetve orvosi kezel\u00e9s alatt \u00e1ll\u00f3knak konzult\u00e1lniuk kell eg\u00e9szs\u00e9g\u00fcgyi szolg\u00e1ltat\u00f3jukkal. <\/p>\r\n    <\/div>\r\n  <\/div>\r\n\r\n  <div class=\"faq-item\">\r\n    <button class=\"faq-question\">Mennyi ideig kell haszn\u00e1lnom a term\u00e9ket az eredm\u00e9nyek el\u00e9r\u00e9s\u00e9hez?<\/button>\r\n    <div class=\"faq-answer\">\r\n      <p>Az eredm\u00e9nyek egy\u00e9nenk\u00e9nt v\u00e1ltoznak. A javasolt adagol\u00e1s szerinti k\u00f6vetkezetes haszn\u00e1lat kulcsfontoss\u00e1g\u00fa. Javasolt a term\u00e9ket 1\u20133 h\u00f3napig haszn\u00e1lni a hat\u00e9konys\u00e1g teljes felm\u00e9r\u00e9s\u00e9hez.  <\/p>\r\n    <\/div>\r\n  <\/div>\r\n\r\n  <div class=\"faq-item\">\r\n    <button class=\"faq-question\">Miben k\u00fcl\u00f6nb\u00f6zik a HerbaVitality m\u00e1s m\u00e1rk\u00e1kt\u00f3l?<\/button>\r\n    <div class=\"faq-answer\">\r\n      <p>A HerbaVitality a speci\u00e1lisan kifejlesztett formul\u00e1kra \u00f6sszpontos\u00edt, amelyek magasabb koncentr\u00e1ci\u00f3ban tartalmaznak kulcsfontoss\u00e1g\u00fa hat\u00f3anyagokat. Term\u00e9keink mind term\u00e9szetesek, veg\u00e1nok, \u00e9s t\u00f6bb mint 20 \u00e9ves tapasztalattal rendelkez\u0151 szak\u00e9rt\u0151k hozt\u00e1k l\u00e9tre \u0151ket. <\/p>\r\n    <\/div>\r\n  <\/div>\r\n\r\n  <div class=\"faq-item\">\r\n    <button class=\"faq-question\">Honnan tudhatom, hogy melyik HerbaVitality term\u00e9k a megfelel\u0151 sz\u00e1momra?<\/button>\r\n    <div class=\"faq-answer\">\r\n      <p>Weboldalunk r\u00e9szletes inform\u00e1ci\u00f3kat ny\u00fajt az egyes term\u00e9kek el\u0151nyeir\u0151l \u00e9s \u00f6sszetev\u0151ir\u0151l. Ha szem\u00e9lyre szabott seg\u00edts\u00e9gre van sz\u00fcks\u00e9ge, ne habozzon kapcsolatba l\u00e9pni csapatunkkal. <\/p>\r\n    <\/div>\r\n  <\/div>\r\n\r\n  <div class=\"faq-item\">\r\n    <button class=\"faq-question\">Szedhetem a HerbaVitality \u00e9trend-kieg\u00e9sz\u00edt\u0151ket m\u00e1s gy\u00f3gyszerekkel egy\u00fctt?<\/button>\r\n    <div class=\"faq-answer\">\r\n      <p>B\u00e1r term\u00e9keink term\u00e9szetesek, mindig a legjobb, ha szakemberrel konzult\u00e1l, hogy megbizonyosodjon arr\u00f3l, hogy nincsenek-e k\u00f6lcs\u00f6nhat\u00e1sok a jelenleg szedett gy\u00f3gyszereivel.<\/p>\r\n    <\/div>\r\n  <\/div>\r\n\r\n  <div class=\"faq-item\">\r\n    <button class=\"faq-question\">Hogyan kell haszn\u00e1lni a HerbaVitality t\u00e1pl\u00e1l\u00e9kkieg\u00e9sz\u00edt\u0151ket?<\/button>\r\n    <div class=\"faq-answer\">\r\n      <p>Minden term\u00e9khez k\u00fcl\u00f6n haszn\u00e1lati utas\u00edt\u00e1s tartozik. Ezeket az inform\u00e1ci\u00f3kat a weboldalunkon is megtal\u00e1lja a term\u00e9kle\u00edr\u00e1s alatt. <\/p>\r\n    <\/div>\r\n  <\/div>\r\n\r\n  <div class=\"faq-item\">\r\n    <button class=\"faq-question\">Mi\u00e9rt fogsz szeretni minket?<\/button>\r\n    <div class=\"faq-answer\">\r\n      <p>Egyszer\u0171en elk\u00e9sz\u00edtj\u00fck a gy\u00f3gyn\u00f6v\u00e9nyeket, vitaminokat \u00e9s \u00e1sv\u00e1nyi anyagokat.<\/p>\r\n    <\/div>\r\n  <\/div>\r\n<\/div>\t\t\t\t<\/div>\n\t\t\t\t\t<\/div>\n\t\t\t\t<\/div>\n\t\t\t\t<\/div>\n\t\t","protected":false},"excerpt":{"rendered":"<p>Gyakran ism\u00e9telt k\u00e9rd\u00e9sek Seg\u00edts\u00e9gre van sz\u00fcks\u00e9ge? Tekintse meg a Gyakran Ism\u00e9telt K\u00e9rd\u00e9seket, vagy vegye fel vel\u00fcnk a kapcsolatot a sales@herbavitality.com<\/p>\n","protected":false},"author":1,"featured_media":0,"parent":0,"menu_order":0,"comment_status":"closed","ping_status":"closed","template":"","meta":{"footnotes":""},"class_list":["post-34067","page","type-page","status-publish","hentry"],"_links":{"self":[{"href":"https:\/\/herbavitality.com\/hu\/wp-json\/wp\/v2\/pages\/34067","targetHints":{"allow":["GET"]}}],"collection":[{"href":"https:\/\/herbavitality.com\/hu\/wp-json\/wp\/v2\/pages"}],"about":[{"href":"https:\/\/herbavitality.com\/hu\/wp-json\/wp\/v2\/types\/page"}],"author":[{"embeddable":true,"href":"https:\/\/herbavitality.com\/hu\/wp-json\/wp\/v2\/users\/1"}],"replies":[{"embeddable":true,"href":"https:\/\/herbavitality.com\/hu\/wp-json\/wp\/v2\/comments?post=34067"}],"version-history":[{"count":1,"href":"https:\/\/herbavitality.com\/hu\/wp-json\/wp\/v2\/pages\/34067\/revisions"}],"predecessor-version":[{"id":34068,"href":"https:\/\/herbavitality.com\/hu\/wp-json\/wp\/v2\/pages\/34067\/revisions\/34068"}],"wp:attachment":[{"href":"https:\/\/herbavitality.com\/hu\/wp-json\/wp\/v2\/media?parent=34067"}],"curies":[{"name":"wp","href":"https:\/\/api.w.org\/{rel}","templated":true}]}}