{"id":29747,"date":"2025-10-31T16:22:12","date_gmt":"2025-10-31T16:22:12","guid":{"rendered":"https:\/\/herbavitality.com\/altalanos-szerzodesi-feltetelek\/"},"modified":"2025-11-08T05:21:38","modified_gmt":"2025-11-08T05:21:38","slug":"altalanos-szerzodesi-feltetelek","status":"publish","type":"page","link":"https:\/\/herbavitality.com\/hu\/altalanos-szerzodesi-feltetelek\/","title":{"rendered":"\u00c1ltal\u00e1nos szerz\u0151d\u00e9si felt\u00e9telek"},"content":{"rendered":"\n<h2 class=\"wp-block-heading\"><strong>K\u00c9RJ\u00dcK, OLVASSA EL FIGYELMESEN A FELT\u00c9TELEKET, MIEL\u0150TT HASZN\u00c1LN\u00c1 AZ OLDALT<\/strong><\/h2>\n\n<p>K\u00e9rj\u00fck, figyelmesen olvassa el ezeket a felhaszn\u00e1l\u00e1si felt\u00e9teleket, miel\u0151tt haszn\u00e1ln\u00e1 az oldalt vagy az oldalon el\u00e9rhet\u0151 szolg\u00e1ltat\u00e1sokat. Az oldal l\u00e1togat\u00e1s\u00e1val vagy haszn\u00e1lat\u00e1val, illetve az oldalon t\u00f6rt\u00e9n\u0151 v\u00e1s\u00e1rl\u00e1ssal \u00d6n meger\u0151s\u00edti az oldal felt\u00e9teleinek elfogad\u00e1s\u00e1t. <\/p>\n\n<p>Az oldal l\u00e1togat\u00e1s\u00e1val, az oldalon tal\u00e1lhat\u00f3 tartalom megtekint\u00e9s\u00e9vel \u00e9s\/vagy az oldalon t\u00f6rt\u00e9n\u0151 v\u00e1s\u00e1rl\u00e1ssal \u00d6n kijelenti \u00e9s szavatolja, hogy elolvasta, meg\u00e9rtette, jogilag k\u00e9pes r\u00e1, \u00e9s ez\u00faton jogilag k\u00f6telez\u0151nek ismeri el mag\u00e1ra n\u00e9zve ezeket a felt\u00e9teleket. Amennyiben nem \u00e9rt egyet ezekkel a felt\u00e9telekkel, k\u00e9rj\u00fck, ne haszn\u00e1lja az oldalt. <\/p>\n\n<p>Ezek a felt\u00e9telek az \u00f6sszes, kiz\u00e1r\u00f3lag a weboldalon kereszt\u00fcl \u00e9rt\u00e9kes\u00edtett term\u00e9kre vonatkoznak. Az ezekt\u0151l a felt\u00e9telekt\u0151l val\u00f3 b\u00e1rmilyen elt\u00e9r\u00e9st meg kell er\u0151s\u00edteni. Minden egy\u00e9b \u00e1ltal\u00e1nos szerz\u0151d\u00e9si felt\u00e9tel kiz\u00e1rt. B\u00e1rmely felhaszn\u00e1l\u00f3, aki bel\u00e9p \u00e9s haszn\u00e1lja az \u00fczlet szolg\u00e1ltat\u00e1sait, kiv\u00e9tel n\u00e9lk\u00fcl hozz\u00e1j\u00e1rul \u00e9s elfogadja az itt meghat\u00e1rozott felt\u00e9teleket. Ha valaki nem \u00e9rt egyet ezekkel a felt\u00e9telekkel, tart\u00f3zkodnia kell az \u00fczlet szolg\u00e1ltat\u00e1sainak haszn\u00e1lat\u00e1t\u00f3l \u00e9s az azzal val\u00f3 b\u00e1rmilyen tranzakci\u00f3t\u00f3l. Megrendel\u00e9s\u00e9nek elk\u00fcld\u00e9se mag\u00e1ban foglalja ezen \u00e1ltal\u00e1nos szerz\u0151d\u00e9si felt\u00e9telek \u00e9s minden egy\u00e9b felt\u00e9tel elfogad\u00e1s\u00e1t.     <\/p>\n\n<h4 class=\"wp-block-heading\"><strong>MEGRENDEL\u00c9SEK<\/strong><\/h4>\n\n<p>A megrendel\u00e9seket az interneten kereszt\u00fcl, a vonatkoz\u00f3 Megrendel\u0151lap kit\u00f6lt\u00e9s\u00e9vel kell leadni, amely az online boltban tal\u00e1lhat\u00f3. Megrendel\u00e9s\u00e9t akkor fogadjuk el, amikor a Megrendel\u0151lapon kereszt\u00fcl elk\u00fcldi sz\u00e1ll\u00edt\u00e1si adatait \u00e9s a k\u00edv\u00e1nt mennyis\u00e9get. A megrendel\u00e9s r\u00e9szletei a megrendel\u00e9s befejez\u00e9se ut\u00e1n a felhaszn\u00e1l\u00f3 k\u00e9perny\u0151j\u00e9n el\u00e9rhet\u0151k.  <\/p>\n\n<h4 class=\"wp-block-heading\"><strong>\u00c1RAK \u00c9S AKCI\u00d3K<\/strong><\/h4>\n\n<p>Az oldalon felt\u00fcntetett \u00f6sszes \u00e1r v\u00e9gleges. Folyamatban l\u00e9v\u0151 akci\u00f3 eset\u00e9n \u00fcgyfeleink kedvezm\u00e9nyt kaphatnak az akci\u00f3s term\u00e9k \u00e1r\u00e1b\u00f3l. A term\u00e9kek \u00e1rai el\u0151zetes \u00e9rtes\u00edt\u00e9s n\u00e9lk\u00fcl v\u00e1ltozhatnak. A v\u00e1s\u00e1rl\u00f3kat a v\u00e1s\u00e1rl\u00e1s id\u0151pontj\u00e1ban \u00e9rv\u00e9nyes term\u00e9k\u00e1r terheli.   <\/p>\n\n<h4 class=\"wp-block-heading\"><strong>SZ\u00c1LL\u00cdT\u00c1S \/ SZ\u00c1LL\u00cdT\u00c1SI FELT\u00c9TELEK<\/strong><\/h4>\n\n<p>A term\u00e9k az orsz\u00e1gon bel\u00fcl b\u00e1rhov\u00e1 sz\u00e1ll\u00edthat\u00f3. A term\u00e9keket fut\u00e1rszolg\u00e1lattal k\u00fcldj\u00fck el az \u00d6n \u00e1ltal a Megrendel\u0151lapon megadott c\u00edmre. A fizet\u00e9si m\u00f3d az online boltban felt\u00fcntetettek szerint t\u00f6rt\u00e9nik. Azokon a ter\u00fcleteken, ahol nem lehets\u00e9ges a megrendel\u00e9s fut\u00e1rszolg\u00e1lattal t\u00f6rt\u00e9n\u0151 elk\u00fcld\u00e9se, a sz\u00e1ll\u00edt\u00e1st a Nemzeti Postaszolg\u00e1lat biztos\u00edtja. A sz\u00e1ll\u00edt\u00e1s naponta t\u00f6rt\u00e9nik, kiv\u00e9ve h\u00e9tv\u00e9g\u00e9ket \u00e9s \u00fcnnepnapokat.    <\/p>\n\n<h4 class=\"wp-block-heading\"><strong>VISSZAT\u00c9R\u00cdT\u00c9S<\/strong><\/h4>\n\n<p>A visszak\u00fcld\u00e9si vagy lemond\u00e1si ig\u00e9nyeket e-mailben kell elk\u00fcldeni. Az ig\u00e9nyben az \u00fcgyf\u00e9l megjel\u00f6li az ig\u00e9ny ok\u00e1t. Fenntartjuk a jogot, hogy ne fogadjuk el a v\u00e1s\u00e1rl\u00f3 ig\u00e9ny\u00e9t, ha panasz\u00e1nak indokai megalapozatlannak bizonyulnak.  <\/p>\n\n<p>A visszak\u00fcld\u00f6tt term\u00e9knek abban az \u00e1llapotban kell lennie, ahogyan \u00d6n \u00e1tvette (\u00fajszer\u0171 \u00e1llapotban), felbontatlanul \u00e9s s\u00e9rtetlen csomagol\u00e1sban, a teljes eredeti csomagol\u00e1ssal egy\u00fctt, ahogyan az elad\u00e1s el\u0151tt volt.<\/p>\n\n<p>A visszak\u00fcld\u00e9s elfogad\u00e1s\u00e1hoz be kell mutatnia annak a szem\u00e9lynek a rendel\u00e9si sz\u00e1m\u00e1t, aki eredetileg megv\u00e1s\u00e1rolta a term\u00e9ket, \u00e9s akinek adatai a rendel\u00e9si k\u00f3dban szerepelnek.<\/p>\n\n<p>Az \u00fcgyf\u00e9lnek joga van a megv\u00e1s\u00e1rolt term\u00e9ket visszak\u00fcldeni, \u00e9s k\u00e9rheti annak cser\u00e9j\u00e9t egy m\u00e1sik term\u00e9kre vagy visszat\u00e9r\u00edt\u00e9st, k\u00e9t esetben:<\/p>\n\n<p>1. C\u00e9g\u00fcnk bizony\u00edtott hib\u00e1ja eset\u00e9n (rossz term\u00e9k vagy min\u0151s\u00e9gi hib\u00e1s term\u00e9k \u00e1tv\u00e9tele) az \u00fcgyf\u00e9lnek harminc (30) napon bel\u00fcl vissza kell k\u00fcldenie a term\u00e9ket az \u00e1tv\u00e9tel napj\u00e1t\u00f3l sz\u00e1m\u00edtva, sz\u00e1ll\u00edt\u00e1si k\u00f6lts\u00e9g n\u00e9lk\u00fcl.<\/p>\n\n<p>2. Ha az \u00fcgyf\u00e9l term\u00e9kvisszak\u00fcld\u00e9si d\u00f6nt\u00e9se nem az el\u0151z\u0151ekben eml\u00edtett objekt\u00edv okokb\u00f3l ered, a v\u00e1llalat fenntartja a jogot, hogy ne teljes\u00edtse az ig\u00e9nyt. Amennyiben a panasz megalapozottnak bizonyul, az \u00fcgyf\u00e9l harminc (30) napon bel\u00fcl visszak\u00fcldheti a term\u00e9ket az \u00e1tv\u00e9tel d\u00e1tum\u00e1t\u00f3l sz\u00e1m\u00edtva. Ebben az esetben minden sz\u00e1ll\u00edt\u00e1si k\u00f6lts\u00e9g, valamint a term\u00e9kek \u00e1r\u00e1ban mutatkoz\u00f3 esetleges k\u00fcl\u00f6nbs\u00e9g az \u00fcgyfelet terheli.  <\/p>\n\n<p>Minden esetben a term\u00e9keknek abban az \u00e1llapotban kell lenni\u00fck, ahogyan az \u00fcgyf\u00e9l \u00e1tvette \u0151ket: hi\u00e1nytalanul, s\u00e9r\u00fcl\u00e9smentesen \u00e9s eredeti csomagol\u00e1sukban. Ha harminc (30) napon bel\u00fcl nem t\u00f6rt\u00e9nik meg a visszak\u00fcld\u00e9s, \u00fczlet\u00fcnk nem k\u00f6teles elfogadni semmilyen visszat\u00e9r\u00edt\u00e9st. <\/p>\n\n<p>Az \u00c1ltal\u00e1nos Szerz\u0151d\u00e9si Felt\u00e9telek betart\u00e1sa \u00e9s a term\u00e9k visszak\u00fcld\u00e9s\u00e9nek elfogad\u00e1sa eset\u00e9n az \u00fcgyf\u00e9l jogosult azonos \u00e9rt\u00e9k\u0171 m\u00e1sik term\u00e9kre vagy visszat\u00e9r\u00edt\u00e9sre. Az \u00fcgyf\u00e9lnek t\u00f6rt\u00e9n\u0151 visszat\u00e9r\u00edt\u00e9s a term\u00e9k \u00e1tv\u00e9tel\u00e9t\u0151l sz\u00e1m\u00edtott kilencven (90) napon bel\u00fcl megt\u00f6rt\u00e9nik. <\/p>\n\n<p>Ism\u00e9telt visszat\u00e9r\u00edt\u00e9sek, vagy olyan esetekben, amikor c\u00e9g\u00fcnk saj\u00e1t bel\u00e1t\u00e1sa szerint \u00fagy \u00edt\u00e9li meg, hogy az \u00fcgyf\u00e9l vissza\u00e9l a visszak\u00fcld\u00e9si jog\u00e1val vagy rosszhiszem\u0171en j\u00e1r el, jogosult megtagadni a term\u00e9k visszav\u00e9tel\u00e9t, m\u00e9g akkor is, ha ezek a felt\u00e9telek teljes\u00fclnek.<\/p>\n\n<p>Ezek a felt\u00e9telek nem \u00e9rintik a t\u00f6rv\u00e9ny \u00e1ltal biztos\u00edtott fogyaszt\u00f3i jogokat.<\/p>\n\n<h4 class=\"wp-block-heading\"><strong>AZ \u00d6N K\u00d6TELEZETTS\u00c9GEI \u00dcGYF\u00c9LK\u00c9NT<\/strong><\/h4>\n\n<p>\u00d6n felel\u0151s a term\u00e9k kiv\u00e1laszt\u00e1s\u00e1\u00e9rt \u00e9s annak c\u00e9ljainak val\u00f3 megfelel\u0151s\u00e9g\u00e9\u00e9rt. Az \u00fcgyf\u00e9l nem k\u00e1ros\u00edthatja, \u00e9s nem k\u00eds\u00e9relheti meg k\u00e1ros\u00edtani c\u00e9g\u00fcnk szolg\u00e1ltat\u00e1sainak integrit\u00e1s\u00e1t, biztons\u00e1g\u00e1t \u00e9s\/vagy el\u00e9rhet\u0151s\u00e9g\u00e9t. <\/p>\n\n<p>\u25cf Adjon meg \u00e9rv\u00e9nyes keresztnevet, vezet\u00e9knevet, postac\u00edmet, telefonsz\u00e1mot \u00e9s e-mail c\u00edmet.<\/p>\n\n<p>\u25cf Fizesse ki a megrendelt \u00e1ruk \u00e1r\u00e1t.<\/p>\n\n<p>\u25cf Legyen el\u00e9rhet\u0151, vagy gondoskodjon k\u00e9pvisel\u0151j\u00e9r\u0151l a sz\u00e1ll\u00edt\u00e1s id\u0151pontj\u00e1ban.<\/p>\n\n<p>\u25cf Ne hozzon l\u00e9tre hamis megrendel\u00e9seket.<\/p>\n\n<p>\u25cf Ne hozzon l\u00e9tre hamis term\u00e9k\u00e9rt\u00e9kel\u00e9seket, \u00e9s ne adjon meg semmilyen m\u00e1s hamis inform\u00e1ci\u00f3t.<\/p>\n\n<h4 class=\"wp-block-heading\"><strong>\u00c1LTAL\u00c1NOS SZERZ\u0150D\u00c9SI FELT\u00c9TELEK<\/strong><\/h4>\n\n<p>A v\u00e1llalat fenntartja a jogot ezen \u00e1ltal\u00e1nos szerz\u0151d\u00e9si felt\u00e9telek m\u00f3dos\u00edt\u00e1s\u00e1ra vagy friss\u00edt\u00e9s\u00e9re, de ez a jog nem \u00e9rinti az \u00fcgyf\u00e9l \u00e1ltal megrendel\u00e9s lead\u00e1sa ut\u00e1n elfogadott, m\u00e1r megl\u00e9v\u0151 felt\u00e9teleket. A m\u00f3dos\u00edt\u00e1s vagy meg\u00faj\u00edt\u00e1s att\u00f3l az id\u0151pontt\u00f3l l\u00e9p \u00e9letbe, amikor a v\u00e1ltoz\u00e1s sz\u00f6veg\u00e9t k\u00f6zz\u00e9teszik. K\u00e9rj\u00fck, rendszeresen ellen\u0151rizze a weboldal \u00e1ltal\u00e1nos szerz\u0151d\u00e9si felt\u00e9telek szakasz\u00e1t a v\u00e1ltoz\u00e1sok\u00e9rt.<\/p>\n\n<h4 class=\"wp-block-heading\"><strong>ALKALMAZAND\u00d3 JOG \u2013 JOGHAT\u00d3S\u00c1G<\/strong><\/h4>\n\n<p>Ezt a meg\u00e1llapod\u00e1st a nemzetk\u00f6zi \u00e9s nemzeti jog, k\u00fcl\u00f6n\u00f6sen az e-kereskedelemmel, a t\u00e1v\u00e9rt\u00e9kes\u00edt\u00e9ssel \u00e9s a fogyaszt\u00f3v\u00e9delemmel kapcsolatos k\u00e9rd\u00e9seket szab\u00e1lyoz\u00f3 t\u00f6rv\u00e9nyek ir\u00e1ny\u00edtj\u00e1k, \u00e9s c\u00e9g\u00fcnk sz\u00e9khelye szerinti b\u00edr\u00f3s\u00e1gok kiz\u00e1r\u00f3lagos joghat\u00f3s\u00e1ga al\u00e1 tartozik.<\/p>\n\n<h4 class=\"wp-block-heading\"><strong>TERM\u00c9KEK<\/strong><\/h4>\n\n<p>Az \u00fczlet oldalain tal\u00e1lhat\u00f3 term\u00e9kek kiv\u00e1l\u00f3 min\u0151s\u00e9g\u0171ek \u00e9s megfelelnek minden el\u0151\u00edrt specifik\u00e1ci\u00f3nak. Min\u0151s\u00e9g \u00e9s haszn\u00e1lat szempontj\u00e1b\u00f3l is teljes k\u00f6r\u0171en elemzettek. B\u00e1rmilyen m\u00e1s felhaszn\u00e1l\u00e1s vagy alkalmaz\u00e1s, amely elt\u00e9r att\u00f3l, amire az online boltunkban k\u00edn\u00e1lt \u00e9s gy\u00e1rtott term\u00e9k javasolt, kiz\u00e1r\u00f3lag az \u00fcgyf\u00e9l felel\u0151ss\u00e9ge.<\/p>\n\n<h4 class=\"wp-block-heading\"><strong>ADATV\u00c9DELMI SZAB\u00c1LYZAT<\/strong><\/h4>\n\n<p>Weboldalunk \u00fcgyfeleinek szem\u00e9lyes adatai szigor\u00faan bizalmasak maradnak, \u00e9s kiz\u00e1r\u00f3lag a fent eml\u00edtett m\u0171veletek v\u00e9grehajt\u00e1s\u00e1ra, valamint t\u00e1j\u00e9koztat\u00e1si c\u00e9lokra haszn\u00e1lhat\u00f3k fel. Szem\u00e9lyes adatainak \u00d6n \u00e1ltali bek\u00fcld\u00e9se azt jelenti, hogy \u00d6n elm\u00falt 18 \u00e9ves, \u00e9s hozz\u00e1j\u00e1rul ahhoz, hogy c\u00e9g\u00fcnk felhaszn\u00e1lja az adatokat. Szem\u00e9lyes adatait harmadik f\u00e9lnek nem adjuk \u00e1t, kiv\u00e9ve, ha erre jogi \u00faton, a b\u0171n\u00fcld\u00f6z\u0151 hat\u00f3s\u00e1gok \u00e1ltal k\u00f6telezve vagyunk.<\/p>\n","protected":false},"excerpt":{"rendered":"<p>K\u00c9RJ\u00dcK, OLVASSA EL FIGYELMESEN A FELT\u00c9TELEKET, MIEL\u0150TT HASZN\u00c1LN\u00c1 AZ OLDALT K\u00e9rj\u00fck, figyelmesen olvassa el ezeket a felhaszn\u00e1l\u00e1si felt\u00e9teleket, miel\u0151tt haszn\u00e1ln\u00e1<\/p>\n","protected":false},"author":1,"featured_media":0,"parent":0,"menu_order":0,"comment_status":"closed","ping_status":"open","template":"","meta":{"footnotes":""},"class_list":["post-29747","page","type-page","status-publish","hentry"],"_links":{"self":[{"href":"https:\/\/herbavitality.com\/hu\/wp-json\/wp\/v2\/pages\/29747","targetHints":{"allow":["GET"]}}],"collection":[{"href":"https:\/\/herbavitality.com\/hu\/wp-json\/wp\/v2\/pages"}],"about":[{"href":"https:\/\/herbavitality.com\/hu\/wp-json\/wp\/v2\/types\/page"}],"author":[{"embeddable":true,"href":"https:\/\/herbavitality.com\/hu\/wp-json\/wp\/v2\/users\/1"}],"replies":[{"embeddable":true,"href":"https:\/\/herbavitality.com\/hu\/wp-json\/wp\/v2\/comments?post=29747"}],"version-history":[{"count":0,"href":"https:\/\/herbavitality.com\/hu\/wp-json\/wp\/v2\/pages\/29747\/revisions"}],"wp:attachment":[{"href":"https:\/\/herbavitality.com\/hu\/wp-json\/wp\/v2\/media?parent=29747"}],"curies":[{"name":"wp","href":"https:\/\/api.w.org\/{rel}","templated":true}]}}