{"id":29729,"date":"2025-11-02T15:00:59","date_gmt":"2025-11-02T15:00:59","guid":{"rendered":"https:\/\/herbavitality.com\/suti-hozzajarulas\/"},"modified":"2025-11-08T05:21:07","modified_gmt":"2025-11-08T05:21:07","slug":"suti-hozzajarulas","status":"publish","type":"page","link":"https:\/\/herbavitality.com\/hu\/suti-hozzajarulas\/","title":{"rendered":"S\u00fcti hozz\u00e1j\u00e1rul\u00e1s"},"content":{"rendered":"\n<p>\u00dcdv\u00f6z\u00f6lj\u00fck a Herbavitality.com oldalon. Mint a legt\u00f6bb weboldal, mi is s\u00fctiket haszn\u00e1lunk a b\u00f6ng\u00e9sz\u00e9si \u00e9lm\u00e9ny jav\u00edt\u00e1s\u00e1ra \u00e9s szem\u00e9lyre szabott tartalom biztos\u00edt\u00e1s\u00e1ra. Weboldalunk tov\u00e1bbi haszn\u00e1lat\u00e1val \u00d6n hozz\u00e1j\u00e1rul a s\u00fctik haszn\u00e1lat\u00e1hoz a jelen S\u00fcti Szab\u00e1lyzatnak megfelel\u0151en.  <\/p>\n\n<p><strong>Mik azok a s\u00fctik?<\/strong><\/p>\n\n<p>A s\u00fctik olyan kis sz\u00f6veges f\u00e1jlok, amelyeket az \u00d6n eszk\u00f6z\u00e9n t\u00e1rolunk, amikor megl\u00e1togat egy weboldalt. Sz\u00e9les k\u00f6rben haszn\u00e1lj\u00e1k \u0151ket a weboldalak hat\u00e9konyabb m\u0171k\u00f6d\u00e9s\u00e9nek biztos\u00edt\u00e1s\u00e1ra, valamint inform\u00e1ci\u00f3k szolg\u00e1ltat\u00e1s\u00e1ra a weboldal tulajdonosai sz\u00e1m\u00e1ra. <\/p>\n\n<p><strong>Hogyan haszn\u00e1ljuk a s\u00fctiket?<\/strong><\/p>\n\n<p>S\u00fctiket k\u00fcl\u00f6nb\u00f6z\u0151 c\u00e9lokra haszn\u00e1lunk, t\u00f6bbek k\u00f6z\u00f6tt:<\/p>\n\n<ul class=\"wp-block-list\">\n<li><strong>Alapvet\u0151 s\u00fctik:<\/strong> Ezek a s\u00fctik elengedhetetlenek a weboldal megfelel\u0151 m\u0171k\u00f6d\u00e9s\u00e9hez. Olyan alapvet\u0151 funkci\u00f3kat tesznek lehet\u0151v\u00e9, mint a biztons\u00e1g, a h\u00e1l\u00f3zatkezel\u00e9s \u00e9s az akad\u00e1lymentess\u00e9g. <\/li>\n\n\n\n<li><strong>Analitikai s\u00fctik:<\/strong> Ezek a s\u00fctik seg\u00edtenek meg\u00e9rteni, hogyan l\u00e9pnek kapcsolatba a l\u00e1togat\u00f3k weboldalunkkal az\u00e1ltal, hogy anonim m\u00f3don gy\u0171jtenek \u00e9s jelentenek inform\u00e1ci\u00f3kat. Ez seg\u00edt nek\u00fcnk jav\u00edtani weboldalunkat \u00e9s az \u00d6n ig\u00e9nyeihez igaz\u00edtani. <\/li>\n\n\n\n<li><strong>Marketing s\u00fctik:<\/strong> Ezeket a s\u00fctiket a l\u00e1togat\u00f3k weboldalak k\u00f6z\u00f6tti nyomon k\u00f6vet\u00e9s\u00e9re haszn\u00e1lj\u00e1k. A c\u00e9l az, hogy az egy\u00e9ni felhaszn\u00e1l\u00f3 sz\u00e1m\u00e1ra relev\u00e1ns \u00e9s vonz\u00f3 hirdet\u00e9seket jelen\u00edtsenek meg. <\/li>\n<\/ul>\n\n<p><strong>Az \u00d6n v\u00e1laszt\u00e1sai a s\u00fctikkel kapcsolatban<\/strong><\/p>\n\n<p>\u00d6n tetsz\u00e9se szerint szab\u00e1lyozhatja \u00e9s\/vagy t\u00f6r\u00f6lheti a s\u00fctiket. T\u00f6r\u00f6lheti az \u00f6sszes, m\u00e1r az eszk\u00f6z\u00e9n l\u00e9v\u0151 s\u00fctit, \u00e9s a legt\u00f6bb b\u00f6ng\u00e9sz\u0151t be\u00e1ll\u00edthatja \u00fagy, hogy megakad\u00e1lyozza azok elhelyez\u00e9s\u00e9t. Azonban, ha ezt teszi, el\u0151fordulhat, hogy minden alkalommal manu\u00e1lisan kell m\u00f3dos\u00edtania bizonyos be\u00e1ll\u00edt\u00e1sokat, amikor megl\u00e1togat egy oldalt, \u00e9s egyes szolg\u00e1ltat\u00e1sok \u00e9s funkci\u00f3k nem m\u0171k\u00f6dhetnek.  <\/p>\n\n<p><strong>A jelen s\u00fcti szab\u00e1lyzat m\u00f3dos\u00edt\u00e1sai<\/strong><\/p>\n\n<p>Id\u0151r\u0151l id\u0151re friss\u00edthetj\u00fck S\u00fcti Szab\u00e1lyzatunkat. Minden v\u00e1ltoz\u00e1sr\u00f3l \u00e9rtes\u00edtj\u00fck \u00d6nt az \u00faj S\u00fcti Szab\u00e1lyzat ezen az oldalon t\u00f6rt\u00e9n\u0151 k\u00f6zz\u00e9t\u00e9tel\u00e9vel. <\/p>\n\n<p><strong>Kapcsolat<\/strong><\/p>\n\n<p>Ha b\u00e1rmilyen k\u00e9rd\u00e9se van a s\u00fctik haszn\u00e1lat\u00e1val kapcsolatban, k\u00e9rj\u00fck, vegye fel vel\u00fcnk a kapcsolatot a sales@herbavitality.com c\u00edmen.<\/p>\n\n<p>Weboldalunk haszn\u00e1lat\u00e1val \u00d6n hozz\u00e1j\u00e1rul a s\u00fctik haszn\u00e1lat\u00e1hoz a jelen S\u00fcti Szab\u00e1lyzatban le\u00edrtak szerint.<\/p>\n","protected":false},"excerpt":{"rendered":"<p>\u00dcdv\u00f6z\u00f6lj\u00fck a Herbavitality.com oldalon. Mint a legt\u00f6bb weboldal, mi is s\u00fctiket haszn\u00e1lunk a b\u00f6ng\u00e9sz\u00e9si \u00e9lm\u00e9ny jav\u00edt\u00e1s\u00e1ra \u00e9s szem\u00e9lyre szabott tartalom<\/p>\n","protected":false},"author":1,"featured_media":0,"parent":0,"menu_order":0,"comment_status":"closed","ping_status":"closed","template":"","meta":{"footnotes":""},"class_list":["post-29729","page","type-page","status-publish","hentry"],"_links":{"self":[{"href":"https:\/\/herbavitality.com\/hu\/wp-json\/wp\/v2\/pages\/29729","targetHints":{"allow":["GET"]}}],"collection":[{"href":"https:\/\/herbavitality.com\/hu\/wp-json\/wp\/v2\/pages"}],"about":[{"href":"https:\/\/herbavitality.com\/hu\/wp-json\/wp\/v2\/types\/page"}],"author":[{"embeddable":true,"href":"https:\/\/herbavitality.com\/hu\/wp-json\/wp\/v2\/users\/1"}],"replies":[{"embeddable":true,"href":"https:\/\/herbavitality.com\/hu\/wp-json\/wp\/v2\/comments?post=29729"}],"version-history":[{"count":0,"href":"https:\/\/herbavitality.com\/hu\/wp-json\/wp\/v2\/pages\/29729\/revisions"}],"wp:attachment":[{"href":"https:\/\/herbavitality.com\/hu\/wp-json\/wp\/v2\/media?parent=29729"}],"curies":[{"name":"wp","href":"https:\/\/api.w.org\/{rel}","templated":true}]}}