{"id":29727,"date":"2021-10-12T16:27:24","date_gmt":"2021-10-12T16:27:24","guid":{"rendered":"https:\/\/herbavitality.com\/kapcsolatfelvetel\/"},"modified":"2025-11-08T05:20:59","modified_gmt":"2025-11-08T05:20:59","slug":"kapcsolatfelvetel","status":"publish","type":"page","link":"https:\/\/herbavitality.com\/hu\/kapcsolatfelvetel\/","title":{"rendered":"Kapcsolatfelv\u00e9tel"},"content":{"rendered":"\t\t<div data-elementor-type=\"wp-page\" data-elementor-id=\"29727\" class=\"elementor elementor-29727 elementor-4439\" data-elementor-post-type=\"page\">\n\t\t\t\t\t\t<section class=\"wd-negative-gap elementor-section elementor-top-section elementor-element elementor-element-7ddcc74a elementor-section-boxed elementor-section-height-default elementor-section-height-default\" data-id=\"7ddcc74a\" data-element_type=\"section\" data-e-type=\"section\">\n\t\t\t\t\t\t<div class=\"elementor-container elementor-column-gap-default\">\n\t\t\t\t\t<div class=\"elementor-column elementor-col-50 elementor-top-column elementor-element elementor-element-8818b48\" data-id=\"8818b48\" data-element_type=\"column\" data-e-type=\"column\">\n\t\t\t<div class=\"elementor-widget-wrap elementor-element-populated\">\n\t\t\t\t\t\t<div class=\"elementor-element elementor-element-143f5798 wd-width-100 elementor-widget elementor-widget-wd_title\" data-id=\"143f5798\" data-element_type=\"widget\" data-e-type=\"widget\" data-widget_type=\"wd_title.default\">\n\t\t\t\t<div class=\"elementor-widget-container\">\n\t\t\t\t\t\t\t<div class=\"title-wrapper wd-set-mb reset-last-child wd-title-color-default wd-title-style-bordered wd-title-size-default text-left\">\n\n\t\t\t\n\t\t\t<div class=\"liner-continer\">\n\t\t\t\t<h4 class=\"woodmart-title-container title wd-fontsize-l\">\u00cdRJON NEK\u00dcNK E-MAILT<\/h4> \n\t\t\t\t\t\t\t<\/div>\n\n\t\t\t\t\t<\/div>\n\t\t\t\t\t\t<\/div>\n\t\t\t\t<\/div>\n\t\t\t\t<div class=\"elementor-element elementor-element-3297bb55 wd-cf7 elementor-widget elementor-widget-wd_contact_form_7\" data-id=\"3297bb55\" data-element_type=\"widget\" data-e-type=\"widget\" data-widget_type=\"wd_contact_form_7.default\">\n\t\t\t\t<div class=\"elementor-widget-container\">\n\t\t\t\t\t\n<div class=\"wpcf7 no-js\" id=\"wpcf7-f1572-o1\" lang=\"en-US\" dir=\"ltr\" data-wpcf7-id=\"1572\">\n<div class=\"screen-reader-response\"><p role=\"status\" aria-live=\"polite\" aria-atomic=\"true\"><\/p> <ul><\/ul><\/div>\n<form action=\"\/hu\/wp-json\/wp\/v2\/pages\/29727#wpcf7-f1572-o1\" method=\"post\" class=\"wpcf7-form init\" aria-label=\"Contact form\" novalidate=\"novalidate\" data-status=\"init\">\n<fieldset class=\"hidden-fields-container\"><input type=\"hidden\" name=\"_wpcf7\" value=\"1572\" \/><input type=\"hidden\" name=\"_wpcf7_version\" value=\"6.1.5\" \/><input type=\"hidden\" name=\"_wpcf7_locale\" value=\"en_US\" \/><input type=\"hidden\" name=\"_wpcf7_unit_tag\" value=\"wpcf7-f1572-o1\" \/><input type=\"hidden\" name=\"_wpcf7_container_post\" value=\"0\" \/><input type=\"hidden\" name=\"_wpcf7_posted_data_hash\" value=\"\" \/>\n<\/fieldset>\n<div class=\"wd-grid-g\">\n\t<div class=\"wd-grid-f-stretch\">\n\t\t<div class=\"wd-col\">\n\t\t\t<p><label>Your Name<\/label><span class=\"wpcf7-form-control-wrap\" data-name=\"your-name\"><input size=\"40\" maxlength=\"400\" class=\"wpcf7-form-control wpcf7-text wpcf7-validates-as-required\" aria-required=\"true\" aria-invalid=\"false\" value=\"\" type=\"text\" name=\"your-name\" \/><\/span>\n\t\t\t<\/p>\n\t\t<\/div>\n\t\t<div class=\"wd-col\">\n\t\t\t<p><label>Your Email<\/label><span class=\"wpcf7-form-control-wrap\" data-name=\"your-email\"><input size=\"40\" maxlength=\"400\" class=\"wpcf7-form-control wpcf7-email wpcf7-validates-as-required wpcf7-text wpcf7-validates-as-email\" aria-required=\"true\" aria-invalid=\"false\" value=\"\" type=\"email\" name=\"your-email\" \/><\/span>\n\t\t\t<\/p>\n\t\t<\/div>\n\t<\/div>\n\t<div class=\"wd-grid-f-stretch\">\n\t\t<div class=\"wd-col\">\n\t\t\t<p><label>Phone Number<\/label><span class=\"wpcf7-form-control-wrap\" data-name=\"tel-767\"><input size=\"40\" maxlength=\"400\" class=\"wpcf7-form-control wpcf7-tel wpcf7-text wpcf7-validates-as-tel\" aria-invalid=\"false\" value=\"\" type=\"tel\" name=\"tel-767\" \/><\/span>\n\t\t\t<\/p>\n\t\t<\/div>\n\t<\/div>\n\t<div>\n\t\t<p><label>Your Message<\/label><span class=\"wpcf7-form-control-wrap\" data-name=\"your-message\"><textarea cols=\"40\" rows=\"10\" maxlength=\"2000\" class=\"wpcf7-form-control wpcf7-textarea\" aria-invalid=\"false\" name=\"your-message\"><\/textarea><\/span>\n\t\t<\/p>\n\t<\/div>\n\t<div>\n\t\t<p><input class=\"wpcf7-form-control wpcf7-submit has-spinner btn-color-black\" type=\"submit\" value=\"ASK A QUESTION\" \/>\n\t\t<\/p>\n\t<\/div>\n<\/div><div class=\"wpcf7-response-output\" aria-hidden=\"true\"><\/div>\n<\/form>\n<\/div>\n\t\t\t\t<\/div>\n\t\t\t\t<\/div>\n\t\t\t\t<div class=\"elementor-element elementor-element-5c911c3c wd-width-100 elementor-widget elementor-widget-wd_title\" data-id=\"5c911c3c\" data-element_type=\"widget\" data-e-type=\"widget\" data-widget_type=\"wd_title.default\">\n\t\t\t\t<div class=\"elementor-widget-container\">\n\t\t\t\t\t\t\t<div class=\"title-wrapper wd-set-mb reset-last-child wd-title-color-default wd-title-style-bordered wd-title-size-default text-left\">\n\n\t\t\t\n\t\t\t<div class=\"liner-continer\">\n\t\t\t\t<h4 class=\"woodmart-title-container title wd-fontsize-l\">KAPCSOLATFELV\u00c9TEL<\/h4> \n\t\t\t\t\t\t\t<\/div>\n\n\t\t\t\t\t<\/div>\n\t\t\t\t\t\t<\/div>\n\t\t\t\t<\/div>\n\t\t\t\t<div class=\"elementor-element elementor-element-7b97f133 elementor-widget elementor-widget-wd_text_block\" data-id=\"7b97f133\" data-element_type=\"widget\" data-e-type=\"widget\" data-widget_type=\"wd_text_block.default\">\n\t\t\t\t<div class=\"elementor-widget-container\">\n\t\t\t\t\t\t\t<div class=\"wd-text-block reset-last-child text-left color-title\">\n\t\t\t\n\t\t\t<div class=\"elementor-element elementor-element-25d79af6 elementor-widget elementor-widget-text-editor\" data-id=\"25d79af6\" data-element_type=\"widget\" data-settings=\"{\"_animation\":\"none\",\"_animation_delay\":300}\" data-widget_type=\"text-editor.default\"><div class=\"elementor-widget-container\"><div class=\"flex-1 overflow-hidden\"><div class=\"react-scroll-to-bottom--css-wnlxe-79elbk h-full\"><div class=\"react-scroll-to-bottom--css-wnlxe-1n7m0yu\"><div class=\"flex flex-col pb-9 text-sm\"><div class=\"w-full text-token-text-primary\" data-testid=\"conversation-turn-5\"><div class=\"px-4 py-2 justify-center text-base md:gap-6 m-auto\"><div class=\"flex flex-1 text-base mx-auto gap-3 md:px-5 lg:px-1 xl:px-5 md:max-w-3xl lg:max-w-[40rem] xl:max-w-[48rem] group final-completion\"><div class=\"relative flex w-full flex-col lg:w-[calc(100%-115px)] agent-turn\"><div class=\"flex-col gap-1 md:gap-3\"><div class=\"flex flex-grow flex-col max-w-full\"><div class=\"min-h-[20px] text-message flex flex-col items-start gap-3 whitespace-pre-wrap break-words [.text-message+&amp;]:mt-5 overflow-x-auto\" data-message-author-role=\"assistant\" data-message-id=\"4b005bd8-59ae-46b8-bf8a-ebe75ab655a3\"><div class=\"markdown prose w-full break-words dark:prose-invert light\"><p>Munkat\u00e1rsaink elk\u00f6telezettek amellett, hogy magas sz\u00ednvonal\u00fa v\u00e1laszokat ny\u00fajtsanak, amelyek megfelelnek az \u00d6n ig\u00e9nyeinek \u00e9s fel\u00fclm\u00falj\u00e1k elv\u00e1r\u00e1sait. Nagyra \u00e9rt\u00e9kelik a lehet\u0151s\u00e9get, hogy kapcsolatba l\u00e9phetnek \u00d6nnel, \u00e9s elk\u00f6telezettek amellett, hogy v\u00e1laszaikon kereszt\u00fcl \u00e9rt\u00e9kes betekint\u00e9st \u00e9s seg\u00edts\u00e9get ny\u00fajtsanak. <\/p><\/div><\/div><\/div><\/div><\/div><\/div><\/div><\/div><\/div><\/div><\/div><\/div><\/div><\/div><div class=\"elementor-element elementor-element-171f5eb3 elementor-widget elementor-widget-heading animated fadeInUp\" data-id=\"171f5eb3\" data-element_type=\"widget\" data-settings=\"{\"_animation\":\"fadeInUp\",\"_animation_delay\":300}\" data-widget_type=\"heading.default\"><div class=\"elementor-widget-container\"><p class=\"elementor-heading-title elementor-size-default\">H\u00e9tf\u0151 \u2013 P\u00e9ntek, 8:30 \u2013 17:30<\/p><\/div><\/div>\n\t\t\t\t\t<\/div>\n\t\t\t\t\t\t<\/div>\n\t\t\t\t<\/div>\n\t\t\t\t\t<\/div>\n\t\t<\/div>\n\t\t\t\t<div class=\"elementor-column elementor-col-50 elementor-top-column elementor-element elementor-element-59a2c6f9\" data-id=\"59a2c6f9\" data-element_type=\"column\" data-e-type=\"column\">\n\t\t\t<div class=\"elementor-widget-wrap elementor-element-populated\">\n\t\t\t\t\t\t<div class=\"elementor-element elementor-element-4da4d808 wd-width-100 elementor-widget elementor-widget-wd_title\" data-id=\"4da4d808\" data-element_type=\"widget\" data-e-type=\"widget\" data-widget_type=\"wd_title.default\">\n\t\t\t\t<div class=\"elementor-widget-container\">\n\t\t\t\t\t\t\t<div class=\"title-wrapper wd-set-mb reset-last-child wd-title-color-default wd-title-style-bordered wd-title-size-default text-left\">\n\n\t\t\t\n\t\t\t<div class=\"liner-continer\">\n\t\t\t\t<h4 class=\"woodmart-title-container title wd-fontsize-l\">\u00dcdv\u00f6z\u00f6lj\u00fck a herbavitality-n\u00e1l!<\/h4> \n\t\t\t\t\t\t\t<\/div>\n\n\t\t\t\t\t<\/div>\n\t\t\t\t\t\t<\/div>\n\t\t\t\t<\/div>\n\t\t\t\t<div class=\"elementor-element elementor-element-555188c8 elementor-widget elementor-widget-wd_text_block\" data-id=\"555188c8\" data-element_type=\"widget\" data-e-type=\"widget\" data-widget_type=\"wd_text_block.default\">\n\t\t\t\t<div class=\"elementor-widget-container\">\n\t\t\t\t\t\t\t<div class=\"wd-text-block reset-last-child text-left\">\n\t\t\t\n\t\t\t<p>ahol a j\u00f3ll\u00e9t \u00e9s a vitalit\u00e1s minden kapszul\u00e1ban, tablett\u00e1ban \u00e9s porban tal\u00e1lkozik. A Herbavitality-n\u00e1l nem csup\u00e1n \u00e9trend-kieg\u00e9sz\u00edt\u0151ket \u00e9rt\u00e9kes\u00edt\u00fcnk; k\u00fcldet\u00e9s\u00fcnk, hogy forradalmas\u00edtsuk azt a m\u00f3dot, ahogyan t\u00e1pl\u00e1lja test\u00e9t \u00e9s emeli j\u00f3ll\u00e9t\u00e9t. <\/p><p>Utunk egy egyszer\u0171 meggy\u0151z\u0151d\u00e9ssel kezd\u0151d\u00f6tt: a term\u00e9szet rejti a kulcsot val\u00f3di potenci\u00e1lunk felszabad\u00edt\u00e1s\u00e1hoz. Ezt az alapelvet k\u00f6vetve kutatjuk fel a vil\u00e1g legtiszt\u00e1bb, leghat\u00e9konyabb n\u00f6v\u00e9nyi \u00f6sszetev\u0151it \u00e9s alapanyagait, felhaszn\u00e1lva erej\u00fcket olyan \u00e9trend-kieg\u00e9sz\u00edt\u0151k l\u00e9trehoz\u00e1s\u00e1ra, amelyek inspir\u00e1lnak \u00e9s er\u0151t adnak. <\/p><p>De a Herbavitality t\u00f6bb mint egy v\u00e1llalat; egy k\u00f6z\u00f6ss\u00e9g vagyunk, amelyet az eg\u00e9szs\u00e9g \u00e9s a vitalit\u00e1s ir\u00e1nti k\u00f6z\u00f6s szenved\u00e9ly egyes\u00edt. Egy\u00fctt fogadjuk el a term\u00e9szetes gy\u00f3gym\u00f3dok \u00e1talak\u00edt\u00f3 erej\u00e9t, t\u00e1mogatva egym\u00e1st a j\u00f3ll\u00e9t \u00e9s a vitalit\u00e1s fel\u00e9 vezet\u0151 utunkon. <\/p><p>Csatlakozzon hozz\u00e1nk ezen a j\u00f3ll\u00e9t \u00e9s vitalit\u00e1s fel\u00e9 vezet\u0151 \u00faton. Hagyja, hogy a Herbavitality legyen az \u00d6n megb\u00edzhat\u00f3 partnere az eg\u00e9szs\u00e9gben, elvezetve \u00d6nt egy energi\u00e1val, vitalit\u00e1ssal \u00e9s j\u00f3ll\u00e9ttel teli \u00e9let fel\u00e9. Egy\u00fctt fogjuk felhaszn\u00e1lni a term\u00e9szet erej\u00e9t, \u00e9s felszabad\u00edtjuk test\u00fcnk \u00e9s elm\u00e9nk teljes potenci\u00e1lj\u00e1t.  <\/p>\n\t\t\t\t\t<\/div>\n\t\t\t\t\t\t<\/div>\n\t\t\t\t<\/div>\n\t\t\t\t<section class=\"wd-negative-gap elementor-section elementor-inner-section elementor-element elementor-element-e1d4d33 elementor-section-boxed elementor-section-height-default elementor-section-height-default\" data-id=\"e1d4d33\" data-element_type=\"section\" data-e-type=\"section\">\n\t\t\t\t\t\t<div class=\"elementor-container elementor-column-gap-extended\">\n\t\t\t\t\t<div class=\"elementor-column elementor-col-50 elementor-inner-column elementor-element elementor-element-27ddf2aa\" data-id=\"27ddf2aa\" data-element_type=\"column\" data-e-type=\"column\">\n\t\t\t<div class=\"elementor-widget-wrap elementor-element-populated\">\n\t\t\t\t\t\t<div class=\"elementor-element elementor-element-4c21f00c elementor-widget elementor-widget-wd_infobox\" data-id=\"4c21f00c\" data-element_type=\"widget\" data-e-type=\"widget\" data-widget_type=\"wd_infobox.default\">\n\t\t\t\t<div class=\"elementor-widget-container\">\n\t\t\t\t\t\t\t<div class=\"info-box-wrapper\">\n\t\t\t<div class=\"wd-info-box text-left box-icon-align-left box-style-base color-scheme- wd-items-top\">\n\t\t\t\t\t\t\t\t\t<div class=\"box-icon-wrapper  box-with-icon box-icon-simple\">\n\t\t\t\t\t\t<div class=\"info-box-icon\">\n\t\t\t\t\t\t\t\t\t\t\t\t\t\t\t<img loading=\"lazy\" decoding=\"async\" width=\"40\" height=\"40\" src=\"https:\/\/herbavitality.com\/wp-content\/uploads\/2025\/11\/email-40x40.png\" class=\"attachment-40x40 size-40x40\" alt=\"\" srcset=\"https:\/\/herbavitality.com\/wp-content\/uploads\/2025\/11\/email-40x40.png 40w, https:\/\/herbavitality.com\/wp-content\/uploads\/2025\/11\/email-430x430.png 430w, https:\/\/herbavitality.com\/wp-content\/uploads\/2025\/11\/email-150x150.png 150w, https:\/\/herbavitality.com\/wp-content\/uploads\/2025\/11\/email-300x300.png 300w, https:\/\/herbavitality.com\/wp-content\/uploads\/2025\/11\/email.png 512w\" sizes=\"auto, (max-width: 40px) 100vw, 40px\" \/>\t\t\t\t\t\t\t\t\t\t\t\t\t<\/div>\n\t\t\t\t\t<\/div>\n\t\t\t\t\n\t\t\t\t<div class=\"info-box-content\">\n\t\t\t\t\t\n\t\t\t\t\t\t\t\t\t\t\t<h4\t\t\t\t\t\tclass=\"info-box-title title box-title-style-default wd-fontsize-s\" data-elementor-setting-key=\"title\">\n\t\t\t\t\t\t\t\tE-mail\t\t\t\t\t\t<\/h4>\n\t\t\t\t\t\n\t\t\t\t\t<div class=\"info-box-inner reset-last-child\"data-elementor-setting-key=\"content\"><div class=\"elementor-column elementor-col-25 elementor-inner-column elementor-element elementor-element-419baf59\" data-id=\"419baf59\" data-element_type=\"column\">\n<div class=\"elementor-widget-wrap elementor-element-populated\">\n<div class=\"elementor-element elementor-element-3d9a8c3c eael-infobox-shape-square eael-infobox-hover-img-shape-square elementor-widget elementor-widget-eael-info-box\" data-id=\"3d9a8c3c\" data-element_type=\"widget\" data-settings=\"{\"_animation\":\"none\",\"_animation_delay\":400}\" data-widget_type=\"eael-info-box.default\">\n<div class=\"elementor-widget-container\">\n<div class=\"eael-infobox icon-on-left\">\n<div class=\"infobox-content\">\n<div>\n<p>sales@herbavitality.com<\/p>\n<\/div>\n<\/div>\n<\/div>\n<\/div>\n<\/div>\n<\/div>\n<\/div>\n<\/div>\n\n\t\t\t\t\t\t\t\t\t<\/div>\n\n\t\t\t\t\t\t\t<\/div>\n\t\t<\/div>\n\t\t\t\t\t\t<\/div>\n\t\t\t\t<\/div>\n\t\t\t\t<div class=\"elementor-element elementor-element-f0e949d elementor-widget elementor-widget-wd_infobox\" data-id=\"f0e949d\" data-element_type=\"widget\" data-e-type=\"widget\" data-widget_type=\"wd_infobox.default\">\n\t\t\t\t<div class=\"elementor-widget-container\">\n\t\t\t\t\t\t\t<div class=\"info-box-wrapper\">\n\t\t\t<div class=\"wd-info-box text-left box-icon-align-left box-style-base color-scheme- wd-items-top\">\n\t\t\t\t\t\t\t\t\t<div class=\"box-icon-wrapper  box-with-icon box-icon-simple\">\n\t\t\t\t\t\t<div class=\"info-box-icon\">\n\t\t\t\t\t\t\t\t\t\t\t\t\t\t\t<img loading=\"lazy\" decoding=\"async\" width=\"40\" height=\"40\" src=\"https:\/\/herbavitality.com\/wp-content\/uploads\/2025\/11\/placeholder-40x40.png\" class=\"attachment-40x40 size-40x40\" alt=\"\" srcset=\"https:\/\/herbavitality.com\/wp-content\/uploads\/2025\/11\/placeholder-40x40.png 40w, https:\/\/herbavitality.com\/wp-content\/uploads\/2025\/11\/placeholder-430x430.png 430w, https:\/\/herbavitality.com\/wp-content\/uploads\/2025\/11\/placeholder-150x150.png 150w, https:\/\/herbavitality.com\/wp-content\/uploads\/2025\/11\/placeholder-300x300.png 300w, https:\/\/herbavitality.com\/wp-content\/uploads\/2025\/11\/placeholder.png 512w\" sizes=\"auto, (max-width: 40px) 100vw, 40px\" \/>\t\t\t\t\t\t\t\t\t\t\t\t\t<\/div>\n\t\t\t\t\t<\/div>\n\t\t\t\t\n\t\t\t\t<div class=\"info-box-content\">\n\t\t\t\t\t\n\t\t\t\t\t\t\t\t\t\t\t<h4\t\t\t\t\t\tclass=\"info-box-title title box-title-style-default wd-fontsize-s\" data-elementor-setting-key=\"title\">\n\t\t\t\t\t\t\t\tUSA iroda\t\t\t\t\t\t<\/h4>\n\t\t\t\t\t\n\t\t\t\t\t<div class=\"info-box-inner reset-last-child\"data-elementor-setting-key=\"content\"><p>800 W Olympic Blvd, Suite 406, Los Angeles, CA<\/p>\n<\/div>\n\n\t\t\t\t\t\t\t\t\t<\/div>\n\n\t\t\t\t\t\t\t<\/div>\n\t\t<\/div>\n\t\t\t\t\t\t<\/div>\n\t\t\t\t<\/div>\n\t\t\t\t\t<\/div>\n\t\t<\/div>\n\t\t\t\t<div class=\"elementor-column elementor-col-50 elementor-top-column elementor-element elementor-element-76bf3864\" data-id=\"76bf3864\" data-element_type=\"column\" data-e-type=\"column\">\n\t\t\t<div class=\"elementor-widget-wrap elementor-element-populated\">\n\t\t\t\t\t\t<div class=\"elementor-element elementor-element-76cb83f8 elementor-widget elementor-widget-wd_infobox\" data-id=\"76cb83f8\" data-element_type=\"widget\" data-e-type=\"widget\" data-widget_type=\"wd_infobox.default\">\n\t\t\t\t<div class=\"elementor-widget-container\">\n\t\t\t\t\t\t\t<div class=\"info-box-wrapper\">\n\t\t\t<div class=\"wd-info-box text-left box-icon-align-left box-style-base color-scheme- wd-items-top\">\n\t\t\t\t\t\t\t\t\t<div class=\"box-icon-wrapper  box-with-icon box-icon-simple\">\n\t\t\t\t\t\t<div class=\"info-box-icon\">\n\t\t\t\t\t\t\t\t\t\t\t\t\t\t\t<div class=\"info-svg-wrapper\" style=\"width:40px; height:40px;\"><img decoding=\"async\"  src=\"https:\/\/herbavitality.com\/wp-content\/uploads\/2025\/11\/w-map-placeholder.svg\" title=\"w-map-placeholder.svg\" loading=\"lazy\" width=\"40\" height=\"40\"><\/div>\t\t\t\t\t\t\t\t\t\t\t\t\t<\/div>\n\t\t\t\t\t<\/div>\n\t\t\t\t\n\t\t\t\t<div class=\"info-box-content\">\n\t\t\t\t\t\n\t\t\t\t\t\t\t\t\t\t\t<h4\t\t\t\t\t\tclass=\"info-box-title title box-title-style-default wd-fontsize-s\" data-elementor-setting-key=\"title\">\n\t\t\t\t\t\t\t\tEur\u00f3pai iroda\t\t\t\t\t\t<\/h4>\n\t\t\t\t\t\n\t\t\t\t\t<div class=\"info-box-inner reset-last-child\"data-elementor-setting-key=\"content\"><p>1 Harefield Rd, Uxbridge UB8 1EX, Egyes\u00fclt Kir\u00e1lys\u00e1g<\/p>\n<\/div>\n\n\t\t\t\t\t\t\t\t\t<\/div>\n\n\t\t\t\t\t\t\t<\/div>\n\t\t<\/div>\n\t\t\t\t\t\t<\/div>\n\t\t\t\t<\/div>\n\t\t\t\t<div class=\"elementor-element elementor-element-c1308b7 elementor-widget elementor-widget-wd_infobox\" data-id=\"c1308b7\" data-element_type=\"widget\" data-e-type=\"widget\" data-widget_type=\"wd_infobox.default\">\n\t\t\t\t<div class=\"elementor-widget-container\">\n\t\t\t\t\t\t\t<div class=\"info-box-wrapper\">\n\t\t\t<div class=\"wd-info-box text-left box-icon-align-left box-style-base color-scheme- wd-items-top\">\n\t\t\t\t\t\t\t\t\t<div class=\"box-icon-wrapper  box-with-icon box-icon-simple\">\n\t\t\t\t\t\t<div class=\"info-box-icon\">\n\t\t\t\t\t\t\t\t\t\t\t\t\t\t\t<div class=\"info-svg-wrapper\" style=\"width:40px; height:40px;\"><img decoding=\"async\"  src=\"https:\/\/herbavitality.com\/wp-content\/uploads\/2025\/11\/w-map-placeholder.svg\" title=\"w-map-placeholder.svg\" loading=\"lazy\" width=\"40\" height=\"40\"><\/div>\t\t\t\t\t\t\t\t\t\t\t\t\t<\/div>\n\t\t\t\t\t<\/div>\n\t\t\t\t\n\t\t\t\t<div class=\"info-box-content\">\n\t\t\t\t\t\n\t\t\t\t\t\t\t\t\t\t\t<h4\t\t\t\t\t\tclass=\"info-box-title title box-title-style-default wd-fontsize-s\" data-elementor-setting-key=\"title\">\n\t\t\t\t\t\t\t\tBG iroda\t\t\t\t\t\t<\/h4>\n\t\t\t\t\t\n\t\t\t\t\t<div class=\"info-box-inner reset-last-child\"data-elementor-setting-key=\"content\"><p>Bulg\u00e1ria, Gabrovo, Vedrina N3 str.<\/p>\n<\/div>\n\n\t\t\t\t\t\t\t\t\t<\/div>\n\n\t\t\t\t\t\t\t<\/div>\n\t\t<\/div>\n\t\t\t\t\t\t<\/div>\n\t\t\t\t<\/div>\n\t\t\t\t\t<\/div>\n\t\t<\/div>\n\t\t\t\t\t<\/div>\n\t\t<\/section>\n\t\t\t\t\t<\/div>\n\t\t<\/div>\n\t\t\t\t\t<\/div>\n\t\t<\/section>\n\t\t\t\t<\/div>\n\t\t","protected":false},"excerpt":{"rendered":"<p>\u00cdRJON NEK\u00dcNK E-MAILT Your Name Your Email Phone Number Your Message KAPCSOLATFELV\u00c9TEL Munkat\u00e1rsaink elk\u00f6telezettek amellett, hogy magas sz\u00ednvonal\u00fa v\u00e1laszokat ny\u00fajtsanak,<\/p>\n","protected":false},"author":1,"featured_media":0,"parent":0,"menu_order":0,"comment_status":"closed","ping_status":"closed","template":"","meta":{"footnotes":""},"class_list":["post-29727","page","type-page","status-publish","hentry"],"_links":{"self":[{"href":"https:\/\/herbavitality.com\/hu\/wp-json\/wp\/v2\/pages\/29727","targetHints":{"allow":["GET"]}}],"collection":[{"href":"https:\/\/herbavitality.com\/hu\/wp-json\/wp\/v2\/pages"}],"about":[{"href":"https:\/\/herbavitality.com\/hu\/wp-json\/wp\/v2\/types\/page"}],"author":[{"embeddable":true,"href":"https:\/\/herbavitality.com\/hu\/wp-json\/wp\/v2\/users\/1"}],"replies":[{"embeddable":true,"href":"https:\/\/herbavitality.com\/hu\/wp-json\/wp\/v2\/comments?post=29727"}],"version-history":[{"count":0,"href":"https:\/\/herbavitality.com\/hu\/wp-json\/wp\/v2\/pages\/29727\/revisions"}],"wp:attachment":[{"href":"https:\/\/herbavitality.com\/hu\/wp-json\/wp\/v2\/media?parent=29727"}],"curies":[{"name":"wp","href":"https:\/\/api.w.org\/{rel}","templated":true}]}}