{"id":34063,"date":"2025-11-06T12:15:56","date_gmt":"2025-11-06T12:15:56","guid":{"rendered":"https:\/\/herbavitality.com\/faq\/"},"modified":"2025-11-12T19:49:41","modified_gmt":"2025-11-12T19:49:41","slug":"faq","status":"publish","type":"page","link":"https:\/\/herbavitality.com\/hr\/faq\/","title":{"rendered":"FAQ"},"content":{"rendered":"\t\t<div data-elementor-type=\"wp-page\" data-elementor-id=\"34063\" class=\"elementor elementor-34063 elementor-29294\" data-elementor-post-type=\"page\">\n\t\t\t\t<div class=\"wd-negative-gap elementor-element elementor-element-1e5f035 e-flex e-con-boxed e-con e-parent\" data-id=\"1e5f035\" data-element_type=\"container\" data-e-type=\"container\">\n\t\t\t\t\t<div class=\"e-con-inner\">\n\t\t\t\t<div class=\"elementor-element elementor-element-2d75396 elementor-widget elementor-widget-html\" data-id=\"2d75396\" data-element_type=\"widget\" data-e-type=\"widget\" data-widget_type=\"html.default\">\n\t\t\t\t\t<div class=\"FAQ\">\r\n  <h2>\u010cesto postavljana pitanja<\/h2>\r\n  <p class=\"faq-intro\">\r\n Trebate pomo\u0107? Pogledajte na\u0161a \u010cesto postavljana pitanja ili nam se obratite na <a href=\"mailto:sales@herbavitality.com\">sales@herbavitality.com<\/a>. \r\n  <\/p>\r\n\r\n  <div class=\"faq-item\">\r\n    <button class=\"faq-question\">Kako mogu naru\u010diti i izvr\u0161iti pla\u0107anje?<\/button>\r\n    <div class=\"faq-answer\">\r\n      <p>Narud\u017ebu mo\u017eete izvr\u0161iti izravno putem na\u0161e internetske trgovine iz odjeljka trgovine. Pla\u0107anje se vr\u0161i prilikom dostave, pouze\u0107em ili karticom i PayPalom na na\u0161oj web stranici. <\/p>\r\n    <\/div>\r\n  <\/div>\r\n\r\n  <div class=\"faq-item\">\r\n    <button class=\"faq-question\">Koja je cijena i vrijeme isporuke?<\/button>\r\n    <div class=\"faq-answer\">\r\n      <p>Dostava je besplatna za narud\u017ebe iznad 40 EUR i 4,99 EUR. Nakon narud\u017ebe, proizvodi \u0107e vam biti dostavljeni u roku od 1\u20133 radna dana. <\/p>\r\n    <\/div>\r\n  <\/div>\r\n\r\n  <div class=\"faq-item\">\r\n    <button class=\"faq-question\">Mogu li vratiti proizvode?<\/button>\r\n    <div class=\"faq-answer\">\r\n      <p>Proizvode mo\u017eete vratiti u roku od 14 dana od datuma primitka, uz jedini uvjet da nisu kori\u0161teni. Neotvoreni promotivni paketi ili samo dio njih ne mogu se vratiti. Zahtjev za povrat mo\u017eete podnijeti slanjem e-po\u0161te na <a href=\"mailto:sales@herbavitality.com\">sales@herbavitality.com<\/a>.  <\/p>\r\n    <\/div>\r\n  <\/div>\r\n\r\n  <div class=\"faq-item\">\r\n    <button class=\"faq-question\">Postoje li nuspojave?<\/button>\r\n    <div class=\"faq-answer\">\r\n      <p>Budu\u0107i da su na\u0161i proizvodi na biljnoj bazi i prirodnog podrijetla, obi\u010dno nemaju nuspojava. Me\u0111utim, osobe s alergijama, trudnice, dojilje ili osobe pod medicinskim tretmanom trebaju se posavjetovati sa svojim lije\u010dnikom. <\/p>\r\n    <\/div>\r\n  <\/div>\r\n\r\n  <div class=\"faq-item\">\r\n    <button class=\"faq-question\">Koliko dugo trebam koristiti proizvod da bih vidio rezultate?<\/button>\r\n    <div class=\"faq-answer\">\r\n      <p>Rezultati se razlikuju pojedina\u010dno. Dosljedna uporaba prema preporu\u010denoj dozi je klju\u010dna. Preporu\u010dljivo je koristiti proizvod 1\u20133 mjeseca kako biste u potpunosti procijenili njegovu u\u010dinkovitost.  <\/p>\r\n    <\/div>\r\n  <\/div>\r\n\r\n  <div class=\"faq-item\">\r\n    <button class=\"faq-question\">Po \u010demu se HerbaVitality razlikuje od ostalih marki?<\/button>\r\n    <div class=\"faq-answer\">\r\n      <p>HerbaVitality se fokusira na posebno razvijene formule s ve\u0107om koncentracijom klju\u010dnih aktivnih sastojaka. Svi na\u0161i proizvodi su prirodni, veganski i kreirani od strane stru\u010dnjaka s preko 20 godina iskustva. <\/p>\r\n    <\/div>\r\n  <\/div>\r\n\r\n  <div class=\"faq-item\">\r\n    <button class=\"faq-question\">Kako mogu znati koji je HerbaVitality proizvod pravi za mene?<\/button>\r\n    <div class=\"faq-answer\">\r\n      <p>Na\u0161a web stranica pru\u017ea detaljne informacije o prednostima i sastojcima svakog proizvoda. Ako vam je potrebna personalizirana pomo\u0107, slobodno se obratite na\u0161em timu. <\/p>\r\n    <\/div>\r\n  <\/div>\r\n\r\n  <div class=\"faq-item\">\r\n    <button class=\"faq-question\">Mogu li uzimati dodatke prehrani HerbaVitality s drugim lijekovima?<\/button>\r\n    <div class=\"faq-answer\">\r\n      <p>Iako su na\u0161i proizvodi prirodni, uvijek je najbolje konzultirati se sa stru\u010dnjakom kako biste bili sigurni da nema interakcija s lijekovima koje trenutno uzimate.<\/p>\r\n    <\/div>\r\n  <\/div>\r\n\r\n  <div class=\"faq-item\">\r\n    <button class=\"faq-question\">Kako se koriste dodaci prehrani HerbaVitality?<\/button>\r\n    <div class=\"faq-answer\">\r\n      <p>Svaki proizvod dolazi s posebnim uputama za uporabu. Ove informacije mo\u017eete prona\u0107i i na na\u0161oj web stranici pod opisom proizvoda. <\/p>\r\n    <\/div>\r\n  <\/div>\r\n\r\n  <div class=\"faq-item\">\r\n    <button class=\"faq-question\">Za\u0161to \u0107e\u0161 nas voljeti?<\/button>\r\n    <div class=\"faq-answer\">\r\n      <p>Bilje, vitamine i minerale pripremamo jednostavno.<\/p>\r\n    <\/div>\r\n  <\/div>\r\n<\/div>\t\t\t\t<\/div>\n\t\t\t\t\t<\/div>\n\t\t\t\t<\/div>\n\t\t\t\t<\/div>\n\t\t","protected":false},"excerpt":{"rendered":"<p>\u010cesto postavljana pitanja Trebate pomo\u0107? Pogledajte na\u0161a \u010cesto postavljana pitanja ili nam se obratite na sales@herbavitality.com. Kako mogu naru\u010diti i<\/p>\n","protected":false},"author":1,"featured_media":0,"parent":0,"menu_order":0,"comment_status":"closed","ping_status":"closed","template":"","meta":{"footnotes":""},"class_list":["post-34063","page","type-page","status-publish","hentry"],"_links":{"self":[{"href":"https:\/\/herbavitality.com\/hr\/wp-json\/wp\/v2\/pages\/34063","targetHints":{"allow":["GET"]}}],"collection":[{"href":"https:\/\/herbavitality.com\/hr\/wp-json\/wp\/v2\/pages"}],"about":[{"href":"https:\/\/herbavitality.com\/hr\/wp-json\/wp\/v2\/types\/page"}],"author":[{"embeddable":true,"href":"https:\/\/herbavitality.com\/hr\/wp-json\/wp\/v2\/users\/1"}],"replies":[{"embeddable":true,"href":"https:\/\/herbavitality.com\/hr\/wp-json\/wp\/v2\/comments?post=34063"}],"version-history":[{"count":1,"href":"https:\/\/herbavitality.com\/hr\/wp-json\/wp\/v2\/pages\/34063\/revisions"}],"predecessor-version":[{"id":34064,"href":"https:\/\/herbavitality.com\/hr\/wp-json\/wp\/v2\/pages\/34063\/revisions\/34064"}],"wp:attachment":[{"href":"https:\/\/herbavitality.com\/hr\/wp-json\/wp\/v2\/media?parent=34063"}],"curies":[{"name":"wp","href":"https:\/\/api.w.org\/{rel}","templated":true}]}}