{"id":33923,"date":"2025-10-31T16:22:12","date_gmt":"2025-10-31T16:22:12","guid":{"rendered":"https:\/\/herbavitality.com\/uvjeti-i-odredbe\/"},"modified":"2025-11-12T18:32:52","modified_gmt":"2025-11-12T18:32:52","slug":"uvjeti-i-odredbe","status":"publish","type":"page","link":"https:\/\/herbavitality.com\/hr\/uvjeti-i-odredbe\/","title":{"rendered":"Uvjeti i odredbe"},"content":{"rendered":"\n<h2 class=\"wp-block-heading\"><strong>MOLIMO VAS DA PA\u017dLJIVO PRO\u010cITATE UVJETE PRIJE KORI\u0160TENJA OVE STRANICE<\/strong><\/h2>\n\n<p>Molimo vas da pa\u017eljivo pro\u010ditate ove uvjete kori\u0161tenja prije kori\u0161tenja stranice ili usluga dostupnih na stranici. Posjetom ili kori\u0161tenjem stranice ili kupnjom na stranici potvr\u0111ujete da prihva\u0107ate uvjete kori\u0161tenja ove stranice. <\/p>\n\n<p>Posjetom stranice ili pregledavanjem bilo kojeg sadr\u017eaja na stranici i\/ili kupnjom na stranici, izjavljujete i jam\u010dite da ste pro\u010ditali, razumjeli, imate pravnu sposobnost i ovime pristajete biti pravno obvezani ovim uvjetima. Ako se ne sla\u017eete s ovim uvjetima, nemojte koristiti stranicu. <\/p>\n\n<p>Ovi uvjeti obuhva\u0107aju sve proizvode koji se prodaju isklju\u010divo putem web stranice. Svaka odstupanja od ovih uvjeta bit \u0107e potvr\u0111ena. Svi ostali Uvjeti i odredbe su isklju\u010deni. Svaki korisnik koji u\u0111e i koristi usluge trgovine pristaje i sla\u017ee se pridr\u017eavati se ovdje navedenih uvjeta, bez iznimki. Ako se netko ne sla\u017ee s ovim uvjetima, mora se suzdr\u017eati od kori\u0161tenja usluga ove trgovine i od bilo kakve transakcije s njom. Slanjem narud\u017ebe podrazumijevate prihva\u0107anje ovih uvjeta i odredbi i svih njihovih odredbi.     <\/p>\n\n<h4 class=\"wp-block-heading\"><strong>NARUD\u017dBE<\/strong><\/h4>\n\n<p>Narud\u017ebe se moraju primiti putem interneta ispunjavanjem odgovaraju\u0107eg obrasca za narud\u017ebu koji se mo\u017ee prona\u0107i u internetskoj trgovini. Va\u0161u narud\u017ebu primamo u trenutku kada putem obrasca za narud\u017ebu unesete podatke za dostavu i \u017eeljenu koli\u010dinu. Pojedinosti o narud\u017ebi dostupne su na zaslonu korisnika nakon zavr\u0161etka narud\u017ebe.  <\/p>\n\n<h4 class=\"wp-block-heading\"><strong>CIJENE I PROMOCIJE<\/strong><\/h4>\n\n<p>Sve cijene na stranici su kona\u010dne. U slu\u010daju teku\u0107e promocije, na\u0161i kupci imat \u0107e priliku ostvariti popust na cijenu proizvoda u promociji. Cijene proizvoda podlo\u017ene su promjenama bez prethodne najave. Kupcima \u0107e se naplatiti cijena proizvoda koja je bila va\u017ee\u0107a u trenutku kupnje.   <\/p>\n\n<h4 class=\"wp-block-heading\"><strong>MISIJE \/ UVJETI DOSTAVE<\/strong><\/h4>\n\n<p>Proizvod se mo\u017ee poslati bilo gdje unutar zemlje. Proizvodi \u0107e biti poslani kurirskom slu\u017ebom na adresu koju ste naveli u narud\u017ebenici. Na\u010din pla\u0107anja je kao \u0161to je navedeno u internetskoj trgovini. U podru\u010djima gdje nije mogu\u0107e poslati va\u0161u narud\u017ebu kurirskom slu\u017ebom, dostavu osigurava Nacionalna po\u0161tanska slu\u017eba. Dostava \u0107e se obavljati svakodnevno, osim vikendom i praznicima.    <\/p>\n\n<h4 class=\"wp-block-heading\"><strong>REFUNDS<\/strong><\/h4>\n\n<p>Zahtjevi za povrat ili otkazivanje robe \u0161alju se e-po\u0161tom. U zahtjevu kupac navodi razlog zahtjeva. Zadr\u017eavamo pravo ne prihvatiti zahtjev kupca ako se utvrdi da su razlozi za njegovu\/njezinu pritu\u017ebu nerazumni.  <\/p>\n\n<p>Vra\u0107eni proizvod mora biti u istom stanju u kojem ste ga primili (kao nov), bez otvaranja ili o\u0161te\u0107enja pakiranja, neposredno prije prodaje, kao i u punoj originalnoj ambala\u017ei.<\/p>\n\n<p>Za prihva\u0107anje povrata morate pokazati broj narud\u017ebe osobe koja je izvorno kupila proizvod i \u010diji su podaci prikazani u kodu narud\u017ebe.<\/p>\n\n<p>Kupac ima pravo vratiti kupljeni proizvod i zatra\u017eiti da se zamijeni drugim proizvodom ili povrat novca, u dva slu\u010daja:<\/p>\n\n<p>1. U slu\u010dajevima dokazane krivnje na\u0161e tvrtke (primljen pogre\u0161an proizvod ili proizvod s nedostacima u kvaliteti), kupac je du\u017ean vratiti proizvod u roku od trideset (30) dana od dana primitka, bez tro\u0161kova dostave.<\/p>\n\n<p>2. Ako odluka kupca o povratu proizvoda nije proiza\u0161la iz bilo kojeg od gore navedenih objektivnih razloga, tvrtka zadr\u017eava pravo ne uva\u017eiti reklamaciju. Ako je reklamacija utemeljena, kupac mo\u017ee vratiti proizvod u roku od trideset (30) dana od datuma primitka. U tom slu\u010daju, sve tro\u0161kove prijevoza, kao i eventualnu razliku u cijeni proizvoda, snosi kupac.  <\/p>\n\n<p>U svim slu\u010dajevima, proizvodi moraju biti u stanju u kojem ih je kupac primio, kompletni, bez ikakvih o\u0161te\u0107enja i u originalnoj ambala\u017ei. Ako se ne vrate u roku od trideset (30) dana, na\u0161a trgovina nije obvezna prihvatiti povrat novca. <\/p>\n\n<p>Nakon uskla\u0111ivanja s Uvjetima i odredbama i prihva\u0107anja povrata proizvoda, kupac ima pravo primiti ili drugi proizvod jednake vrijednosti ili povrat novca. Povrat novca kupcu bit \u0107e izvr\u0161en u roku od devedeset (90) dana od datuma kada primimo proizvod. <\/p>\n\n<p>U slu\u010daju ponovljenih povrata novca ili povrata novca u slu\u010daju da na\u0161a tvrtka, prema vlastitom naho\u0111enju, smatra da kupac zloupotrebljava pravo na povrat ili postupa u lo\u0161oj vjeri, ima pravo odbiti povrat proizvoda, \u010dak i ako su ti uvjeti ispunjeni.<\/p>\n\n<p>Ovi uvjeti ne utje\u010du na prava potro\u0161a\u010da koja su propisana zakonom.<\/p>\n\n<h4 class=\"wp-block-heading\"><strong>VA\u0160E OBVEZE KAO KLIJENTA<\/strong><\/h4>\n\n<p>Odgovorni ste za odabir proizvoda i njegovu prikladnost za va\u0161e svrhe. Kupac ne smije na\u0161tetiti ili poku\u0161ati na\u0161tetiti integritetu, sigurnosti i\/ili dostupnosti usluga na\u0161e tvrtke. <\/p>\n\n<p>\u25cf Navedite va\u017ee\u0107e ime i prezime, po\u0161tansku adresu, broj telefona i e-po\u0161tu.<\/p>\n\n<p>\u25cf Pla\u0107ate cijenu naru\u010dene robe.<\/p>\n\n<p>\u25cf Be available, or have a representative available at the time of delivery.<\/p>\n\n<p>\u25cf Ne izra\u0111ujte narud\u017ebe.<\/p>\n\n<p>\u25cf Nemojte izmi\u0161ljati recenzije proizvoda niti davati bilo kakve druge la\u017ene informacije.<\/p>\n\n<h4 class=\"wp-block-heading\"><strong>TERMS AND CONDITIONS<\/strong><\/h4>\n\n<p>Tvrtka zadr\u017eava pravo izmjene ili a\u017euriranja ovih uvjeta i odredbi, ali to pravo ne utje\u010de na postoje\u0107e uvjete i odredbe koje je kupac prihvatio nakon narud\u017ebe. Izmjena ili obnova stupit \u0107e na snagu od trenutka objave teksta bilo kakve promjene. Molimo vas da povremeno provjeravate promjene u odjeljku uvjeta i odredbi na ovoj web stranici.  <\/p>\n\n<h4 class=\"wp-block-heading\"><strong>MJERODAVNO PRAVO \u2013 NADLE\u017dNOST<\/strong><\/h4>\n\n<p>Ovaj Ugovor podlije\u017ee me\u0111unarodnom i nacionalnom pravu, posebno zakonima koji reguliraju pitanja vezana uz e-trgovinu, prodaju na daljinu i za\u0161titu potro\u0161a\u010da, te podlije\u017ee isklju\u010divoj nadle\u017enosti sudova mjesta nastana na\u0161e tvrtke.<\/p>\n\n<h4 class=\"wp-block-heading\"><strong>PROIZVODI<\/strong><\/h4>\n\n<p>Proizvodi prikazani na stranicama trgovine su visoke kvalitete i zadovoljavaju sve potrebne specifikacije. Tako\u0111er su u potpunosti analizirani u pogledu kvalitete i upotrebe. Za bilo koju drugu upotrebu ili primjenu osim one za koju je predlo\u017eena i izra\u0111ena iz na\u0161e online trgovine, odgovornost je isklju\u010divo kupca.  <\/p>\n\n<h4 class=\"wp-block-heading\"><strong>POLITIKA PRIVATNOSTI<\/strong><\/h4>\n\n<p>Osobni podaci korisnika na\u0161e web stranice ostaju strogo povjerljivi i koriste se samo za provo\u0111enje gore navedenih radnji i u informativne svrhe. Dostavljanjem svojih osobnih podataka potvr\u0111ujete da imate vi\u0161e od 18 godina i da pristajete na kori\u0161tenje podataka od strane na\u0161e tvrtke. Va\u0161i osobni podaci ne\u0107e biti proslije\u0111eni tre\u0107im stranama osim ako to od nas ne zahtijevaju zakonitim sredstvima tijela za provedbu zakona.  <\/p>\n","protected":false},"excerpt":{"rendered":"<p>MOLIMO VAS DA PA\u017dLJIVO PRO\u010cITATE UVJETE PRIJE KORI\u0160TENJA OVE STRANICE Molimo vas da pa\u017eljivo pro\u010ditate ove uvjete kori\u0161tenja prije kori\u0161tenja<\/p>\n","protected":false},"author":1,"featured_media":0,"parent":0,"menu_order":0,"comment_status":"closed","ping_status":"open","template":"","meta":{"footnotes":""},"class_list":["post-33923","page","type-page","status-publish","hentry"],"_links":{"self":[{"href":"https:\/\/herbavitality.com\/hr\/wp-json\/wp\/v2\/pages\/33923","targetHints":{"allow":["GET"]}}],"collection":[{"href":"https:\/\/herbavitality.com\/hr\/wp-json\/wp\/v2\/pages"}],"about":[{"href":"https:\/\/herbavitality.com\/hr\/wp-json\/wp\/v2\/types\/page"}],"author":[{"embeddable":true,"href":"https:\/\/herbavitality.com\/hr\/wp-json\/wp\/v2\/users\/1"}],"replies":[{"embeddable":true,"href":"https:\/\/herbavitality.com\/hr\/wp-json\/wp\/v2\/comments?post=33923"}],"version-history":[{"count":1,"href":"https:\/\/herbavitality.com\/hr\/wp-json\/wp\/v2\/pages\/33923\/revisions"}],"predecessor-version":[{"id":33924,"href":"https:\/\/herbavitality.com\/hr\/wp-json\/wp\/v2\/pages\/33923\/revisions\/33924"}],"wp:attachment":[{"href":"https:\/\/herbavitality.com\/hr\/wp-json\/wp\/v2\/media?parent=33923"}],"curies":[{"name":"wp","href":"https:\/\/api.w.org\/{rel}","templated":true}]}}