{"id":33562,"date":"2025-11-02T15:00:13","date_gmt":"2025-11-02T15:00:13","guid":{"rendered":"https:\/\/herbavitality.com\/politika-povrata-novca-i-robe\/"},"modified":"2025-11-12T11:17:22","modified_gmt":"2025-11-12T11:17:22","slug":"politika-povrata-novca-i-robe","status":"publish","type":"page","link":"https:\/\/herbavitality.com\/hr\/politika-povrata-novca-i-robe\/","title":{"rendered":"Politika povrata novca i robe"},"content":{"rendered":"\n<p>Zahtjevi za povrat ili otkazivanje \u0161alju se e-po\u0161tom na: sales@herbavitality.com. U zahtjevu kupac navodi razlog zahtjeva. Zadr\u017eavamo pravo ne prihvatiti zahtjev kupca ako se utvrdi da su razlozi njegove\/njezine \u017ealbe nerazumni. Vra\u0107eni proizvod mora biti u istom stanju u kojem ste ga primili (kao nov), bez otvaranja ili o\u0161te\u0107enja pakiranja, neposredno prije prodaje, kao i cjelokupno originalno pakiranje. Da biste prihvatili povrat, morate pokazati broj narud\u017ebe osobe koja je izvorno kupila proizvod i \u010diji su podaci prikazani u kodu narud\u017ebe.    <\/p>\n\n<h4 class=\"wp-block-heading\">Kupac ima pravo vratiti kupljeni proizvod i zatra\u017eiti da se zamijeni drugim proizvodom ili povrat novca, u dva slu\u010daja:<\/h4>\n\n<p>1. U slu\u010dajevima dokazane krivnje na\u0161e tvrtke (primljen pogre\u0161an proizvod ili proizvod s nedostacima u kvaliteti), kupac bi trebao vratiti proizvod u roku od (14) dana od dana kada ga je primio\/la, bez tro\u0161kova prijevoza.<\/p>\n\n<p>2. Ako odluka kupca da vrati proizvod nije proiza\u0161la iz bilo kojeg od gore navedenih objektivnih razloga, tvrtka zadr\u017eava pravo ne udovoljiti zahtjevu. Ako je prigovor opravdan, kupac mo\u017ee vratiti proizvod u roku od (14) dana od datuma primitka. U ovom slu\u010daju sve tro\u0161kove prijevoza, kao i svaku razliku u cijeni proizvoda, snosi kupac.  <\/p>\n\n<p>U svim slu\u010dajevima, proizvodi bi trebali biti u stanju u kojem ih je kupac primio, kompletni, bez ikakvih o\u0161te\u0107enja i u originalnom pakiranju. Ako se ne vrate u roku od (14) dana, na\u0161a trgovina nije obvezna prihvatiti povrat novca. <\/p>\n\n<p>Nakon uskla\u0111ivanja s Uvjetima i odredbama i prihva\u0107anja povrata proizvoda, kupac ima pravo primiti ili drugi proizvod jednake vrijednosti ili povrat novca. Povrat novca kupcu bit \u0107e izvr\u0161en u roku od devedeset (90) dana od datuma kada primimo proizvod. <\/p>\n\n<p>U slu\u010daju ponovljenih povrata novca ili povrata novca u slu\u010daju da na\u0161a tvrtka, prema vlastitom naho\u0111enju, smatra da kupac zloupotrebljava pravo na povrat ili postupa u lo\u0161oj vjeri, ima pravo odbiti povrat proizvoda, \u010dak i ako su ti uvjeti ispunjeni.<\/p>\n\n<p>Ovi uvjeti ne utje\u010du na prava potro\u0161a\u010da koja su propisana zakonom.<\/p>\n\n<p><\/p>\n","protected":false},"excerpt":{"rendered":"<p>Zahtjevi za povrat ili otkazivanje \u0161alju se e-po\u0161tom na: sales@herbavitality.com. U zahtjevu kupac navodi razlog zahtjeva. Zadr\u017eavamo pravo ne prihvatiti<\/p>\n","protected":false},"author":1,"featured_media":0,"parent":0,"menu_order":0,"comment_status":"closed","ping_status":"closed","template":"","meta":{"footnotes":""},"class_list":["post-33562","page","type-page","status-publish","hentry"],"_links":{"self":[{"href":"https:\/\/herbavitality.com\/hr\/wp-json\/wp\/v2\/pages\/33562","targetHints":{"allow":["GET"]}}],"collection":[{"href":"https:\/\/herbavitality.com\/hr\/wp-json\/wp\/v2\/pages"}],"about":[{"href":"https:\/\/herbavitality.com\/hr\/wp-json\/wp\/v2\/types\/page"}],"author":[{"embeddable":true,"href":"https:\/\/herbavitality.com\/hr\/wp-json\/wp\/v2\/users\/1"}],"replies":[{"embeddable":true,"href":"https:\/\/herbavitality.com\/hr\/wp-json\/wp\/v2\/comments?post=33562"}],"version-history":[{"count":1,"href":"https:\/\/herbavitality.com\/hr\/wp-json\/wp\/v2\/pages\/33562\/revisions"}],"predecessor-version":[{"id":33563,"href":"https:\/\/herbavitality.com\/hr\/wp-json\/wp\/v2\/pages\/33562\/revisions\/33563"}],"wp:attachment":[{"href":"https:\/\/herbavitality.com\/hr\/wp-json\/wp\/v2\/media?parent=33562"}],"curies":[{"name":"wp","href":"https:\/\/api.w.org\/{rel}","templated":true}]}}