{"id":33555,"date":"2025-11-02T15:00:59","date_gmt":"2025-11-02T15:00:59","guid":{"rendered":"https:\/\/herbavitality.com\/suglasnost-za-kolacice\/"},"modified":"2025-11-12T11:13:20","modified_gmt":"2025-11-12T11:13:20","slug":"suglasnost-za-kolacice","status":"publish","type":"page","link":"https:\/\/herbavitality.com\/hr\/suglasnost-za-kolacice\/","title":{"rendered":"Suglasnost za kola\u010di\u0107e"},"content":{"rendered":"\n<p>Dobrodo\u0161li na Herbavitality.com. Kao i ve\u0107ina web stranica, koristimo kola\u010di\u0107e kako bismo pobolj\u0161ali va\u0161e iskustvo pregledavanja i pru\u017eili personalizirani sadr\u017eaj. Nastavkom kori\u0161tenja na\u0161e web stranice pristajete na upotrebu kola\u010di\u0107a u skladu s ovim Pravilima o kola\u010di\u0107ima.  <\/p>\n\n<p><strong>\u0160to su kola\u010di\u0107i?<\/strong><\/p>\n\n<p>Kola\u010di\u0107i su male tekstualne datoteke koje se pohranjuju na va\u0161 ure\u0111aj kada posjetite web-stranicu. \u0160iroko se koriste kako bi web-stranice radile u\u010dinkovitije, kao i za pru\u017eanje informacija vlasnicima web-stranica. <\/p>\n\n<p><strong>Kako koristimo kola\u010di\u0107e?<\/strong><\/p>\n\n<p>Kola\u010di\u0107e koristimo u razli\u010dite svrhe, uklju\u010duju\u0107i:<\/p>\n\n<ul class=\"wp-block-list\">\n<li><strong>Osnovni kola\u010di\u0107i:<\/strong> Ovi kola\u010di\u0107i su neophodni za pravilno funkcioniranje web stranice. Omogu\u0107uju osnovne funkcionalnosti kao \u0161to su sigurnost, upravljanje mre\u017eom i pristupa\u010dnost. <\/li>\n\n\n\n<li><strong>Analiti\u010dki kola\u010di\u0107i:<\/strong> Ovi kola\u010di\u0107i nam poma\u017eu da shvatimo kako posjetitelji komuniciraju s na\u0161om web stranicom prikupljanjem i anonimnim izvje\u0161tavanjem informacija. To nam poma\u017ee da pobolj\u0161amo na\u0161u web stranicu i prilagodimo je va\u0161im potrebama. <\/li>\n\n\n\n<li><strong>Marketin\u0161ki kola\u010di\u0107i:<\/strong> Ovi kola\u010di\u0107i koriste se za pra\u0107enje posjetitelja na web-stranicama. Namjera im je prikazivati \u200b\u200boglase koji su relevantni i zanimljivi za pojedinog korisnika. <\/li>\n<\/ul>\n\n<p><strong>Va\u0161 izbor u vezi s kola\u010di\u0107ima<\/strong><\/p>\n\n<p>Kola\u010di\u0107e mo\u017eete kontrolirati i\/ili brisati po \u017eelji. Mo\u017eete izbrisati sve kola\u010di\u0107e koji su ve\u0107 na va\u0161em ure\u0111aju i mo\u017eete postaviti ve\u0107inu preglednika da sprije\u010de njihovo postavljanje. Me\u0111utim, ako to u\u010dinite, mo\u017eda \u0107ete morati ru\u010dno prilagoditi neke postavke svaki put kada posjetite web-mjesto, a neke usluge i funkcionalnosti mo\u017eda ne\u0107e raditi.  <\/p>\n\n<p><strong>Izmjene ove Politike kola\u010di\u0107a<\/strong><\/p>\n\n<p>S vremena na vrijeme mo\u017eemo a\u017eurirati na\u0161u Politiku kola\u010di\u0107a. Obavijestit \u0107emo vas o svim promjenama objavljivanjem nove Politike kola\u010di\u0107a na ovoj stranici. <\/p>\n\n<p><strong>Contact Us<\/strong><\/p>\n\n<p>Ako imate bilo kakvih pitanja o na\u0161oj upotrebi kola\u010di\u0107a, kontaktirajte nas na sales@herbavitality.com<\/p>\n\n<p>Kori\u0161tenjem na\u0161e web stranice pristajete na upotrebu kola\u010di\u0107a kako je navedeno u ovim Pravilima o kola\u010di\u0107ima.<\/p>\n","protected":false},"excerpt":{"rendered":"<p>Dobrodo\u0161li na Herbavitality.com. Kao i ve\u0107ina web stranica, koristimo kola\u010di\u0107e kako bismo pobolj\u0161ali va\u0161e iskustvo pregledavanja i pru\u017eili personalizirani sadr\u017eaj.<\/p>\n","protected":false},"author":1,"featured_media":0,"parent":0,"menu_order":0,"comment_status":"closed","ping_status":"closed","template":"","meta":{"footnotes":""},"class_list":["post-33555","page","type-page","status-publish","hentry"],"_links":{"self":[{"href":"https:\/\/herbavitality.com\/hr\/wp-json\/wp\/v2\/pages\/33555","targetHints":{"allow":["GET"]}}],"collection":[{"href":"https:\/\/herbavitality.com\/hr\/wp-json\/wp\/v2\/pages"}],"about":[{"href":"https:\/\/herbavitality.com\/hr\/wp-json\/wp\/v2\/types\/page"}],"author":[{"embeddable":true,"href":"https:\/\/herbavitality.com\/hr\/wp-json\/wp\/v2\/users\/1"}],"replies":[{"embeddable":true,"href":"https:\/\/herbavitality.com\/hr\/wp-json\/wp\/v2\/comments?post=33555"}],"version-history":[{"count":1,"href":"https:\/\/herbavitality.com\/hr\/wp-json\/wp\/v2\/pages\/33555\/revisions"}],"predecessor-version":[{"id":33556,"href":"https:\/\/herbavitality.com\/hr\/wp-json\/wp\/v2\/pages\/33555\/revisions\/33556"}],"wp:attachment":[{"href":"https:\/\/herbavitality.com\/hr\/wp-json\/wp\/v2\/media?parent=33555"}],"curies":[{"name":"wp","href":"https:\/\/api.w.org\/{rel}","templated":true}]}}