{"id":34065,"date":"2025-11-06T12:15:56","date_gmt":"2025-11-06T12:15:56","guid":{"rendered":"https:\/\/herbavitality.com\/faq\/"},"modified":"2025-11-12T19:52:30","modified_gmt":"2025-11-12T19:52:30","slug":"faq","status":"publish","type":"page","link":"https:\/\/herbavitality.com\/cs\/faq\/","title":{"rendered":"FAQ"},"content":{"rendered":"\t\t<div data-elementor-type=\"wp-page\" data-elementor-id=\"34065\" class=\"elementor elementor-34065 elementor-29294\" data-elementor-post-type=\"page\">\n\t\t\t\t<div class=\"wd-negative-gap elementor-element elementor-element-1e5f035 e-flex e-con-boxed e-con e-parent\" data-id=\"1e5f035\" data-element_type=\"container\" data-e-type=\"container\">\n\t\t\t\t\t<div class=\"e-con-inner\">\n\t\t\t\t<div class=\"elementor-element elementor-element-2d75396 elementor-widget elementor-widget-html\" data-id=\"2d75396\" data-element_type=\"widget\" data-e-type=\"widget\" data-widget_type=\"html.default\">\n\t\t\t\t\t<div class=\"FAQ\">\r\n  <h2>\u010casto kladen\u00e9 ot\u00e1zky<\/h2>\r\n  <p class=\"faq-intro\">\r\n Pot\u0159ebujete pomoc? Pod\u00edvejte se na na\u0161e \u010casto kladen\u00e9 ot\u00e1zky nebo n\u00e1s kontaktujte na adrese <a href=\"mailto:sales@herbavitality.com\">sales@herbavitality.com<\/a>. \r\n  <\/p>\r\n\r\n  <div class=\"faq-item\">\r\n    <button class=\"faq-question\">Jak mohu zadat objedn\u00e1vku a prov\u00e9st platbu?<\/button>\r\n    <div class=\"faq-answer\">\r\n      <p>Objedn\u00e1vku m\u016f\u017eete zadat p\u0159\u00edmo v na\u0161em internetov\u00e9m obchod\u011b v sekci obchod. Platba se prov\u00e1d\u00ed p\u0159i doru\u010den\u00ed, a to bu\u010f hotov\u011b p\u0159i p\u0159evzet\u00ed, nebo kartou a p\u0159es PayPal na na\u0161ich webov\u00fdch str\u00e1nk\u00e1ch. <\/p>\r\n    <\/div>\r\n  <\/div>\r\n\r\n  <div class=\"faq-item\">\r\n    <button class=\"faq-question\">Jak\u00e1 je cena a doba dod\u00e1n\u00ed?<\/button>\r\n    <div class=\"faq-answer\">\r\n      <p>Doprava je zdarma pro objedn\u00e1vky nad 40 EURO a 4,99 EURO. Po objedn\u00e1n\u00ed ti budou produkty doru\u010deny do 1\u20133 pracovn\u00edch dn\u016f. <\/p>\r\n    <\/div>\r\n  <\/div>\r\n\r\n  <div class=\"faq-item\">\r\n    <button class=\"faq-question\">Mohu produkty vr\u00e1tit?<\/button>\r\n    <div class=\"faq-answer\">\r\n      <p>Produkty m\u016f\u017ee\u0161 vr\u00e1tit do 14 dn\u016f od data p\u0159ijet\u00ed, s jedinou podm\u00ednkou, \u017ee nebyly pou\u017eity. Rozbalen\u00e9 propaga\u010dn\u00ed bal\u00ed\u010dky nebo pouze jejich \u010d\u00e1st nelze vr\u00e1tit. \u017d\u00e1dost o vr\u00e1cen\u00ed m\u016f\u017ee\u0161 podat e-mailem na <a href=\"mailto:sales@herbavitality.com\">sales@herbavitality.com<\/a>.  <\/p>\r\n    <\/div>\r\n  <\/div>\r\n\r\n  <div class=\"faq-item\">\r\n    <button class=\"faq-question\">Existuj\u00ed n\u011bjak\u00e9 vedlej\u0161\u00ed \u00fa\u010dinky?<\/button>\r\n    <div class=\"faq-answer\">\r\n      <p>Jeliko\u017e jsou na\u0161e produkty rostlinn\u00e9ho p\u016fvodu a p\u0159\u00edrodn\u011b z\u00edsk\u00e1van\u00e9, obvykle nemaj\u00ed \u017e\u00e1dn\u00e9 vedlej\u0161\u00ed \u00fa\u010dinky. Nicm\u00e9n\u011b osoby s alergiemi, t\u011bhotn\u00e9, koj\u00edc\u00ed nebo podstupuj\u00edc\u00ed l\u00e9ka\u0159skou l\u00e9\u010dbu by se m\u011bly poradit se sv\u00fdm l\u00e9ka\u0159em. <\/p>\r\n    <\/div>\r\n  <\/div>\r\n\r\n  <div class=\"faq-item\">\r\n    <button class=\"faq-question\">Jak dlouho bych m\u011bl produkt pou\u017e\u00edvat, abych vid\u011bl v\u00fdsledky?<\/button>\r\n    <div class=\"faq-answer\">\r\n      <p>V\u00fdsledky se individu\u00e1ln\u011b li\u0161\u00ed. Konzistentn\u00ed u\u017e\u00edv\u00e1n\u00ed podle doporu\u010den\u00e9ho d\u00e1vkov\u00e1n\u00ed je z\u00e1sadn\u00ed. Je vhodn\u00e9 pou\u017e\u00edvat produkt po dobu 1\u20133 m\u011bs\u00edc\u016f, abyste pln\u011b posoudili jeho \u00fa\u010dinnost.  <\/p>\r\n    <\/div>\r\n  <\/div>\r\n\r\n  <div class=\"faq-item\">\r\n    <button class=\"faq-question\">\u010c\u00edm se HerbaVitality li\u0161\u00ed od ostatn\u00edch zna\u010dek?<\/button>\r\n    <div class=\"faq-answer\">\r\n      <p>HerbaVitality se zam\u011b\u0159uje na speci\u00e1ln\u011b vyvinut\u00e9 receptury s vy\u0161\u0161\u00ed koncentrac\u00ed kl\u00ed\u010dov\u00fdch aktivn\u00edch slo\u017eek. Na\u0161e produkty jsou v\u0161echny p\u0159\u00edrodn\u00ed, vegansk\u00e9 a vytvo\u0159en\u00e9 odborn\u00edky s v\u00edce ne\u017e 20let\u00fdmi zku\u0161enostmi. <\/p>\r\n    <\/div>\r\n  <\/div>\r\n\r\n  <div class=\"faq-item\">\r\n    <button class=\"faq-question\">Jak pozn\u00e1m, kter\u00fd produkt HerbaVitality je pro m\u011b ten prav\u00fd?<\/button>\r\n    <div class=\"faq-answer\">\r\n      <p>Na\u0161e webov\u00e9 str\u00e1nky poskytuj\u00ed podrobn\u00e9 informace o v\u00fdhod\u00e1ch a slo\u017een\u00ed ka\u017ed\u00e9ho produktu. Pokud pot\u0159ebujete osobn\u00ed pomoc, nev\u00e1hejte kontaktovat n\u00e1\u0161 t\u00fdm. <\/p>\r\n    <\/div>\r\n  <\/div>\r\n\r\n  <div class=\"faq-item\">\r\n    <button class=\"faq-question\">Mohu u\u017e\u00edvat dopl\u0148ky stravy HerbaVitality s jin\u00fdmi l\u00e9ky?<\/button>\r\n    <div class=\"faq-answer\">\r\n      <p>P\u0159esto\u017ee jsou na\u0161e produkty p\u0159\u00edrodn\u00ed, je v\u017edy nejlep\u0161\u00ed poradit se s odborn\u00edkem, abyste se ujistili, \u017ee nedoch\u00e1z\u00ed k interakc\u00edm s va\u0161imi st\u00e1vaj\u00edc\u00edmi l\u00e9ky.<\/p>\r\n    <\/div>\r\n  <\/div>\r\n\r\n  <div class=\"faq-item\">\r\n    <button class=\"faq-question\">Jak se u\u017e\u00edvaj\u00ed dopl\u0148ky stravy HerbaVitality?<\/button>\r\n    <div class=\"faq-answer\">\r\n      <p>Ka\u017ed\u00fd produkt je dod\u00e1v\u00e1n se specifick\u00fdm n\u00e1vodem k pou\u017eit\u00ed. Tyto informace naleznete tak\u00e9 na na\u0161ich webov\u00fdch str\u00e1nk\u00e1ch v popisu produktu. <\/p>\r\n    <\/div>\r\n  <\/div>\r\n\r\n  <div class=\"faq-item\">\r\n    <button class=\"faq-question\">Pro\u010d n\u00e1s budete milovat?<\/button>\r\n    <div class=\"faq-answer\">\r\n      <p>Bylinky, vitam\u00edny a miner\u00e1ly d\u011bl\u00e1me jednodu\u0161e.<\/p>\r\n    <\/div>\r\n  <\/div>\r\n<\/div>\t\t\t\t<\/div>\n\t\t\t\t\t<\/div>\n\t\t\t\t<\/div>\n\t\t\t\t<\/div>\n\t\t","protected":false},"excerpt":{"rendered":"<p>\u010casto kladen\u00e9 ot\u00e1zky Pot\u0159ebujete pomoc? Pod\u00edvejte se na na\u0161e \u010casto kladen\u00e9 ot\u00e1zky nebo n\u00e1s kontaktujte na adrese sales@herbavitality.com. Jak mohu<\/p>\n","protected":false},"author":1,"featured_media":0,"parent":0,"menu_order":0,"comment_status":"closed","ping_status":"closed","template":"","meta":{"footnotes":""},"class_list":["post-34065","page","type-page","status-publish","hentry"],"_links":{"self":[{"href":"https:\/\/herbavitality.com\/cs\/wp-json\/wp\/v2\/pages\/34065","targetHints":{"allow":["GET"]}}],"collection":[{"href":"https:\/\/herbavitality.com\/cs\/wp-json\/wp\/v2\/pages"}],"about":[{"href":"https:\/\/herbavitality.com\/cs\/wp-json\/wp\/v2\/types\/page"}],"author":[{"embeddable":true,"href":"https:\/\/herbavitality.com\/cs\/wp-json\/wp\/v2\/users\/1"}],"replies":[{"embeddable":true,"href":"https:\/\/herbavitality.com\/cs\/wp-json\/wp\/v2\/comments?post=34065"}],"version-history":[{"count":1,"href":"https:\/\/herbavitality.com\/cs\/wp-json\/wp\/v2\/pages\/34065\/revisions"}],"predecessor-version":[{"id":34066,"href":"https:\/\/herbavitality.com\/cs\/wp-json\/wp\/v2\/pages\/34065\/revisions\/34066"}],"wp:attachment":[{"href":"https:\/\/herbavitality.com\/cs\/wp-json\/wp\/v2\/media?parent=34065"}],"curies":[{"name":"wp","href":"https:\/\/api.w.org\/{rel}","templated":true}]}}