{"id":34056,"date":"2021-10-12T16:27:24","date_gmt":"2021-10-12T16:27:24","guid":{"rendered":"https:\/\/herbavitality.com\/contact-us\/"},"modified":"2025-11-12T19:43:53","modified_gmt":"2025-11-12T19:43:53","slug":"contact-us","status":"publish","type":"page","link":"https:\/\/herbavitality.com\/cs\/contact-us\/","title":{"rendered":"Contact us"},"content":{"rendered":"\t\t<div data-elementor-type=\"wp-page\" data-elementor-id=\"34056\" class=\"elementor elementor-34056 elementor-4439\" data-elementor-post-type=\"page\">\n\t\t\t\t\t\t<section class=\"wd-negative-gap elementor-section elementor-top-section elementor-element elementor-element-7ddcc74a elementor-section-boxed elementor-section-height-default elementor-section-height-default\" data-id=\"7ddcc74a\" data-element_type=\"section\" data-e-type=\"section\">\n\t\t\t\t\t\t<div class=\"elementor-container elementor-column-gap-default\">\n\t\t\t\t\t<div class=\"elementor-column elementor-col-50 elementor-top-column elementor-element elementor-element-8818b48\" data-id=\"8818b48\" data-element_type=\"column\" data-e-type=\"column\">\n\t\t\t<div class=\"elementor-widget-wrap elementor-element-populated\">\n\t\t\t\t\t\t<div class=\"elementor-element elementor-element-143f5798 wd-width-100 elementor-widget elementor-widget-wd_title\" data-id=\"143f5798\" data-element_type=\"widget\" data-e-type=\"widget\" data-widget_type=\"wd_title.default\">\n\t\t\t\t<div class=\"elementor-widget-container\">\n\t\t\t\t\t\t\t<div class=\"title-wrapper wd-set-mb reset-last-child wd-title-color-default wd-title-style-bordered wd-title-size-default text-left\">\n\n\t\t\t\n\t\t\t<div class=\"liner-continer\">\n\t\t\t\t<h4 class=\"woodmart-title-container title wd-fontsize-l\">PO\u0160LETE N\u00c1M E-MAIL<\/h4> \n\t\t\t\t\t\t\t<\/div>\n\n\t\t\t\t\t<\/div>\n\t\t\t\t\t\t<\/div>\n\t\t\t\t<\/div>\n\t\t\t\t<div class=\"elementor-element elementor-element-3297bb55 wd-cf7 elementor-widget elementor-widget-wd_contact_form_7\" data-id=\"3297bb55\" data-element_type=\"widget\" data-e-type=\"widget\" data-widget_type=\"wd_contact_form_7.default\">\n\t\t\t\t<div class=\"elementor-widget-container\">\n\t\t\t\t\t\n<div class=\"wpcf7 no-js\" id=\"wpcf7-f1572-o1\" lang=\"en-US\" dir=\"ltr\" data-wpcf7-id=\"1572\">\n<div class=\"screen-reader-response\"><p role=\"status\" aria-live=\"polite\" aria-atomic=\"true\"><\/p> <ul><\/ul><\/div>\n<form action=\"\/cs\/wp-json\/wp\/v2\/pages\/34056#wpcf7-f1572-o1\" method=\"post\" class=\"wpcf7-form init\" aria-label=\"Contact form\" novalidate=\"novalidate\" data-status=\"init\">\n<fieldset class=\"hidden-fields-container\"><input type=\"hidden\" name=\"_wpcf7\" value=\"1572\" \/><input type=\"hidden\" name=\"_wpcf7_version\" value=\"6.1.5\" \/><input type=\"hidden\" name=\"_wpcf7_locale\" value=\"en_US\" \/><input type=\"hidden\" name=\"_wpcf7_unit_tag\" value=\"wpcf7-f1572-o1\" \/><input type=\"hidden\" name=\"_wpcf7_container_post\" value=\"0\" \/><input type=\"hidden\" name=\"_wpcf7_posted_data_hash\" value=\"\" \/>\n<\/fieldset>\n<div class=\"wd-grid-g\">\n\t<div class=\"wd-grid-f-stretch\">\n\t\t<div class=\"wd-col\">\n\t\t\t<p><label>Your Name<\/label><span class=\"wpcf7-form-control-wrap\" data-name=\"your-name\"><input size=\"40\" maxlength=\"400\" class=\"wpcf7-form-control wpcf7-text wpcf7-validates-as-required\" aria-required=\"true\" aria-invalid=\"false\" value=\"\" type=\"text\" name=\"your-name\" \/><\/span>\n\t\t\t<\/p>\n\t\t<\/div>\n\t\t<div class=\"wd-col\">\n\t\t\t<p><label>Your Email<\/label><span class=\"wpcf7-form-control-wrap\" data-name=\"your-email\"><input size=\"40\" maxlength=\"400\" class=\"wpcf7-form-control wpcf7-email wpcf7-validates-as-required wpcf7-text wpcf7-validates-as-email\" aria-required=\"true\" aria-invalid=\"false\" value=\"\" type=\"email\" name=\"your-email\" \/><\/span>\n\t\t\t<\/p>\n\t\t<\/div>\n\t<\/div>\n\t<div class=\"wd-grid-f-stretch\">\n\t\t<div class=\"wd-col\">\n\t\t\t<p><label>Phone Number<\/label><span class=\"wpcf7-form-control-wrap\" data-name=\"tel-767\"><input size=\"40\" maxlength=\"400\" class=\"wpcf7-form-control wpcf7-tel wpcf7-text wpcf7-validates-as-tel\" aria-invalid=\"false\" value=\"\" type=\"tel\" name=\"tel-767\" \/><\/span>\n\t\t\t<\/p>\n\t\t<\/div>\n\t<\/div>\n\t<div>\n\t\t<p><label>Your Message<\/label><span class=\"wpcf7-form-control-wrap\" data-name=\"your-message\"><textarea cols=\"40\" rows=\"10\" maxlength=\"2000\" class=\"wpcf7-form-control wpcf7-textarea\" aria-invalid=\"false\" name=\"your-message\"><\/textarea><\/span>\n\t\t<\/p>\n\t<\/div>\n\t<div>\n\t\t<p><input class=\"wpcf7-form-control wpcf7-submit has-spinner btn-color-black\" type=\"submit\" value=\"ASK A QUESTION\" \/>\n\t\t<\/p>\n\t<\/div>\n<\/div><div class=\"wpcf7-response-output\" aria-hidden=\"true\"><\/div>\n<\/form>\n<\/div>\n\t\t\t\t<\/div>\n\t\t\t\t<\/div>\n\t\t\t\t<div class=\"elementor-element elementor-element-5c911c3c wd-width-100 elementor-widget elementor-widget-wd_title\" data-id=\"5c911c3c\" data-element_type=\"widget\" data-e-type=\"widget\" data-widget_type=\"wd_title.default\">\n\t\t\t\t<div class=\"elementor-widget-container\">\n\t\t\t\t\t\t\t<div class=\"title-wrapper wd-set-mb reset-last-child wd-title-color-default wd-title-style-bordered wd-title-size-default text-left\">\n\n\t\t\t\n\t\t\t<div class=\"liner-continer\">\n\t\t\t\t<h4 class=\"woodmart-title-container title wd-fontsize-l\">CONTACT US<\/h4> \n\t\t\t\t\t\t\t<\/div>\n\n\t\t\t\t\t<\/div>\n\t\t\t\t\t\t<\/div>\n\t\t\t\t<\/div>\n\t\t\t\t<div class=\"elementor-element elementor-element-7b97f133 elementor-widget elementor-widget-wd_text_block\" data-id=\"7b97f133\" data-element_type=\"widget\" data-e-type=\"widget\" data-widget_type=\"wd_text_block.default\">\n\t\t\t\t<div class=\"elementor-widget-container\">\n\t\t\t\t\t\t\t<div class=\"wd-text-block reset-last-child text-left color-title\">\n\t\t\t\n\t\t\t<div class=\"elementor-element elementor-element-25d79af6 elementor-widget elementor-widget-text-editor\" data-id=\"25d79af6\" data-element_type=\"widget\" data-settings=\"{\"_animation\":\"none\",\"_animation_delay\":300}\" data-widget_type=\"text-editor.default\"><div class=\"elementor-widget-container\"><div class=\"flex-1 overflow-hidden\"><div class=\"react-scroll-to-bottom--css-wnlxe-79elbk h-full\"><div class=\"react-scroll-to-bottom--css-wnlxe-1n7m0yu\"><div class=\"flex flex-col pb-9 text-sm\"><div class=\"w-full text-token-text-primary\" data-testid=\"conversation-turn-5\"><div class=\"px-4 py-2 justify-center text-base md:gap-6 m-auto\"><div class=\"flex flex-1 text-base mx-auto gap-3 md:px-5 lg:px-1 xl:px-5 md:max-w-3xl lg:max-w-[40rem] xl:max-w-[48rem] group final-completion\"><div class=\"relative flex w-full flex-col lg:w-[calc(100%-115px)] agent-turn\"><div class=\"flex-col gap-1 md:gap-3\"><div class=\"flex flex-grow flex-col max-w-full\"><div class=\"min-h-[20px] text-message flex flex-col items-start gap-3 whitespace-pre-wrap break-words [.text-message+&amp;]:mt-5 overflow-x-auto\" data-message-author-role=\"assistant\" data-message-id=\"4b005bd8-59ae-46b8-bf8a-ebe75ab655a3\"><div class=\"markdown prose w-full break-words dark:prose-invert light\"><p>Na\u0161i zam\u011bstnanci se v\u011bnuj\u00ed poskytov\u00e1n\u00ed vysoce kvalitn\u00edch odpov\u011bd\u00ed, kter\u00e9 spl\u0148uj\u00ed va\u0161e pot\u0159eby a p\u0159ed\u010d\u00ed va\u0161e o\u010dek\u00e1v\u00e1n\u00ed. V\u00e1\u017e\u00ed si p\u0159\u00edle\u017eitosti s v\u00e1mi komunikovat a jsou odhodl\u00e1ni poskytovat v\u00e1m prost\u0159ednictv\u00edm sv\u00fdch odpov\u011bd\u00ed cenn\u00e9 informace a pomoc. <\/p><\/div><\/div><\/div><\/div><\/div><\/div><\/div><\/div><\/div><\/div><\/div><\/div><\/div><\/div><div class=\"elementor-element elementor-element-171f5eb3 elementor-widget elementor-widget-heading animated fadeInUp\" data-id=\"171f5eb3\" data-element_type=\"widget\" data-settings=\"{\"_animation\":\"fadeInUp\",\"_animation_delay\":300}\" data-widget_type=\"heading.default\"><div class=\"elementor-widget-container\"><p class=\"elementor-heading-title elementor-size-default\">Pond\u011bl\u00ed \u2013 p\u00e1tek, 8:30 \u2013 17:30<\/p><\/div><\/div>\n\t\t\t\t\t<\/div>\n\t\t\t\t\t\t<\/div>\n\t\t\t\t<\/div>\n\t\t\t\t\t<\/div>\n\t\t<\/div>\n\t\t\t\t<div class=\"elementor-column elementor-col-50 elementor-top-column elementor-element elementor-element-59a2c6f9\" data-id=\"59a2c6f9\" data-element_type=\"column\" data-e-type=\"column\">\n\t\t\t<div class=\"elementor-widget-wrap elementor-element-populated\">\n\t\t\t\t\t\t<div class=\"elementor-element elementor-element-4da4d808 wd-width-100 elementor-widget elementor-widget-wd_title\" data-id=\"4da4d808\" data-element_type=\"widget\" data-e-type=\"widget\" data-widget_type=\"wd_title.default\">\n\t\t\t\t<div class=\"elementor-widget-container\">\n\t\t\t\t\t\t\t<div class=\"title-wrapper wd-set-mb reset-last-child wd-title-color-default wd-title-style-bordered wd-title-size-default text-left\">\n\n\t\t\t\n\t\t\t<div class=\"liner-continer\">\n\t\t\t\t<h4 class=\"woodmart-title-container title wd-fontsize-l\">V\u00edtejte v Herbavitality<\/h4> \n\t\t\t\t\t\t\t<\/div>\n\n\t\t\t\t\t<\/div>\n\t\t\t\t\t\t<\/div>\n\t\t\t\t<\/div>\n\t\t\t\t<div class=\"elementor-element elementor-element-555188c8 elementor-widget elementor-widget-wd_text_block\" data-id=\"555188c8\" data-element_type=\"widget\" data-e-type=\"widget\" data-widget_type=\"wd_text_block.default\">\n\t\t\t\t<div class=\"elementor-widget-container\">\n\t\t\t\t\t\t\t<div class=\"wd-text-block reset-last-child text-left\">\n\t\t\t\n\t\t\t<p>kde se wellness setk\u00e1v\u00e1 s vitalitou v ka\u017ed\u00e9 kapsli, tablet\u011b a pr\u00e1\u0161ku. V Herbavitality se nezab\u00fdv\u00e1me jen prodejem dopl\u0148k\u016f stravy; na\u0161\u00edm posl\u00e1n\u00edm je zrevolucionizovat zp\u016fsob, jak\u00fdm vy\u017eivujete sv\u00e9 t\u011blo a zvy\u0161ujete svou pohodu. <\/p><p>Na\u0161e cesta za\u010dala s jednoduch\u00fdm p\u0159esv\u011bd\u010den\u00edm: \u017ee p\u0159\u00edroda dr\u017e\u00ed kl\u00ed\u010d k odem\u010den\u00ed na\u0161eho skute\u010dn\u00e9ho potenci\u00e1lu. S t\u00edmto \u00e9tosem v j\u00e1dru prohled\u00e1v\u00e1me po cel\u00e9m sv\u011bt\u011b ty nej\u010dist\u0161\u00ed a nej\u00fa\u010dinn\u011bj\u0161\u00ed rostlinn\u00e9 v\u00fdta\u017eky a ingredience a vyu\u017e\u00edv\u00e1me jejich s\u00edlu k vytv\u00e1\u0159en\u00ed dopl\u0148k\u016f stravy, kter\u00e9 inspiruj\u00ed a posiluj\u00ed. <\/p><p>Herbavitality je ale v\u00edc ne\u017e jen spole\u010dnost; jsme komunita spojen\u00e1 spole\u010dnou v\u00e1\u0161n\u00ed pro zdrav\u00ed a vitalitu. Spole\u010dn\u011b vyu\u017e\u00edv\u00e1me transforma\u010dn\u00ed s\u00edlu p\u0159\u00edrodn\u00edch l\u00e9\u010div a vz\u00e1jemn\u011b se podporujeme na na\u0161\u00ed cest\u011b k pohod\u011b a vitalit\u011b. <\/p><p>P\u0159idejte se k n\u00e1m na t\u00e9to cest\u011b k pohod\u011b a vitalit\u011b. Nechte Herbavitality b\u00fdt va\u0161\u00edm d\u016fv\u011bryhodn\u00fdm partnerem v oblasti zdrav\u00ed, kter\u00fd v\u00e1s povede k \u017eivotu napln\u011bn\u00e9mu energi\u00ed, vitalitou a pohodou. Spole\u010dn\u011b p\u0159ijmeme s\u00edlu p\u0159\u00edrody a uvoln\u00edme pln\u00fd potenci\u00e1l na\u0161eho t\u011bla i mysli.  <\/p>\n\t\t\t\t\t<\/div>\n\t\t\t\t\t\t<\/div>\n\t\t\t\t<\/div>\n\t\t\t\t<section class=\"wd-negative-gap elementor-section elementor-inner-section elementor-element elementor-element-e1d4d33 elementor-section-boxed elementor-section-height-default elementor-section-height-default\" data-id=\"e1d4d33\" data-element_type=\"section\" data-e-type=\"section\">\n\t\t\t\t\t\t<div class=\"elementor-container elementor-column-gap-extended\">\n\t\t\t\t\t<div class=\"elementor-column elementor-col-50 elementor-inner-column elementor-element elementor-element-27ddf2aa\" data-id=\"27ddf2aa\" data-element_type=\"column\" data-e-type=\"column\">\n\t\t\t<div class=\"elementor-widget-wrap elementor-element-populated\">\n\t\t\t\t\t\t<div class=\"elementor-element elementor-element-4c21f00c elementor-widget elementor-widget-wd_infobox\" data-id=\"4c21f00c\" data-element_type=\"widget\" data-e-type=\"widget\" data-widget_type=\"wd_infobox.default\">\n\t\t\t\t<div class=\"elementor-widget-container\">\n\t\t\t\t\t\t\t<div class=\"info-box-wrapper\">\n\t\t\t<div class=\"wd-info-box text-left box-icon-align-left box-style-base color-scheme- wd-items-top\">\n\t\t\t\t\t\t\t\t\t<div class=\"box-icon-wrapper  box-with-icon box-icon-simple\">\n\t\t\t\t\t\t<div class=\"info-box-icon\">\n\t\t\t\t\t\t\t\t\t\t\t\t\t\t\t<img loading=\"lazy\" decoding=\"async\" width=\"40\" height=\"40\" src=\"https:\/\/herbavitality.com\/wp-content\/uploads\/2025\/11\/email-40x40.png\" class=\"attachment-40x40 size-40x40\" alt=\"\" srcset=\"https:\/\/herbavitality.com\/wp-content\/uploads\/2025\/11\/email-40x40.png 40w, https:\/\/herbavitality.com\/wp-content\/uploads\/2025\/11\/email-430x430.png 430w, https:\/\/herbavitality.com\/wp-content\/uploads\/2025\/11\/email-150x150.png 150w, https:\/\/herbavitality.com\/wp-content\/uploads\/2025\/11\/email-300x300.png 300w, https:\/\/herbavitality.com\/wp-content\/uploads\/2025\/11\/email.png 512w\" sizes=\"auto, (max-width: 40px) 100vw, 40px\" \/>\t\t\t\t\t\t\t\t\t\t\t\t\t<\/div>\n\t\t\t\t\t<\/div>\n\t\t\t\t\n\t\t\t\t<div class=\"info-box-content\">\n\t\t\t\t\t\n\t\t\t\t\t\t\t\t\t\t\t<h4\t\t\t\t\t\tclass=\"info-box-title title box-title-style-default wd-fontsize-s\" data-elementor-setting-key=\"title\">\n\t\t\t\t\t\t\t\tE-mail\t\t\t\t\t\t<\/h4>\n\t\t\t\t\t\n\t\t\t\t\t<div class=\"info-box-inner reset-last-child\"data-elementor-setting-key=\"content\"><div class=\"elementor-column elementor-col-25 elementor-inner-column elementor-element elementor-element-419baf59\" data-id=\"419baf59\" data-element_type=\"column\">\n<div class=\"elementor-widget-wrap elementor-element-populated\">\n<div class=\"elementor-element elementor-element-3d9a8c3c eael-infobox-shape-square eael-infobox-hover-img-shape-square elementor-widget elementor-widget-eael-info-box\" data-id=\"3d9a8c3c\" data-element_type=\"widget\" data-settings=\"{\"_animation\":\"none\",\"_animation_delay\":400}\" data-widget_type=\"eael-info-box.default\">\n<div class=\"elementor-widget-container\">\n<div class=\"eael-infobox icon-on-left\">\n<div class=\"infobox-content\">\n<div>\n<p>sales@herbavitality.com<\/p>\n<\/div>\n<\/div>\n<\/div>\n<\/div>\n<\/div>\n<\/div>\n<\/div>\n<\/div>\n\n\t\t\t\t\t\t\t\t\t<\/div>\n\n\t\t\t\t\t\t\t<\/div>\n\t\t<\/div>\n\t\t\t\t\t\t<\/div>\n\t\t\t\t<\/div>\n\t\t\t\t<div class=\"elementor-element elementor-element-f0e949d elementor-widget elementor-widget-wd_infobox\" data-id=\"f0e949d\" data-element_type=\"widget\" data-e-type=\"widget\" data-widget_type=\"wd_infobox.default\">\n\t\t\t\t<div class=\"elementor-widget-container\">\n\t\t\t\t\t\t\t<div class=\"info-box-wrapper\">\n\t\t\t<div class=\"wd-info-box text-left box-icon-align-left box-style-base color-scheme- wd-items-top\">\n\t\t\t\t\t\t\t\t\t<div class=\"box-icon-wrapper  box-with-icon box-icon-simple\">\n\t\t\t\t\t\t<div class=\"info-box-icon\">\n\t\t\t\t\t\t\t\t\t\t\t\t\t\t\t<img loading=\"lazy\" decoding=\"async\" width=\"40\" height=\"40\" src=\"https:\/\/herbavitality.com\/wp-content\/uploads\/2025\/11\/placeholder-40x40.png\" class=\"attachment-40x40 size-40x40\" alt=\"\" srcset=\"https:\/\/herbavitality.com\/wp-content\/uploads\/2025\/11\/placeholder-40x40.png 40w, https:\/\/herbavitality.com\/wp-content\/uploads\/2025\/11\/placeholder-430x430.png 430w, https:\/\/herbavitality.com\/wp-content\/uploads\/2025\/11\/placeholder-150x150.png 150w, https:\/\/herbavitality.com\/wp-content\/uploads\/2025\/11\/placeholder-300x300.png 300w, https:\/\/herbavitality.com\/wp-content\/uploads\/2025\/11\/placeholder.png 512w\" sizes=\"auto, (max-width: 40px) 100vw, 40px\" \/>\t\t\t\t\t\t\t\t\t\t\t\t\t<\/div>\n\t\t\t\t\t<\/div>\n\t\t\t\t\n\t\t\t\t<div class=\"info-box-content\">\n\t\t\t\t\t\n\t\t\t\t\t\t\t\t\t\t\t<h4\t\t\t\t\t\tclass=\"info-box-title title box-title-style-default wd-fontsize-s\" data-elementor-setting-key=\"title\">\n\t\t\t\t\t\t\t\tKancel\u00e1\u0159 USA\t\t\t\t\t\t<\/h4>\n\t\t\t\t\t\n\t\t\t\t\t<div class=\"info-box-inner reset-last-child\"data-elementor-setting-key=\"content\"><p>800 W Olympic Blvd, Suite 406, Los Angeles, CA<\/p>\n<\/div>\n\n\t\t\t\t\t\t\t\t\t<\/div>\n\n\t\t\t\t\t\t\t<\/div>\n\t\t<\/div>\n\t\t\t\t\t\t<\/div>\n\t\t\t\t<\/div>\n\t\t\t\t\t<\/div>\n\t\t<\/div>\n\t\t\t\t<div class=\"elementor-column elementor-col-50 elementor-top-column elementor-element elementor-element-76bf3864\" data-id=\"76bf3864\" data-element_type=\"column\" data-e-type=\"column\">\n\t\t\t<div class=\"elementor-widget-wrap elementor-element-populated\">\n\t\t\t\t\t\t<div class=\"elementor-element elementor-element-76cb83f8 elementor-widget elementor-widget-wd_infobox\" data-id=\"76cb83f8\" data-element_type=\"widget\" data-e-type=\"widget\" data-widget_type=\"wd_infobox.default\">\n\t\t\t\t<div class=\"elementor-widget-container\">\n\t\t\t\t\t\t\t<div class=\"info-box-wrapper\">\n\t\t\t<div class=\"wd-info-box text-left box-icon-align-left box-style-base color-scheme- wd-items-top\">\n\t\t\t\t\t\t\t\t\t<div class=\"box-icon-wrapper  box-with-icon box-icon-simple\">\n\t\t\t\t\t\t<div class=\"info-box-icon\">\n\t\t\t\t\t\t\t\t\t\t\t\t\t\t\t<div class=\"info-svg-wrapper\" style=\"width:40px; height:40px;\"><img decoding=\"async\"  src=\"https:\/\/herbavitality.com\/wp-content\/uploads\/2025\/11\/w-map-placeholder.svg\" title=\"w-map-placeholder.svg\" loading=\"lazy\" width=\"40\" height=\"40\"><\/div>\t\t\t\t\t\t\t\t\t\t\t\t\t<\/div>\n\t\t\t\t\t<\/div>\n\t\t\t\t\n\t\t\t\t<div class=\"info-box-content\">\n\t\t\t\t\t\n\t\t\t\t\t\t\t\t\t\t\t<h4\t\t\t\t\t\tclass=\"info-box-title title box-title-style-default wd-fontsize-s\" data-elementor-setting-key=\"title\">\n\t\t\t\t\t\t\t\t\u00da\u0159ad pro Evropu\t\t\t\t\t\t<\/h4>\n\t\t\t\t\t\n\t\t\t\t\t<div class=\"info-box-inner reset-last-child\"data-elementor-setting-key=\"content\"><p>1 Harefield Rd, Uxbridge UB8 1EX, Spojen\u00e9 kr\u00e1lovstv\u00ed<\/p>\n<\/div>\n\n\t\t\t\t\t\t\t\t\t<\/div>\n\n\t\t\t\t\t\t\t<\/div>\n\t\t<\/div>\n\t\t\t\t\t\t<\/div>\n\t\t\t\t<\/div>\n\t\t\t\t<div class=\"elementor-element elementor-element-c1308b7 elementor-widget elementor-widget-wd_infobox\" data-id=\"c1308b7\" data-element_type=\"widget\" data-e-type=\"widget\" data-widget_type=\"wd_infobox.default\">\n\t\t\t\t<div class=\"elementor-widget-container\">\n\t\t\t\t\t\t\t<div class=\"info-box-wrapper\">\n\t\t\t<div class=\"wd-info-box text-left box-icon-align-left box-style-base color-scheme- wd-items-top\">\n\t\t\t\t\t\t\t\t\t<div class=\"box-icon-wrapper  box-with-icon box-icon-simple\">\n\t\t\t\t\t\t<div class=\"info-box-icon\">\n\t\t\t\t\t\t\t\t\t\t\t\t\t\t\t<div class=\"info-svg-wrapper\" style=\"width:40px; height:40px;\"><img decoding=\"async\"  src=\"https:\/\/herbavitality.com\/wp-content\/uploads\/2025\/11\/w-map-placeholder.svg\" title=\"w-map-placeholder.svg\" loading=\"lazy\" width=\"40\" height=\"40\"><\/div>\t\t\t\t\t\t\t\t\t\t\t\t\t<\/div>\n\t\t\t\t\t<\/div>\n\t\t\t\t\n\t\t\t\t<div class=\"info-box-content\">\n\t\t\t\t\t\n\t\t\t\t\t\t\t\t\t\t\t<h4\t\t\t\t\t\tclass=\"info-box-title title box-title-style-default wd-fontsize-s\" data-elementor-setting-key=\"title\">\n\t\t\t\t\t\t\t\tKancel\u00e1\u0159 BG\t\t\t\t\t\t<\/h4>\n\t\t\t\t\t\n\t\t\t\t\t<div class=\"info-box-inner reset-last-child\"data-elementor-setting-key=\"content\"><p>Bulharsko, Gabrovo, Vedrina N3 str.<\/p>\n<\/div>\n\n\t\t\t\t\t\t\t\t\t<\/div>\n\n\t\t\t\t\t\t\t<\/div>\n\t\t<\/div>\n\t\t\t\t\t\t<\/div>\n\t\t\t\t<\/div>\n\t\t\t\t\t<\/div>\n\t\t<\/div>\n\t\t\t\t\t<\/div>\n\t\t<\/section>\n\t\t\t\t\t<\/div>\n\t\t<\/div>\n\t\t\t\t\t<\/div>\n\t\t<\/section>\n\t\t\t\t<\/div>\n\t\t","protected":false},"excerpt":{"rendered":"<p>PO\u0160LETE N\u00c1M E-MAIL Your Name Your Email Phone Number Your Message CONTACT US Na\u0161i zam\u011bstnanci se v\u011bnuj\u00ed poskytov\u00e1n\u00ed vysoce kvalitn\u00edch<\/p>\n","protected":false},"author":1,"featured_media":0,"parent":0,"menu_order":0,"comment_status":"closed","ping_status":"closed","template":"","meta":{"footnotes":""},"class_list":["post-34056","page","type-page","status-publish","hentry"],"_links":{"self":[{"href":"https:\/\/herbavitality.com\/cs\/wp-json\/wp\/v2\/pages\/34056","targetHints":{"allow":["GET"]}}],"collection":[{"href":"https:\/\/herbavitality.com\/cs\/wp-json\/wp\/v2\/pages"}],"about":[{"href":"https:\/\/herbavitality.com\/cs\/wp-json\/wp\/v2\/types\/page"}],"author":[{"embeddable":true,"href":"https:\/\/herbavitality.com\/cs\/wp-json\/wp\/v2\/users\/1"}],"replies":[{"embeddable":true,"href":"https:\/\/herbavitality.com\/cs\/wp-json\/wp\/v2\/comments?post=34056"}],"version-history":[{"count":1,"href":"https:\/\/herbavitality.com\/cs\/wp-json\/wp\/v2\/pages\/34056\/revisions"}],"predecessor-version":[{"id":34057,"href":"https:\/\/herbavitality.com\/cs\/wp-json\/wp\/v2\/pages\/34056\/revisions\/34057"}],"wp:attachment":[{"href":"https:\/\/herbavitality.com\/cs\/wp-json\/wp\/v2\/media?parent=34056"}],"curies":[{"name":"wp","href":"https:\/\/api.w.org\/{rel}","templated":true}]}}