{"id":34040,"date":"2025-11-02T15:00:59","date_gmt":"2025-11-02T15:00:59","guid":{"rendered":"https:\/\/herbavitality.com\/souhlas-se-soubory-cookie\/"},"modified":"2025-11-12T19:26:47","modified_gmt":"2025-11-12T19:26:47","slug":"souhlas-se-soubory-cookie","status":"publish","type":"page","link":"https:\/\/herbavitality.com\/cs\/souhlas-se-soubory-cookie\/","title":{"rendered":"Souhlas se soubory cookie"},"content":{"rendered":"\n<p>V\u00edtejte na Herbavitality.com. Stejn\u011b jako v\u011bt\u0161ina webov\u00fdch str\u00e1nek pou\u017e\u00edv\u00e1me soubory cookie ke zlep\u0161en\u00ed va\u0161eho z\u00e1\u017eitku z prohl\u00ed\u017een\u00ed a poskytov\u00e1n\u00ed personalizovan\u00e9ho obsahu. Pokra\u010dov\u00e1n\u00edm v pou\u017e\u00edv\u00e1n\u00ed na\u0161ich webov\u00fdch str\u00e1nek souhlas\u00edte s pou\u017e\u00edv\u00e1n\u00edm soubor\u016f cookie v souladu s t\u011bmito Z\u00e1sadami pou\u017e\u00edv\u00e1n\u00ed soubor\u016f cookie.  <\/p>\n\n<p><strong>Co jsou cookies?<\/strong><\/p>\n\n<p>Soubory cookie jsou mal\u00e9 textov\u00e9 soubory, kter\u00e9 se ukl\u00e1daj\u00ed do va\u0161eho za\u0159\u00edzen\u00ed p\u0159i n\u00e1v\u0161t\u011bv\u011b webov\u00fdch str\u00e1nek. Jsou \u0161iroce pou\u017e\u00edv\u00e1ny k zefektivn\u011bn\u00ed fungov\u00e1n\u00ed webov\u00fdch str\u00e1nek a tak\u00e9 k poskytov\u00e1n\u00ed informac\u00ed jejich vlastn\u00edk\u016fm. <\/p>\n\n<p><strong>Jak pou\u017e\u00edv\u00e1me soubory cookie?<\/strong><\/p>\n\n<p>Soubory cookie pou\u017e\u00edv\u00e1me k r\u016fzn\u00fdm \u00fa\u010del\u016fm, v\u010detn\u011b:<\/p>\n\n<ul class=\"wp-block-list\">\n<li><strong>Z\u00e1kladn\u00ed soubory cookie:<\/strong> Tyto soubory cookie jsou nezbytn\u00e9 pro spr\u00e1vn\u00e9 fungov\u00e1n\u00ed webov\u00fdch str\u00e1nek. Umo\u017e\u0148uj\u00ed z\u00e1kladn\u00ed funkce, jako je zabezpe\u010den\u00ed, spr\u00e1va s\u00edt\u011b a p\u0159\u00edstupnost. <\/li>\n\n\n\n<li><strong>Analytick\u00e9 soubory cookie:<\/strong> Tyto soubory cookie n\u00e1m pom\u00e1haj\u00ed pochopit, jak n\u00e1v\u0161t\u011bvn\u00edci interaguj\u00ed s na\u0161imi webov\u00fdmi str\u00e1nkami, a to anonymn\u00edm shroma\u017e\u010fov\u00e1n\u00edm a hl\u00e1\u0161en\u00edm informac\u00ed. To n\u00e1m pom\u00e1h\u00e1 vylep\u0161ovat na\u0161e webov\u00e9 str\u00e1nky a p\u0159izp\u016fsobovat je va\u0161im pot\u0159eb\u00e1m. <\/li>\n\n\n\n<li><strong>Marketingov\u00e9 soubory cookie:<\/strong> Tyto soubory cookie se pou\u017e\u00edvaj\u00ed ke sledov\u00e1n\u00ed n\u00e1v\u0161t\u011bvn\u00edk\u016f na webov\u00fdch str\u00e1nk\u00e1ch. Jejich \u00fa\u010delem je zobrazovat reklamy, kter\u00e9 jsou pro jednotliv\u00e9ho u\u017eivatele relevantn\u00ed a poutav\u00e9. <\/li>\n<\/ul>\n\n<p><strong>Va\u0161e volby t\u00fdkaj\u00edc\u00ed se soubor\u016f cookie<\/strong><\/p>\n\n<p>Soubory cookie m\u016f\u017eete spravovat a\/nebo mazat dle libosti. M\u016f\u017eete smazat v\u0161echny soubory cookie, kter\u00e9 jsou ji\u017e ve va\u0161em za\u0159\u00edzen\u00ed ulo\u017eeny, a v\u011bt\u0161inu prohl\u00ed\u017ee\u010d\u016f m\u016f\u017eete nastavit tak, aby jejich ukl\u00e1d\u00e1n\u00ed zabra\u0148ovaly. Pokud tak v\u0161ak u\u010din\u00edte, budete mo\u017en\u00e1 muset n\u011bkter\u00e9 preference ru\u010dn\u011b upravovat p\u0159i ka\u017ed\u00e9 n\u00e1v\u0161t\u011bv\u011b webu a n\u011bkter\u00e9 slu\u017eby a funkce nemus\u00ed fungovat.  <\/p>\n\n<p><strong>Zm\u011bny t\u011bchto Z\u00e1sad pou\u017e\u00edv\u00e1n\u00ed soubor\u016f cookie<\/strong><\/p>\n\n<p>Na\u0161e Z\u00e1sady pou\u017e\u00edv\u00e1n\u00ed soubor\u016f cookie m\u016f\u017eeme \u010das od \u010dasu aktualizovat. O v\u0161ech zm\u011bn\u00e1ch v\u00e1s budeme informovat zve\u0159ejn\u011bn\u00edm nov\u00fdch Z\u00e1sad pou\u017e\u00edv\u00e1n\u00ed soubor\u016f cookie na t\u00e9to str\u00e1nce. <\/p>\n\n<p><strong>Kontaktujte n\u00e1s<\/strong><\/p>\n\n<p>Pokud m\u00e1te jak\u00e9koli dotazy ohledn\u011b na\u0161eho pou\u017e\u00edv\u00e1n\u00ed soubor\u016f cookie, kontaktujte n\u00e1s pros\u00edm na adrese sales@herbavitality.com.<\/p>\n\n<p>Pou\u017e\u00edv\u00e1n\u00edm na\u0161ich webov\u00fdch str\u00e1nek souhlas\u00edte s pou\u017e\u00edv\u00e1n\u00edm soubor\u016f cookie, jak je uvedeno v t\u011bchto Z\u00e1sad\u00e1ch pou\u017e\u00edv\u00e1n\u00ed soubor\u016f cookie.<\/p>\n","protected":false},"excerpt":{"rendered":"<p>V\u00edtejte na Herbavitality.com. Stejn\u011b jako v\u011bt\u0161ina webov\u00fdch str\u00e1nek pou\u017e\u00edv\u00e1me soubory cookie ke zlep\u0161en\u00ed va\u0161eho z\u00e1\u017eitku z prohl\u00ed\u017een\u00ed a poskytov\u00e1n\u00ed personalizovan\u00e9ho<\/p>\n","protected":false},"author":1,"featured_media":0,"parent":0,"menu_order":0,"comment_status":"closed","ping_status":"closed","template":"","meta":{"footnotes":""},"class_list":["post-34040","page","type-page","status-publish","hentry"],"_links":{"self":[{"href":"https:\/\/herbavitality.com\/cs\/wp-json\/wp\/v2\/pages\/34040","targetHints":{"allow":["GET"]}}],"collection":[{"href":"https:\/\/herbavitality.com\/cs\/wp-json\/wp\/v2\/pages"}],"about":[{"href":"https:\/\/herbavitality.com\/cs\/wp-json\/wp\/v2\/types\/page"}],"author":[{"embeddable":true,"href":"https:\/\/herbavitality.com\/cs\/wp-json\/wp\/v2\/users\/1"}],"replies":[{"embeddable":true,"href":"https:\/\/herbavitality.com\/cs\/wp-json\/wp\/v2\/comments?post=34040"}],"version-history":[{"count":1,"href":"https:\/\/herbavitality.com\/cs\/wp-json\/wp\/v2\/pages\/34040\/revisions"}],"predecessor-version":[{"id":34041,"href":"https:\/\/herbavitality.com\/cs\/wp-json\/wp\/v2\/pages\/34040\/revisions\/34041"}],"wp:attachment":[{"href":"https:\/\/herbavitality.com\/cs\/wp-json\/wp\/v2\/media?parent=34040"}],"curies":[{"name":"wp","href":"https:\/\/api.w.org\/{rel}","templated":true}]}}