{"id":33934,"date":"2025-11-02T15:00:13","date_gmt":"2025-11-02T15:00:13","guid":{"rendered":"https:\/\/herbavitality.com\/zasady-vraceni-zbozi-a-vraceni-zbozi\/"},"modified":"2025-11-12T19:06:59","modified_gmt":"2025-11-12T19:06:59","slug":"zasady-vraceni-zbozi-a-vraceni-zbozi","status":"publish","type":"page","link":"https:\/\/herbavitality.com\/cs\/zasady-vraceni-zbozi-a-vraceni-zbozi\/","title":{"rendered":"Z\u00e1sady vr\u00e1cen\u00ed zbo\u017e\u00ed a vr\u00e1cen\u00ed zbo\u017e\u00ed"},"content":{"rendered":"\n<p>Reklamace na vr\u00e1cen\u00ed zbo\u017e\u00ed nebo zru\u0161en\u00ed objedn\u00e1vky se zas\u00edlaj\u00ed e-mailem na adresu: sales@herbavitality.com. V reklamaci z\u00e1kazn\u00edk uvede d\u016fvod reklamace. Vyhrazujeme si pr\u00e1vo reklamaci kupuj\u00edc\u00edho nep\u0159ijmout, pokud se d\u016fvody jeho\/jej\u00ed reklamace uk\u00e1\u017eou jako neopr\u00e1vn\u011bn\u00e9.   Vr\u00e1cen\u00fd produkt mus\u00ed b\u00fdt ve stejn\u00e9m stavu, v jak\u00e9m jste jej obdr\u017eeli (jako nov\u00fd), bez rozpe\u010det\u011bn\u00e9ho uzav\u0159en\u00ed nebo poru\u0161en\u00ed obalu t\u011bsn\u011b p\u0159ed prodejem, tedy v pln\u00e9m origin\u00e1ln\u00edm balen\u00ed. Pro p\u0159ijet\u00ed vr\u00e1cen\u00ed zbo\u017e\u00ed mus\u00edte uv\u00e9st \u010d\u00edslo objedn\u00e1vky osoby, kter\u00e1 produkt p\u016fvodn\u011b zakoupila a jej\u00ed\u017e \u00fadaje jsou uvedeny v k\u00f3du objedn\u00e1vky.<\/p>\n\n<h4 class=\"wp-block-heading\">Z\u00e1kazn\u00edk m\u00e1 pr\u00e1vo vr\u00e1tit zakoupen\u00fd produkt a po\u017e\u00e1dat o jeho v\u00fdm\u011bnu za jin\u00fd produkt nebo o vr\u00e1cen\u00ed pen\u011bz, a to ve dvou p\u0159\u00edpadech:<\/h4>\n\n<p>1. V p\u0159\u00edpad\u011b prok\u00e1zan\u00e9 viny na\u0161\u00ed spole\u010dnosti (obdr\u017een\u00ed nespr\u00e1vn\u00e9ho produktu nebo produktu s vadami kvality) by m\u011bl z\u00e1kazn\u00edk produkt vr\u00e1tit do (14) dn\u016f ode dne jeho obdr\u017een\u00ed, a to bez n\u00e1klad\u016f na dopravu.<\/p>\n\n<p>2. Pokud rozhodnut\u00ed z\u00e1kazn\u00edka vr\u00e1tit produkt nevyplynulo z \u017e\u00e1dn\u00e9ho z v\u00fd\u0161e uveden\u00fdch objektivn\u00edch d\u016fvod\u016f, spole\u010dnost si vyhrazuje pr\u00e1vo reklamaci nevyhov\u011bt. Pokud je reklamace uzn\u00e1na, m\u016f\u017ee z\u00e1kazn\u00edk produkt vr\u00e1tit do (14) dn\u016f od data doru\u010den\u00ed. V tomto p\u0159\u00edpad\u011b hrad\u00ed ve\u0161ker\u00e9 n\u00e1klady na dopravu, jako\u017e i jak\u00fdkoli rozd\u00edl v cen\u011b produkt\u016f, z\u00e1kazn\u00edk.  <\/p>\n\n<p>Ve v\u0161ech p\u0159\u00edpadech mus\u00ed b\u00fdt produkty v takov\u00e9m stavu, v jak\u00e9m je z\u00e1kazn\u00edk obdr\u017eel, kompletn\u00ed, nepo\u0161kozen\u00e9 a v origin\u00e1ln\u00edm balen\u00ed. Pokud nebudou vr\u00e1ceny do (14) dn\u016f, n\u00e1\u0161 obchod nen\u00ed povinen p\u0159ijmout \u017e\u00e1dnou n\u00e1hradu. <\/p>\n\n<p>Po spln\u011bn\u00ed Obchodn\u00edch podm\u00ednek a p\u0159ijet\u00ed vr\u00e1cen\u00ed produktu m\u00e1 z\u00e1kazn\u00edk n\u00e1rok bu\u010f na jin\u00fd produkt stejn\u00e9 hodnoty, nebo na vr\u00e1cen\u00ed pen\u011bz. Vr\u00e1cen\u00ed pen\u011bz z\u00e1kazn\u00edkovi bude provedeno do devades\u00e1ti (90) dn\u016f od data, kdy produkt obdr\u017e\u00edme. <\/p>\n\n<p>V p\u0159\u00edpad\u011b opakovan\u00fdch vr\u00e1cen\u00ed pen\u011bz nebo vr\u00e1cen\u00ed pen\u011bz v p\u0159\u00edpad\u011b, \u017ee na\u0161e spole\u010dnost dle vlastn\u00edho uv\u00e1\u017een\u00ed usoud\u00ed, \u017ee z\u00e1kazn\u00edk zneu\u017e\u00edv\u00e1 pr\u00e1va na vr\u00e1cen\u00ed zbo\u017e\u00ed nebo jedn\u00e1 ve zl\u00e9 v\u00ed\u0159e, je opr\u00e1vn\u011bna odm\u00edtnout vr\u00e1cen\u00ed produktu, a to i v p\u0159\u00edpad\u011b, \u017ee jsou tyto podm\u00ednky spln\u011bny.<\/p>\n\n<p>Tyto podm\u00ednky neovliv\u0148uj\u00ed \u017e\u00e1dn\u00e1 pr\u00e1va spot\u0159ebitel\u016f stanoven\u00e1 z\u00e1konem.<\/p>\n\n<p><\/p>\n","protected":false},"excerpt":{"rendered":"<p>Reklamace na vr\u00e1cen\u00ed zbo\u017e\u00ed nebo zru\u0161en\u00ed objedn\u00e1vky se zas\u00edlaj\u00ed e-mailem na adresu: sales@herbavitality.com. V reklamaci z\u00e1kazn\u00edk uvede d\u016fvod reklamace. Vyhrazujeme<\/p>\n","protected":false},"author":1,"featured_media":0,"parent":0,"menu_order":0,"comment_status":"closed","ping_status":"closed","template":"","meta":{"footnotes":""},"class_list":["post-33934","page","type-page","status-publish","hentry"],"_links":{"self":[{"href":"https:\/\/herbavitality.com\/cs\/wp-json\/wp\/v2\/pages\/33934","targetHints":{"allow":["GET"]}}],"collection":[{"href":"https:\/\/herbavitality.com\/cs\/wp-json\/wp\/v2\/pages"}],"about":[{"href":"https:\/\/herbavitality.com\/cs\/wp-json\/wp\/v2\/types\/page"}],"author":[{"embeddable":true,"href":"https:\/\/herbavitality.com\/cs\/wp-json\/wp\/v2\/users\/1"}],"replies":[{"embeddable":true,"href":"https:\/\/herbavitality.com\/cs\/wp-json\/wp\/v2\/comments?post=33934"}],"version-history":[{"count":1,"href":"https:\/\/herbavitality.com\/cs\/wp-json\/wp\/v2\/pages\/33934\/revisions"}],"predecessor-version":[{"id":33935,"href":"https:\/\/herbavitality.com\/cs\/wp-json\/wp\/v2\/pages\/33934\/revisions\/33935"}],"wp:attachment":[{"href":"https:\/\/herbavitality.com\/cs\/wp-json\/wp\/v2\/media?parent=33934"}],"curies":[{"name":"wp","href":"https:\/\/api.w.org\/{rel}","templated":true}]}}