{"id":33926,"date":"2025-10-31T16:22:12","date_gmt":"2025-10-31T16:22:12","guid":{"rendered":"https:\/\/herbavitality.com\/smluvni-podminky\/"},"modified":"2025-11-12T18:50:49","modified_gmt":"2025-11-12T18:50:49","slug":"smluvni-podminky","status":"publish","type":"page","link":"https:\/\/herbavitality.com\/cs\/smluvni-podminky\/","title":{"rendered":"Smluvn\u00ed podm\u00ednky"},"content":{"rendered":"\n<h2 class=\"wp-block-heading\"><strong>P\u0158ED POU\u017dIT\u00cdM T\u00c9TO STR\u00c1NKY SI POZORN\u011a P\u0158E\u010cT\u011aTE PODM\u00cdNKY<\/strong><\/h2>\n\n<p>P\u0159ed pou\u017eit\u00edm str\u00e1nek nebo slu\u017eeb dostupn\u00fdch na str\u00e1nk\u00e1ch si pros\u00edm pe\u010dliv\u011b p\u0159e\u010dt\u011bte tyto podm\u00ednky pou\u017e\u00edv\u00e1n\u00ed. N\u00e1v\u0161t\u011bvou nebo pou\u017e\u00edv\u00e1n\u00edm str\u00e1nek, p\u0159\u00edpadn\u011b proveden\u00edm n\u00e1kupu na str\u00e1nk\u00e1ch, potvrzujete sv\u016fj souhlas s podm\u00ednkami t\u011bchto str\u00e1nek. <\/p>\n\n<p>N\u00e1v\u0161t\u011bvou str\u00e1nek nebo prohl\u00ed\u017een\u00edm jak\u00e9hokoli obsahu na str\u00e1nk\u00e1ch a\/nebo proveden\u00edm n\u00e1kupu na str\u00e1nk\u00e1ch prohla\u0161ujete a zaru\u010dujete, \u017ee jste si tyto podm\u00ednky p\u0159e\u010detli, rozum\u00edte jim, m\u00e1te k tomu pr\u00e1vn\u00ed zp\u016fsobilost a t\u00edmto souhlas\u00edte s t\u00edm, \u017ee budete pr\u00e1vn\u011b v\u00e1z\u00e1ni. Pokud s t\u011bmito podm\u00ednkami nesouhlas\u00edte, pros\u00edm, str\u00e1nky nepou\u017e\u00edvejte. <\/p>\n\n<p>Tyto podm\u00ednky se vztahuj\u00ed na v\u0161echny produkty prod\u00e1van\u00e9 v\u00fdhradn\u011b prost\u0159ednictv\u00edm webov\u00fdch str\u00e1nek. Jak\u00e9koli odchylky od t\u011bchto podm\u00ednek budou potvrzeny. Jak\u00e9koli jin\u00e9 obchodn\u00ed podm\u00ednky jsou vylou\u010deny. Ka\u017ed\u00fd u\u017eivatel, kter\u00fd vstoup\u00ed do obchodu a vyu\u017e\u00edv\u00e1 slu\u017eby, souhlas\u00ed a zavazuje se dodr\u017eovat zde uveden\u00e9 podm\u00ednky bez v\u00fdjimky. Pokud n\u011bkdo s t\u011bmito podm\u00ednkami nesouhlas\u00ed, mus\u00ed se zdr\u017eet pou\u017e\u00edv\u00e1n\u00ed slu\u017eeb tohoto obchodu a jak\u00e9koli transakce s n\u00edm. Odesl\u00e1n\u00edm objedn\u00e1vky souhlas\u00edte s t\u011bmito obchodn\u00edmi podm\u00ednkami a v\u0161emi jejich ustanoven\u00edmi.     <\/p>\n\n<h4 class=\"wp-block-heading\"><strong>OBJEDN\u00c1VKY<\/strong><\/h4>\n\n<p>Objedn\u00e1vky mus\u00ed b\u00fdt p\u0159ijaty p\u0159es internet vypln\u011bn\u00edm p\u0159\u00edslu\u0161n\u00e9ho objedn\u00e1vkov\u00e9ho formul\u00e1\u0159e, kter\u00fd naleznete v internetov\u00e9m obchod\u011b. Va\u0161i objedn\u00e1vku p\u0159ijmeme v okam\u017eiku, kdy prost\u0159ednictv\u00edm objedn\u00e1vkov\u00e9ho formul\u00e1\u0159e ode\u0161lete sv\u00e9 dodac\u00ed \u00fadaje a po\u017eadovan\u00e9 mno\u017estv\u00ed. Podrobnosti o objedn\u00e1vce jsou k dispozici na obrazovce u\u017eivatele po dokon\u010den\u00ed objedn\u00e1vky.  <\/p>\n\n<h4 class=\"wp-block-heading\"><strong>CENY A AKCE<\/strong><\/h4>\n\n<p>V\u0161echny ceny uveden\u00e9 na webu jsou kone\u010dn\u00e9. V p\u0159\u00edpad\u011b prob\u00edhaj\u00edc\u00ed akce budou m\u00edt na\u0161i z\u00e1kazn\u00edci mo\u017enost z\u00edskat slevu z ceny produktu v akci. Ceny produkt\u016f se mohou zm\u011bnit bez p\u0159edchoz\u00edho upozorn\u011bn\u00ed. Kupuj\u00edc\u00edm bude \u00fa\u010dtov\u00e1na cena produktu aktu\u00e1ln\u00ed v dob\u011b n\u00e1kupu.   <\/p>\n\n<h4 class=\"wp-block-heading\"><strong>MISE \/ DOPRAVN\u00cd PODM\u00cdNKY<\/strong><\/h4>\n\n<p>Produkt lze zaslat kamkoli v r\u00e1mci zem\u011b. Produkty budou zasl\u00e1ny kur\u00fdrem na adresu, kterou jste uvedli v objedn\u00e1vkov\u00e9m formul\u00e1\u0159i. Zp\u016fsob platby je uveden v internetov\u00e9m obchod\u011b. V oblastech, kde nen\u00ed mo\u017en\u00e9 zaslat objedn\u00e1vku kur\u00fdrem, zaji\u0161\u0165uje doru\u010den\u00ed N\u00e1rodn\u00ed po\u0161tovn\u00ed slu\u017eba. Doprava bude prob\u00edhat denn\u011b, krom\u011b v\u00edkend\u016f a sv\u00e1tk\u016f.    <\/p>\n\n<h4 class=\"wp-block-heading\"><strong>N\u00c1HRADY<\/strong><\/h4>\n\n<p>Reklamace na vr\u00e1cen\u00ed zbo\u017e\u00ed nebo zru\u0161en\u00ed objedn\u00e1vky se zas\u00edlaj\u00ed e-mailem. V reklamaci z\u00e1kazn\u00edk uvede d\u016fvod reklamace. Vyhrazujeme si pr\u00e1vo reklamaci kupuj\u00edc\u00edho nep\u0159ijmout, pokud se d\u016fvody jeho reklamace shledaj\u00ed neopr\u00e1vn\u011bn\u00fdmi.  <\/p>\n\n<p>Vr\u00e1cen\u00fd produkt mus\u00ed b\u00fdt ve stejn\u00e9m stavu, v jak\u00e9m jste jej obdr\u017eeli (jako nov\u00fd), bez rozpe\u010det\u011bn\u00e9ho uzav\u0159en\u00ed nebo poru\u0161en\u00ed obalu t\u011bsn\u011b p\u0159ed prodejem, tedy v pln\u00e9m origin\u00e1ln\u00edm balen\u00ed.<\/p>\n\n<p>Pro p\u0159ijet\u00ed vr\u00e1cen\u00ed zbo\u017e\u00ed mus\u00edte uv\u00e9st \u010d\u00edslo objedn\u00e1vky osoby, kter\u00e1 produkt p\u016fvodn\u011b zakoupila a jej\u00ed\u017e \u00fadaje jsou uvedeny v k\u00f3du objedn\u00e1vky.<\/p>\n\n<p>Z\u00e1kazn\u00edk m\u00e1 pr\u00e1vo vr\u00e1tit zakoupen\u00fd produkt a po\u017e\u00e1dat o jeho v\u00fdm\u011bnu za jin\u00fd produkt nebo o vr\u00e1cen\u00ed pen\u011bz, a to ve dvou p\u0159\u00edpadech:<\/p>\n\n<p>1. V p\u0159\u00edpad\u011b prok\u00e1zan\u00e9 viny na\u0161\u00ed spole\u010dnosti (obdr\u017een\u00ed nespr\u00e1vn\u00e9ho produktu nebo produktu s vadami kvality) by m\u011bl z\u00e1kazn\u00edk produkt vr\u00e1tit do t\u0159iceti (30) dn\u016f ode dne jeho obdr\u017een\u00ed, a to bez n\u00e1klad\u016f na dopravu.<\/p>\n\n<p>2. Pokud rozhodnut\u00ed z\u00e1kazn\u00edka vr\u00e1tit produkt nevyplynulo z \u017e\u00e1dn\u00e9ho z v\u00fd\u0161e uveden\u00fdch objektivn\u00edch d\u016fvod\u016f, spole\u010dnost si vyhrazuje pr\u00e1vo reklamaci nevyhov\u011bt. Pokud je reklamace uzn\u00e1na, m\u016f\u017ee z\u00e1kazn\u00edk produkt vr\u00e1tit do t\u0159iceti (30) dn\u016f od data doru\u010den\u00ed. V tomto p\u0159\u00edpad\u011b hrad\u00ed ve\u0161ker\u00e9 n\u00e1klady na dopravu, jako\u017e i jak\u00fdkoli rozd\u00edl v cen\u011b produkt\u016f, z\u00e1kazn\u00edk.  <\/p>\n\n<p>Ve v\u0161ech p\u0159\u00edpadech mus\u00ed b\u00fdt produkty v takov\u00e9m stavu, v jak\u00e9m je z\u00e1kazn\u00edk obdr\u017eel, kompletn\u00ed, nepo\u0161kozen\u00e9 a v origin\u00e1ln\u00edm balen\u00ed. Pokud nebudou vr\u00e1ceny do t\u0159iceti (30) dn\u016f, n\u00e1\u0161 obchod nen\u00ed povinen p\u0159ijmout \u017e\u00e1dnou n\u00e1hradu. <\/p>\n\n<p>Po spln\u011bn\u00ed Obchodn\u00edch podm\u00ednek a p\u0159ijet\u00ed vr\u00e1cen\u00ed produktu m\u00e1 z\u00e1kazn\u00edk n\u00e1rok bu\u010f na jin\u00fd produkt stejn\u00e9 hodnoty, nebo na vr\u00e1cen\u00ed pen\u011bz. Vr\u00e1cen\u00ed pen\u011bz z\u00e1kazn\u00edkovi bude provedeno do devades\u00e1ti (90) dn\u016f od data, kdy produkt obdr\u017e\u00edme. <\/p>\n\n<p>V p\u0159\u00edpad\u011b opakovan\u00fdch vr\u00e1cen\u00ed pen\u011bz nebo vr\u00e1cen\u00ed pen\u011bz v p\u0159\u00edpad\u011b, \u017ee na\u0161e spole\u010dnost dle vlastn\u00edho uv\u00e1\u017een\u00ed usoud\u00ed, \u017ee z\u00e1kazn\u00edk zneu\u017e\u00edv\u00e1 pr\u00e1va na vr\u00e1cen\u00ed zbo\u017e\u00ed nebo jedn\u00e1 ve zl\u00e9 v\u00ed\u0159e, je opr\u00e1vn\u011bna odm\u00edtnout vr\u00e1cen\u00ed produktu, a to i v p\u0159\u00edpad\u011b, \u017ee jsou tyto podm\u00ednky spln\u011bny.<\/p>\n\n<p>Tyto podm\u00ednky neovliv\u0148uj\u00ed \u017e\u00e1dn\u00e1 pr\u00e1va spot\u0159ebitel\u016f stanoven\u00e1 z\u00e1konem.<\/p>\n\n<h4 class=\"wp-block-heading\"><strong>VA\u0160E POVINNOSTI JAKO KLIENTA<\/strong><\/h4>\n\n<p>Nesete odpov\u011bdnost za v\u00fdb\u011br produktu a jeho vhodnost pro va\u0161e \u00fa\u010dely. Z\u00e1kazn\u00edk nesm\u00ed po\u0161kozovat ani se pokou\u0161et po\u0161kodit integritu, bezpe\u010dnost a\/nebo dostupnost slu\u017eeb na\u0161\u00ed spole\u010dnosti. <\/p>\n\n<p>\u25cf Uve\u010fte platn\u00e9 jm\u00e9no, p\u0159\u00edjmen\u00ed, po\u0161tovn\u00ed adresu, telefonn\u00ed \u010d\u00edslo a e-mail.<\/p>\n\n<p>\u25cf Plat\u00edte cenu objednan\u00e9ho zbo\u017e\u00ed.<\/p>\n\n<p>\u25cf Bu\u010fte k dispozici, nebo m\u011bjte v dob\u011b doru\u010den\u00ed k dispozici sv\u00e9ho z\u00e1stupce.<\/p>\n\n<p>\u25cf Nevyr\u00e1b\u011bjte na zak\u00e1zku.<\/p>\n\n<p>\u25cf Nevym\u00fd\u0161lejte si recenze produkt\u016f ani neposkytujte \u017e\u00e1dn\u00e9 jin\u00e9 nepravdiv\u00e9 informace.<\/p>\n\n<h4 class=\"wp-block-heading\"><strong>TERMS AND CONDITIONS<\/strong><\/h4>\n\n<p>Spole\u010dnost si vyhrazuje pr\u00e1vo tyto obchodn\u00ed podm\u00ednky zm\u011bnit nebo aktualizovat, ale toto pr\u00e1vo neovliv\u0148uje st\u00e1vaj\u00edc\u00ed obchodn\u00ed podm\u00ednky, kter\u00e9 z\u00e1kazn\u00edk p\u0159ijal po proveden\u00ed objedn\u00e1vky. Zm\u011bna nebo obnoven\u00ed nabude \u00fa\u010dinnosti okam\u017eikem zve\u0159ejn\u011bn\u00ed textu jak\u00e9koli zm\u011bny. Pravideln\u011b pros\u00edm kontrolujte zm\u011bny v sekci obchodn\u00edch podm\u00ednek na t\u011bchto webov\u00fdch str\u00e1nk\u00e1ch.  <\/p>\n\n<h4 class=\"wp-block-heading\"><strong>ROZHODN\u00c9 PR\u00c1VO \u2013 JURISDIKCE<\/strong><\/h4>\n\n<p>Tato Smlouva se bude \u0159\u00eddit mezin\u00e1rodn\u00edm a vnitrost\u00e1tn\u00edm pr\u00e1vem, zejm\u00e9na z\u00e1kony, kter\u00e9 upravuj\u00ed ot\u00e1zky t\u00fdkaj\u00edc\u00ed se elektronick\u00e9ho obchodu, prodeje na d\u00e1lku a ochrany spot\u0159ebitele, a podl\u00e9h\u00e1 v\u00fdlu\u010dn\u00e9 jurisdikci soud\u016f v m\u00edst\u011b s\u00eddla na\u0161\u00ed spole\u010dnosti.<\/p>\n\n<h4 class=\"wp-block-heading\"><strong>PRODUKTY<\/strong><\/h4>\n\n<p>Produkty uveden\u00e9 na str\u00e1nk\u00e1ch obchodu jsou vysok\u00e9 kvality a spl\u0148uj\u00ed v\u0161echny po\u017eadovan\u00e9 specifikace. Jsou tak\u00e9 d\u016fkladn\u011b analyzov\u00e1ny z hlediska kvality a pou\u017eit\u00ed. Za jak\u00e9koli jin\u00e9 pou\u017eit\u00ed nebo aplikaci, ne\u017e pro kterou jsou navr\u017eeny a vyrobeny z na\u0161eho online obchodu, nese v\u00fdhradn\u00ed odpov\u011bdnost z\u00e1kazn\u00edk.  <\/p>\n\n<h4 class=\"wp-block-heading\"><strong>Z\u00c1SADY OCHRANY OSOBN\u00cdCH \u00daDAJ\u016e<\/strong><\/h4>\n\n<p>Osobn\u00ed \u00fadaje z\u00e1kazn\u00edk\u016f na\u0161ich webov\u00fdch str\u00e1nek z\u016fst\u00e1vaj\u00ed p\u0159\u00edsn\u011b d\u016fv\u011brn\u00e9 a pou\u017e\u00edvaj\u00ed se pouze k proveden\u00ed v\u00fd\u0161e uveden\u00fdch \u00fakon\u016f a pro informa\u010dn\u00ed \u00fa\u010dely. Poskytnut\u00edm sv\u00fdch osobn\u00edch \u00fadaj\u016f potvrzujete, \u017ee jste star\u0161\u00ed 18 let a souhlas\u00edte s jejich pou\u017eit\u00edm na\u0161\u00ed spole\u010dnost\u00ed. Va\u0161e osobn\u00ed \u00fadaje nebudou p\u0159ed\u00e1ny t\u0159et\u00edm stran\u00e1m, pokud to nebude vy\u017eadov\u00e1no z\u00e1konn\u00fdmi prost\u0159edky ze strany org\u00e1n\u016f \u010dinn\u00fdch v trestn\u00edm \u0159\u00edzen\u00ed.  <\/p>\n","protected":false},"excerpt":{"rendered":"<p>P\u0158ED POU\u017dIT\u00cdM T\u00c9TO STR\u00c1NKY SI POZORN\u011a P\u0158E\u010cT\u011aTE PODM\u00cdNKY P\u0159ed pou\u017eit\u00edm str\u00e1nek nebo slu\u017eeb dostupn\u00fdch na str\u00e1nk\u00e1ch si pros\u00edm pe\u010dliv\u011b p\u0159e\u010dt\u011bte<\/p>\n","protected":false},"author":1,"featured_media":0,"parent":0,"menu_order":0,"comment_status":"closed","ping_status":"open","template":"","meta":{"footnotes":""},"class_list":["post-33926","page","type-page","status-publish","hentry"],"_links":{"self":[{"href":"https:\/\/herbavitality.com\/cs\/wp-json\/wp\/v2\/pages\/33926","targetHints":{"allow":["GET"]}}],"collection":[{"href":"https:\/\/herbavitality.com\/cs\/wp-json\/wp\/v2\/pages"}],"about":[{"href":"https:\/\/herbavitality.com\/cs\/wp-json\/wp\/v2\/types\/page"}],"author":[{"embeddable":true,"href":"https:\/\/herbavitality.com\/cs\/wp-json\/wp\/v2\/users\/1"}],"replies":[{"embeddable":true,"href":"https:\/\/herbavitality.com\/cs\/wp-json\/wp\/v2\/comments?post=33926"}],"version-history":[{"count":1,"href":"https:\/\/herbavitality.com\/cs\/wp-json\/wp\/v2\/pages\/33926\/revisions"}],"predecessor-version":[{"id":33927,"href":"https:\/\/herbavitality.com\/cs\/wp-json\/wp\/v2\/pages\/33926\/revisions\/33927"}],"wp:attachment":[{"href":"https:\/\/herbavitality.com\/cs\/wp-json\/wp\/v2\/media?parent=33926"}],"curies":[{"name":"wp","href":"https:\/\/api.w.org\/{rel}","templated":true}]}}